{"id":5973,"date":"2020-09-04T06:13:44","date_gmt":"2020-09-04T05:13:44","guid":{"rendered":"https:\/\/www.dendorfer-herrmann.de\/?page_id=5973"},"modified":"2021-05-21T15:16:38","modified_gmt":"2021-05-21T14:16:38","slug":"marken-rallye-gratulation","status":"publish","type":"page","link":"https:\/\/www.dendorfer-herrmann.de\/herre\/dienstleistungen\/marken\/marken-rallye\/marken-rallye-gratulation\/","title":{"rendered":"Marken-Rallye: Gratulation"},"content":{"rendered":"<h1>Marken-Rallye<\/h1>\n<h2>Gratulation<\/h2>\n<h4>Geschafft! <\/h4>\n<div>\n<p>        <img decoding=\"async\" src=\"\/herre\/wp-content\/uploads\/sites\/8\/2020\/09\/cup.png\" alt=\"\"><\/p>\n<h3>Gratulation!<\/h3>\n<\/div>\n<div>\n<p>Mit dieser Rallye kennen Sie nun sehr h\u00e4ufige Pleiten, Pech und\u00a0Pannen. Drei f\u00fcr Ihre eigene Anmeldung wichtige Stolpersteine m\u00f6chten wir kurz wiederholen:<\/p>\n<\/div>\n<div>\n<p>        <img decoding=\"async\" src=\"\/herre\/wp-content\/uploads\/sites\/8\/2020\/09\/tree.png\" alt=\"\"><\/p>\n<h4>Absolute Eintragungshindernisse bringen die Anmeldung zu Fall<\/h4>\n<div>\n<p>Eine Panne, die gleich zu Beginn den Markenschutz verz\u00f6gert:\u00a0Das Markenamt pr\u00fcft, ob die gew\u00fcnschte Marke alle Voraussetzungen erf\u00fcllt, um \u00fcberhaupt\u00a0 eingetragen zu werden. Unter anderem wird Ihnen das Markenamt eine Eintragung f\u00fcr glatt beschreibende Begriffe als Wortmarke verweigern.<\/p>\n<p>Die durchschnittliche Dauer bis zur Eintragung einer Unionsmarke ist von Amts wegen\u00a0<strong>136 Tage*\u00a0<\/strong>(laut\u00a0Jahresbericht 2014, Harmonisierungsamt f\u00fcr den Binnenmarkt \u2013 HABM, heute\u00a0<span class=\"st\">Amt der Europ\u00e4ischen Union f\u00fcr geistiges Eigentum \u2013 EUIPO)<\/span>.<\/p>\n<p>Bedenken Sie, was eine Fehlentscheidung \u00fcber die Eintragungsf\u00e4higkeit Ihrer geplanten Marke f\u00fcr Ihr Gesch\u00e4ftsmodell bedeutet, wenn Probleme mit der Markenanmeldung erst einige Monate sp\u00e4ter zutage treten.<\/p>\n<\/div>\n<\/div>\n<div>\n<p>        <img decoding=\"async\" src=\"\/herre\/wp-content\/uploads\/sites\/8\/2020\/08\/crash.png\" alt=\"\"><\/p>\n<h4>Relative Eintragungshindernisse sorgen f\u00fcr Kollisionen<\/h4>\n<div>\n<p>Der Inhaber einer \u00e4lteren Marke kann mittels eines Markenwiderspruchsantrags oder eines L\u00f6schungsantrages gegen den Anmelder einer gleichen oder \u00e4hnlichen j\u00fcngeren Marke vorgehen.<\/p>\n<p>Laut Jahresbericht 2016 des\u00a0<span class=\"st\">Amtes der Europ\u00e4ischen Union f\u00fcr geistiges Eigentum (EUIPO)<\/span>\u00a0gab es etwa<strong>\u00a0135.000 Markenanmeldungen<\/strong>. Weiters gab es etwa\u00a0<strong>19.000 Widerspr\u00fcch<\/strong>e gegen ver\u00f6ffentlichte Unionsmarken. Somit sind etwa\u00a0<strong>14%\u00a0<\/strong>der Markenanmeldungen von Widerspr\u00fcchen betroffen.<\/p>\n<p>Hinzu kommen ca.<strong>\u00a02.000 L\u00f6schungsantr\u00e4ge<\/strong>\u00a0pro Jahr.<\/p>\n<p>Lassen Sie sich bei Unsicherheiten beraten.<\/p>\n<p>Quelle: Jahresbericht 2016, Amt der Europ\u00e4ischen Union f\u00fcr geistiges Eigentum \u2013 EUIPO<\/p>\n<\/div>\n<\/div>\n<div>\n<p>        <img decoding=\"async\" src=\"\/herre\/wp-content\/uploads\/sites\/8\/2020\/08\/cars.png\" alt=\"\"><\/p>\n<h4>Die geographische Reichweite wird untersch\u00e4tzt<\/h4>\n<div>\n<p>Es stehen Ihnen alle Tore offen! Die weitgehende Vernetzung unserer Welt bietet eine F\u00fclle von gesch\u00e4ftlichen Chancen. N\u00fctzen Sie alle M\u00f6glichkeiten und seien Sie gewappnet mit einer starken Marke.<\/p>\n<p>H\u00e4ufig wird es sinnvoll sein, nicht nur Ihre ausl\u00e4ndischen Absatzm\u00e4rkte abzudecken, sondern auch Schutz in den Herstellerl\u00e4ndern zu erlangen. Sonst kann es vorkommen, dass ein findiger Dritter beispielsweise in China entsprechenden Markenschutz erlangt und Ihnen die Ausfuhr Ihrer dort produzierten Waren untersagt. So ein Vorfall kann existenzgef\u00e4hrdende Folgen haben.<\/p>\n<\/div>\n<\/div>\n<p><!--more--><br \/>\n<!-- {\"name\":\"rallye auflosung\",\"type\":\"layout\",\"children\":[{\"type\":\"section\",\"props\":{\"style\":\"default\",\"width\":\"default\",\"vertical_align\":\"middle\",\"title_position\":\"top-left\",\"title_rotation\":\"left\",\"title_breakpoint\":\"xl\",\"image_position\":\"center-center\",\"padding_remove_top\":false,\"padding_remove_bottom\":false,\"padding\":\"xsmall\"},\"children\":[{\"type\":\"row\",\"children\":[{\"type\":\"column\",\"props\":{\"image_position\":\"center-center\",\"media_overlay_gradient\":\"\"},\"children\":[{\"type\":\"breadcrumbs\",\"props\":{\"show_home\":true,\"show_current\":false,\"home_text\":\"Home\"}}]}]}],\"modified\":\"2021-05-21T08:55:35.040Z\",\"name\":\"Breadcrumb\"},{\"type\":\"section\",\"props\":{\"style\":\"primary\",\"width\":\"default\",\"vertical_align\":\"middle\",\"title_position\":\"top-left\",\"title_rotation\":\"left\",\"title_breakpoint\":\"xl\",\"image_position\":\"center-center\",\"image\":\"wp-content\\\/uploads\\\/sites\\\/8\\\/marken-img-02.jpg\",\"image_size\":\"cover\",\"media_background\":\"#1D1D1D\",\"media_overlay\":\"rgba(22, 22, 22, 0.27)\",\"css\":\".el-section * {text-shadow:2px 2px 2px rgba(0,0,0,0.5);}\"},\"children\":[{\"type\":\"row\",\"children\":[{\"type\":\"column\",\"props\":{\"image_position\":\"center-center\",\"media_overlay_gradient\":\"\"},\"children\":[{\"type\":\"headline\",\"props\":{\"title_element\":\"h1\",\"content\":\"Marken-Rallye\",\"title_style\":\"heading-medium\",\"margin_remove_bottom\":true,\"title_decoration\":\"line\"}},{\"type\":\"headline\",\"props\":{\"title_element\":\"h2\",\"content\":\"Gratulation\",\"margin_remove_top\":true}}]}]}]},{\"type\":\"section\",\"props\":{\"style\":\"default\",\"width\":\"default\",\"vertical_align\":\"middle\",\"title_position\":\"top-left\",\"title_rotation\":\"left\",\"title_breakpoint\":\"xl\",\"image_position\":\"center-center\"},\"children\":[{\"type\":\"row\",\"children\":[{\"type\":\"column\",\"props\":{\"image_position\":\"center-center\",\"media_overlay_gradient\":\"\"},\"children\":[{\"type\":\"headline\",\"props\":{\"title_element\":\"h4\",\"content\":\"Geschafft! \",\"title_decoration\":\"bullet\",\"class\":\"bluebullet\"}}]}]}]},{\"type\":\"section\",\"props\":{\"style\":\"default\",\"width\":\"default\",\"vertical_align\":\"middle\",\"title_position\":\"top-left\",\"title_rotation\":\"left\",\"title_breakpoint\":\"xl\",\"image_position\":\"center-center\",\"class\":\"green\"},\"children\":[{\"type\":\"row\",\"children\":[{\"type\":\"column\",\"props\":{\"image_position\":\"center-center\",\"media_overlay_gradient\":\"\",\"width_medium\":\"\",\"vertical_align\":\"middle\"},\"children\":[{\"type\":\"panel\",\"props\":{\"link_text\":\"Read more\",\"title_hover_style\":\"reset\",\"title_element\":\"h3\",\"title_align\":\"top\",\"title_grid_width\":\"1-2\",\"title_grid_breakpoint\":\"m\",\"meta_style\":\"meta\",\"meta_align\":\"below-title\",\"meta_element\":\"div\",\"content_column_breakpoint\":\"m\",\"icon_width\":80,\"image_align\":\"left\",\"image_grid_width\":\"small\",\"image_grid_breakpoint\":\"m\",\"image_svg_color\":\"emphasis\",\"link_style\":\"default\",\"margin\":\"default\",\"title\":\"Gratulation!\",\"image\":\"wp-content\\\/uploads\\\/sites\\\/8\\\/2020\\\/09\\\/cup.png\",\"title_style\":\"heading-small\",\"icon\":\"\",\"icon_color\":\"warning\"}}]}]}]},{\"type\":\"section\",\"props\":{\"style\":\"default\",\"width\":\"default\",\"vertical_align\":\"middle\",\"title_position\":\"top-left\",\"title_rotation\":\"left\",\"title_breakpoint\":\"xl\",\"image_position\":\"center-center\"},\"children\":[{\"type\":\"row\",\"children\":[{\"type\":\"column\",\"props\":{\"image_position\":\"center-center\",\"media_overlay_gradient\":\"\"},\"children\":[{\"type\":\"text\",\"props\":{\"margin\":\"default\",\"column_breakpoint\":\"m\",\"content\":\"\n\n<p>Mit dieser Rallye kennen Sie nun sehr h\\u00e4ufige Pleiten, Pech und\\u00a0Pannen. Drei f\\u00fcr Ihre eigene Anmeldung wichtige Stolpersteine m\\u00f6chten wir kurz wiederholen:<\\\/p>\"}},{\"type\":\"panel\",\"props\":{\"link_text\":\"Read more\",\"title_hover_style\":\"reset\",\"title_element\":\"h4\",\"title_align\":\"top\",\"title_grid_width\":\"1-2\",\"title_grid_breakpoint\":\"m\",\"meta_style\":\"meta\",\"meta_align\":\"below-title\",\"meta_element\":\"div\",\"content_column_breakpoint\":\"m\",\"icon_width\":80,\"image_align\":\"left\",\"image_grid_width\":\"medium\",\"image_grid_breakpoint\":\"m\",\"image_svg_color\":\"emphasis\",\"link_style\":\"default\",\"margin\":\"large\",\"image\":\"wp-content\\\/uploads\\\/sites\\\/8\\\/2020\\\/09\\\/tree.png\",\"title\":\"Absolute Eintragungshindernisse bringen die Anmeldung zu Fall\",\"content\":\"\n\n<p>Eine Panne, die gleich zu Beginn den Markenschutz verz\\u00f6gert:\\u00a0Das Markenamt pr\\u00fcft, ob die gew\\u00fcnschte Marke alle Voraussetzungen erf\\u00fcllt, um \\u00fcberhaupt\\u00a0 eingetragen zu werden. Unter anderem wird Ihnen das Markenamt eine Eintragung f\\u00fcr glatt beschreibende Begriffe als Wortmarke verweigern.<\\\/p>\\n\n\n<p>Die durchschnittliche Dauer bis zur Eintragung einer Unionsmarke ist von Amts wegen\\u00a0<strong>136 Tage*\\u00a0<\\\/strong>(laut\\u00a0Jahresbericht 2014, Harmonisierungsamt f\\u00fcr den Binnenmarkt \\u2013 HABM, heute\\u00a0<span class=\\\"st\\\">Amt der Europ\\u00e4ischen Union f\\u00fcr geistiges Eigentum \\u2013 EUIPO)<\\\/span>.<\\\/p>\\n\n\n<p>Bedenken Sie, was eine Fehlentscheidung \\u00fcber die Eintragungsf\\u00e4higkeit Ihrer geplanten Marke f\\u00fcr Ihr Gesch\\u00e4ftsmodell bedeutet, wenn Probleme mit der Markenanmeldung erst einige Monate sp\\u00e4ter zutage treten.<\\\/p>\"}},{\"type\":\"panel\",\"props\":{\"link_text\":\"Read more\",\"title_hover_style\":\"reset\",\"title_element\":\"h4\",\"title_align\":\"top\",\"title_grid_width\":\"1-2\",\"title_grid_breakpoint\":\"m\",\"meta_style\":\"meta\",\"meta_align\":\"below-title\",\"meta_element\":\"div\",\"content_column_breakpoint\":\"m\",\"icon_width\":80,\"image_align\":\"left\",\"image_grid_width\":\"medium\",\"image_grid_breakpoint\":\"m\",\"image_svg_color\":\"emphasis\",\"link_style\":\"default\",\"margin\":\"large\",\"image\":\"wp-content\\\/uploads\\\/sites\\\/8\\\/2020\\\/08\\\/crash.png\",\"title\":\"Relative Eintragungshindernisse sorgen f\\u00fcr Kollisionen\",\"content\":\"\n\n<p>Der Inhaber einer \\u00e4lteren Marke kann mittels eines Markenwiderspruchsantrags oder eines L\\u00f6schungsantrages gegen den Anmelder einer gleichen oder \\u00e4hnlichen j\\u00fcngeren Marke vorgehen.<\\\/p>\\n\n\n<p>Laut Jahresbericht 2016 des\\u00a0<span class=\\\"st\\\">Amtes der Europ\\u00e4ischen Union f\\u00fcr geistiges Eigentum (EUIPO)<\\\/span>\\u00a0gab es etwa<strong>\\u00a0135.000 Markenanmeldungen<\\\/strong>. Weiters gab es etwa\\u00a0<strong>19.000 Widerspr\\u00fcch<\\\/strong>e gegen ver\\u00f6ffentlichte Unionsmarken. Somit sind etwa\\u00a0<strong>14%\\u00a0<\\\/strong>der Markenanmeldungen von Widerspr\\u00fcchen betroffen.<\\\/p>\\n\n\n<p>Hinzu kommen ca.<strong>\\u00a02.000 L\\u00f6schungsantr\\u00e4ge<\\\/strong>\\u00a0pro Jahr.<\\\/p>\\n\n\n<p>Lassen Sie sich bei Unsicherheiten beraten.<\\\/p>\\n\n\n<p>Quelle: Jahresbericht 2016, Amt der Europ\\u00e4ischen Union f\\u00fcr geistiges Eigentum \\u2013 EUIPO<\\\/p>\"}},{\"type\":\"panel\",\"props\":{\"link_text\":\"Read more\",\"title_hover_style\":\"reset\",\"title_element\":\"h4\",\"title_align\":\"top\",\"title_grid_width\":\"1-2\",\"title_grid_breakpoint\":\"m\",\"meta_style\":\"meta\",\"meta_align\":\"below-title\",\"meta_element\":\"div\",\"content_column_breakpoint\":\"m\",\"icon_width\":80,\"image_align\":\"left\",\"image_grid_width\":\"medium\",\"image_grid_breakpoint\":\"m\",\"image_svg_color\":\"emphasis\",\"link_style\":\"default\",\"margin\":\"large\",\"image\":\"wp-content\\\/uploads\\\/sites\\\/8\\\/2020\\\/08\\\/cars.png\",\"title\":\"Die geographische Reichweite wird untersch\\u00e4tzt\",\"content\":\"\n\n<p>Es stehen Ihnen alle Tore offen! Die weitgehende Vernetzung unserer Welt bietet eine F\\u00fclle von gesch\\u00e4ftlichen Chancen. N\\u00fctzen Sie alle M\\u00f6glichkeiten und seien Sie gewappnet mit einer starken Marke.<\\\/p>\\n\n\n<p>H\\u00e4ufig wird es sinnvoll sein, nicht nur Ihre ausl\\u00e4ndischen Absatzm\\u00e4rkte abzudecken, sondern auch Schutz in den Herstellerl\\u00e4ndern zu erlangen. Sonst kann es vorkommen, dass ein findiger Dritter beispielsweise in China entsprechenden Markenschutz erlangt und Ihnen die Ausfuhr Ihrer dort produzierten Waren untersagt. So ein Vorfall kann existenzgef\\u00e4hrdende Folgen haben.<\\\/p>\"}}]}]}]}],\"version\":\"2.4.14\"} --><\/p>\n","protected":false},"excerpt":{"rendered":"<p>Marken-Rallye Gratulation Geschafft! Gratulation! Mit dieser Rallye kennen Sie nun sehr h\u00e4ufige Pleiten, Pech und\u00a0Pannen. Drei f\u00fcr Ihre eigene Anmeldung wichtige Stolpersteine m\u00f6chten wir kurz wiederholen: Absolute Eintragungshindernisse bringen die Anmeldung zu Fall Eine Panne, die gleich zu Beginn den Markenschutz verz\u00f6gert:\u00a0Das Markenamt pr\u00fcft, ob die gew\u00fcnschte Marke alle Voraussetzungen erf\u00fcllt, um \u00fcberhaupt\u00a0 eingetragen zu [&hellip;]<\/p>\n","protected":false},"author":2,"featured_media":0,"parent":4599,"menu_order":6,"comment_status":"closed","ping_status":"closed","template":"","meta":{"footnotes":""},"class_list":["post-5973","page","type-page","status-publish","hentry"],"yoast_head":"<!-- This site is optimized with the Yoast SEO plugin v25.6 - https:\/\/yoast.com\/wordpress\/plugins\/seo\/ -->\n<title>Marken-Rallye: Gratulation - Patentanwalt Dipl.-Ing. Peter Herre<\/title>\n<meta name=\"robots\" content=\"index, follow, max-snippet:-1, max-image-preview:large, max-video-preview:-1\" \/>\n<link rel=\"canonical\" href=\"https:\/\/www.dendorfer-herrmann.de\/herre\/dienstleistungen\/marken\/marken-rallye\/marken-rallye-gratulation\/\" \/>\n<meta property=\"og:locale\" content=\"de_DE\" \/>\n<meta property=\"og:type\" content=\"article\" \/>\n<meta property=\"og:title\" content=\"Marken-Rallye: Gratulation - Patentanwalt Dipl.-Ing. Peter Herre\" \/>\n<meta property=\"og:description\" content=\"Marken-Rallye Gratulation Geschafft! Gratulation! Mit dieser Rallye kennen Sie nun sehr h\u00e4ufige Pleiten, Pech und\u00a0Pannen. Drei f\u00fcr Ihre eigene Anmeldung wichtige Stolpersteine m\u00f6chten wir kurz wiederholen: Absolute Eintragungshindernisse bringen die Anmeldung zu Fall Eine Panne, die gleich zu Beginn den Markenschutz verz\u00f6gert:\u00a0Das Markenamt pr\u00fcft, ob die gew\u00fcnschte Marke alle Voraussetzungen erf\u00fcllt, um \u00fcberhaupt\u00a0 eingetragen zu [&hellip;]\" \/>\n<meta property=\"og:url\" content=\"https:\/\/www.dendorfer-herrmann.de\/herre\/dienstleistungen\/marken\/marken-rallye\/marken-rallye-gratulation\" \/>\n<meta property=\"og:site_name\" content=\"Patentanwalt Dipl.-Ing. Peter Herre\" \/>\n<meta property=\"article:modified_time\" content=\"2021-05-21T14:16:38+00:00\" \/>\n<meta name=\"twitter:card\" content=\"summary_large_image\" \/>\n<meta name=\"twitter:label1\" content=\"Gesch\u00e4tzte Lesezeit\" \/>\n\t<meta name=\"twitter:data1\" content=\"2\u00a0Minuten\" \/>\n<script type=\"application\/ld+json\" class=\"yoast-schema-graph\">{\"@context\":\"https:\/\/schema.org\",\"@graph\":[{\"@type\":\"WebPage\",\"@id\":\"https:\/\/www.dendorfer-herrmann.de\/herre\/dienstleistungen\/marken\/marken-rallye\/marken-rallye-gratulation\/\",\"url\":\"https:\/\/www.dendorfer-herrmann.de\/herre\/dienstleistungen\/marken\/marken-rallye\/marken-rallye-gratulation\/\",\"name\":\"Marken-Rallye: Gratulation - Patentanwalt Dipl.-Ing. Peter Herre\",\"isPartOf\":{\"@id\":\"https:\/\/www.dendorfer-herrmann.de\/herre\/#website\"},\"datePublished\":\"2020-09-04T05:13:44+00:00\",\"dateModified\":\"2021-05-21T14:16:38+00:00\",\"breadcrumb\":{\"@id\":\"https:\/\/www.dendorfer-herrmann.de\/herre\/dienstleistungen\/marken\/marken-rallye\/marken-rallye-gratulation\/#breadcrumb\"},\"inLanguage\":\"de\",\"potentialAction\":[{\"@type\":\"ReadAction\",\"target\":[\"https:\/\/www.dendorfer-herrmann.de\/herre\/dienstleistungen\/marken\/marken-rallye\/marken-rallye-gratulation\/\"]}]},{\"@type\":\"BreadcrumbList\",\"@id\":\"https:\/\/www.dendorfer-herrmann.de\/herre\/dienstleistungen\/marken\/marken-rallye\/marken-rallye-gratulation\/#breadcrumb\",\"itemListElement\":[{\"@type\":\"ListItem\",\"position\":1,\"name\":\"Leistungen\",\"item\":\"https:\/\/www.dendorfer-herrmann.de\/herre\/dienstleistungen\/\"},{\"@type\":\"ListItem\",\"position\":2,\"name\":\"Leistungen\",\"item\":\"https:\/\/www.dendorfer-herrmann.de\/herre\/dienstleistungen\/\"},{\"@type\":\"ListItem\",\"position\":3,\"name\":\"Marken\",\"item\":\"https:\/\/www.dendorfer-herrmann.de\/herre\/dienstleistungen\/marken\/\"},{\"@type\":\"ListItem\",\"position\":4,\"name\":\"Marken-Rallye\",\"item\":\"https:\/\/www.dendorfer-herrmann.de\/herre\/dienstleistungen\/marken\/marken-rallye\/\"},{\"@type\":\"ListItem\",\"position\":5,\"name\":\"Marken-Rallye: Gratulation\"}]},{\"@type\":\"WebSite\",\"@id\":\"https:\/\/www.dendorfer-herrmann.de\/herre\/#website\",\"url\":\"https:\/\/www.dendorfer-herrmann.de\/herre\/\",\"name\":\"Patentanwalt Dipl.-Ing. Peter Herre\",\"description\":\"Patentanwalt Dipl.-Ing. Peter Herre\",\"potentialAction\":[{\"@type\":\"SearchAction\",\"target\":{\"@type\":\"EntryPoint\",\"urlTemplate\":\"https:\/\/www.dendorfer-herrmann.de\/herre\/?s={search_term_string}\"},\"query-input\":{\"@type\":\"PropertyValueSpecification\",\"valueRequired\":true,\"valueName\":\"search_term_string\"}}],\"inLanguage\":\"de\"}]}<\/script>\n<!-- \/ Yoast SEO plugin. -->","yoast_head_json":{"title":"Marken-Rallye: Gratulation - Patentanwalt Dipl.-Ing. Peter Herre","robots":{"index":"index","follow":"follow","max-snippet":"max-snippet:-1","max-image-preview":"max-image-preview:large","max-video-preview":"max-video-preview:-1"},"canonical":"https:\/\/www.dendorfer-herrmann.de\/herre\/dienstleistungen\/marken\/marken-rallye\/marken-rallye-gratulation\/","og_locale":"de_DE","og_type":"article","og_title":"Marken-Rallye: Gratulation - Patentanwalt Dipl.-Ing. Peter Herre","og_description":"Marken-Rallye Gratulation Geschafft! Gratulation! Mit dieser Rallye kennen Sie nun sehr h\u00e4ufige Pleiten, Pech und\u00a0Pannen. Drei f\u00fcr Ihre eigene Anmeldung wichtige Stolpersteine m\u00f6chten wir kurz wiederholen: Absolute Eintragungshindernisse bringen die Anmeldung zu Fall Eine Panne, die gleich zu Beginn den Markenschutz verz\u00f6gert:\u00a0Das Markenamt pr\u00fcft, ob die gew\u00fcnschte Marke alle Voraussetzungen erf\u00fcllt, um \u00fcberhaupt\u00a0 eingetragen zu [&hellip;]","og_url":"https:\/\/www.dendorfer-herrmann.de\/herre\/dienstleistungen\/marken\/marken-rallye\/marken-rallye-gratulation","og_site_name":"Patentanwalt Dipl.-Ing. Peter Herre","article_modified_time":"2021-05-21T14:16:38+00:00","twitter_card":"summary_large_image","twitter_misc":{"Gesch\u00e4tzte Lesezeit":"2\u00a0Minuten"},"schema":{"@context":"https:\/\/schema.org","@graph":[{"@type":"WebPage","@id":"https:\/\/www.dendorfer-herrmann.de\/herre\/dienstleistungen\/marken\/marken-rallye\/marken-rallye-gratulation\/","url":"https:\/\/www.dendorfer-herrmann.de\/herre\/dienstleistungen\/marken\/marken-rallye\/marken-rallye-gratulation\/","name":"Marken-Rallye: Gratulation - Patentanwalt Dipl.-Ing. Peter Herre","isPartOf":{"@id":"https:\/\/www.dendorfer-herrmann.de\/herre\/#website"},"datePublished":"2020-09-04T05:13:44+00:00","dateModified":"2021-05-21T14:16:38+00:00","breadcrumb":{"@id":"https:\/\/www.dendorfer-herrmann.de\/herre\/dienstleistungen\/marken\/marken-rallye\/marken-rallye-gratulation\/#breadcrumb"},"inLanguage":"de","potentialAction":[{"@type":"ReadAction","target":["https:\/\/www.dendorfer-herrmann.de\/herre\/dienstleistungen\/marken\/marken-rallye\/marken-rallye-gratulation\/"]}]},{"@type":"BreadcrumbList","@id":"https:\/\/www.dendorfer-herrmann.de\/herre\/dienstleistungen\/marken\/marken-rallye\/marken-rallye-gratulation\/#breadcrumb","itemListElement":[{"@type":"ListItem","position":1,"name":"Leistungen","item":"https:\/\/www.dendorfer-herrmann.de\/herre\/dienstleistungen\/"},{"@type":"ListItem","position":2,"name":"Leistungen","item":"https:\/\/www.dendorfer-herrmann.de\/herre\/dienstleistungen\/"},{"@type":"ListItem","position":3,"name":"Marken","item":"https:\/\/www.dendorfer-herrmann.de\/herre\/dienstleistungen\/marken\/"},{"@type":"ListItem","position":4,"name":"Marken-Rallye","item":"https:\/\/www.dendorfer-herrmann.de\/herre\/dienstleistungen\/marken\/marken-rallye\/"},{"@type":"ListItem","position":5,"name":"Marken-Rallye: Gratulation"}]},{"@type":"WebSite","@id":"https:\/\/www.dendorfer-herrmann.de\/herre\/#website","url":"https:\/\/www.dendorfer-herrmann.de\/herre\/","name":"Patentanwalt Dipl.-Ing. Peter Herre","description":"Patentanwalt Dipl.-Ing. Peter Herre","potentialAction":[{"@type":"SearchAction","target":{"@type":"EntryPoint","urlTemplate":"https:\/\/www.dendorfer-herrmann.de\/herre\/?s={search_term_string}"},"query-input":{"@type":"PropertyValueSpecification","valueRequired":true,"valueName":"search_term_string"}}],"inLanguage":"de"}]}},"_links":{"self":[{"href":"https:\/\/www.dendorfer-herrmann.de\/herre\/wp-json\/wp\/v2\/pages\/5973"}],"collection":[{"href":"https:\/\/www.dendorfer-herrmann.de\/herre\/wp-json\/wp\/v2\/pages"}],"about":[{"href":"https:\/\/www.dendorfer-herrmann.de\/herre\/wp-json\/wp\/v2\/types\/page"}],"author":[{"embeddable":true,"href":"https:\/\/www.dendorfer-herrmann.de\/herre\/wp-json\/wp\/v2\/users\/2"}],"replies":[{"embeddable":true,"href":"https:\/\/www.dendorfer-herrmann.de\/herre\/wp-json\/wp\/v2\/comments?post=5973"}],"version-history":[{"count":6,"href":"https:\/\/www.dendorfer-herrmann.de\/herre\/wp-json\/wp\/v2\/pages\/5973\/revisions"}],"predecessor-version":[{"id":27929,"href":"https:\/\/www.dendorfer-herrmann.de\/herre\/wp-json\/wp\/v2\/pages\/5973\/revisions\/27929"}],"up":[{"embeddable":true,"href":"https:\/\/www.dendorfer-herrmann.de\/herre\/wp-json\/wp\/v2\/pages\/4599"}],"wp:attachment":[{"href":"https:\/\/www.dendorfer-herrmann.de\/herre\/wp-json\/wp\/v2\/media?parent=5973"}],"curies":[{"name":"wp","href":"https:\/\/api.w.org\/{rel}","templated":true}]}}