{"id":5969,"date":"2020-09-04T06:08:42","date_gmt":"2020-09-04T05:08:42","guid":{"rendered":"https:\/\/www.dendorfer-herrmann.de\/?page_id=5969"},"modified":"2021-05-21T10:11:12","modified_gmt":"2021-05-21T09:11:12","slug":"red-bull-vs-pit-bull-aufloesung","status":"publish","type":"page","link":"https:\/\/www.dendorfer-herrmann.de\/herre\/dienstleistungen\/marken\/marken-rallye\/red-bull-vs-pit-bull\/red-bull-vs-pit-bull-aufloesung\/","title":{"rendered":"RED BULL vs. PIT BULL &#8211; Aufl\u00f6sung"},"content":{"rendered":"<h1>RED BULL vs. PIT BULL<\/h1>\n<h2>Aufl\u00f6sung zeigen<\/h2>\n<h4>K\u00f6nnen die beiden F\u00e4lle gegen den Hersteller, das bulgarische Unternehmen N., und gegen den Importeur, das Unternehmen G. mit Sitz in \u00d6sterreich, in einem gemeinsamen Verfahren behandelt werden?<\/p>\n<p>Ist daf\u00fcr das Handelsgericht Wien zust\u00e4ndig, und gilt das Urteil auch f\u00fcr das bulgarische Unternehmen N.?<\/p>\n<p>Liegt Ihrer Meinung nach \u00fcberhaupt eine Markenverletzung vor?<\/h4>\n<div>\n<p>        <img decoding=\"async\" src=\"\/herre\/wp-content\/uploads\/sites\/8\/2020\/08\/cars.png\" alt=\"\"><\/p>\n<h3>JA \u2013 Red Bull bekommt Recht<\/h3>\n<\/div>\n<div>\n<p>Der Klage auf Verletzung der Marke von Red Bull wurde stattgegeben. Der Oberste Gerichtshof in \u00d6sterreich hat folgenden Beschluss gefasst:<\/p>\n<p>Das Handelsgericht Wien hat richtig entschieden. Bei identischer Verletzung von Gemeinschaftsmarken (heute: Unionsmarken) durch mehrere Parteien sind <strong>\u00f6sterreichische Gerichte<\/strong> in einem gemeinsamen Verfahren zust\u00e4ndig, sofern sich zumindest f\u00fcr eine der verletzenden Parteien eine \u00f6sterreichische Gerichtszust\u00e4ndigkeit ergibt. Die Entscheidung des zust\u00e4ndigen \u00f6sterreichischen Gerichts entfaltet seine Wirkung in der gesamten Europ\u00e4ische Union und somit auch gegen\u00fcber dem bulgarischen Unternehmen N.<\/p>\n<p>Da beide beklagten Parteien in einer \u201e<strong>Verletzerkette<\/strong>\u201c gehandelt haben, sei eine gemeinsame Verhandlung in \u00d6sterreich geboten. Das Unternehmen N. hat den Energy Drink produziert und vertrieben, das Unternehmen G. hat ihn nach \u00d6sterreich importiert und dort verkauft. Die Red Bull GmbH hat daher das berechtigte Bed\u00fcrfnis, den Vertrieb eines markenverletzenden Produktes abzustellen.<\/p>\n<p>Wenn das Publikum die beiden Marken gedanklich miteinander in Verbindung bringt, kann es dadurch zu einer Rufausbeutung kommen. Pit Bull nutzt <strong>den hohen Bekanntheitsgrad<\/strong> von Red Bull aus, um das Interesse der Kunden auf seine Produkte zu lenken.<\/p>\n<p>Quelle: OGH, Beschluss vom 15.01.2013, 4 Ob 221\/12x<\/p>\n<\/div>\n<p>\n    <a href=\"https:\/\/www.dendorfer-herrmann.de\/herre\/dienstleistungen\/marken\/marken-rallye\/marken-rallye-gratulation\/\">Abschluss<\/a>\n<\/p>\n<p><!--more--><br \/>\n<!-- {\"name\":\"rallye auflosung\",\"type\":\"layout\",\"children\":[{\"type\":\"section\",\"props\":{\"style\":\"default\",\"width\":\"default\",\"vertical_align\":\"middle\",\"title_position\":\"top-left\",\"title_rotation\":\"left\",\"title_breakpoint\":\"xl\",\"image_position\":\"center-center\",\"padding_remove_top\":false,\"padding_remove_bottom\":false,\"padding\":\"xsmall\"},\"children\":[{\"type\":\"row\",\"children\":[{\"type\":\"column\",\"props\":{\"image_position\":\"center-center\",\"media_overlay_gradient\":\"\"},\"children\":[{\"type\":\"breadcrumbs\",\"props\":{\"show_home\":true,\"show_current\":false,\"home_text\":\"Home\"}}]}]}],\"modified\":\"2021-05-21T08:55:35.040Z\",\"name\":\"Breadcrumb\"},{\"type\":\"section\",\"props\":{\"style\":\"primary\",\"width\":\"default\",\"vertical_align\":\"middle\",\"title_position\":\"top-left\",\"title_rotation\":\"left\",\"title_breakpoint\":\"xl\",\"image_position\":\"center-center\",\"image\":\"wp-content\\\/uploads\\\/sites\\\/8\\\/marken-img-02.jpg\",\"image_size\":\"cover\",\"media_background\":\"#1D1D1D\",\"media_overlay\":\"rgba(22, 22, 22, 0.27)\",\"css\":\".el-section * {text-shadow:2px 2px 2px rgba(0,0,0,0.5);}\"},\"children\":[{\"type\":\"row\",\"children\":[{\"type\":\"column\",\"props\":{\"image_position\":\"center-center\",\"media_overlay_gradient\":\"\"},\"children\":[{\"type\":\"headline\",\"props\":{\"title_element\":\"h1\",\"content\":\"RED BULL vs. PIT BULL\",\"title_style\":\"heading-medium\",\"margin_remove_bottom\":true,\"title_decoration\":\"line\"}},{\"type\":\"headline\",\"props\":{\"title_element\":\"h2\",\"content\":\"Aufl\\u00f6sung zeigen\",\"margin_remove_top\":true}}]}]}]},{\"type\":\"section\",\"props\":{\"style\":\"default\",\"width\":\"default\",\"vertical_align\":\"middle\",\"title_position\":\"top-left\",\"title_rotation\":\"left\",\"title_breakpoint\":\"xl\",\"image_position\":\"center-center\"},\"children\":[{\"type\":\"row\",\"children\":[{\"type\":\"column\",\"props\":{\"image_position\":\"center-center\",\"media_overlay_gradient\":\"\"},\"children\":[{\"type\":\"headline\",\"props\":{\"title_element\":\"h4\",\"content\":\"K\\u00f6nnen die beiden F\\u00e4lle gegen den Hersteller, das bulgarische Unternehmen N., und gegen den Importeur, das Unternehmen G. mit Sitz in \\u00d6sterreich, in einem gemeinsamen Verfahren behandelt werden?<br \\\/><br \\\/>Ist daf\\u00fcr das Handelsgericht Wien zust\\u00e4ndig, und gilt das Urteil auch f\\u00fcr das bulgarische Unternehmen N.?<br \\\/><br \\\/>Liegt Ihrer Meinung nach \\u00fcberhaupt eine Markenverletzung vor?\",\"title_decoration\":\"bullet\",\"class\":\"bluebullet\"}}]}]}]},{\"type\":\"section\",\"props\":{\"style\":\"default\",\"width\":\"default\",\"vertical_align\":\"middle\",\"title_position\":\"top-left\",\"title_rotation\":\"left\",\"title_breakpoint\":\"xl\",\"image_position\":\"center-center\",\"class\":\"green\"},\"children\":[{\"type\":\"row\",\"children\":[{\"type\":\"column\",\"props\":{\"image_position\":\"center-center\",\"media_overlay_gradient\":\"\",\"width_medium\":\"\",\"vertical_align\":\"middle\"},\"children\":[{\"type\":\"panel\",\"props\":{\"link_text\":\"Read more\",\"title_hover_style\":\"reset\",\"title_element\":\"h3\",\"title_align\":\"top\",\"title_grid_width\":\"1-2\",\"title_grid_breakpoint\":\"m\",\"meta_style\":\"meta\",\"meta_align\":\"below-title\",\"meta_element\":\"div\",\"content_column_breakpoint\":\"m\",\"icon_width\":80,\"image_align\":\"left\",\"image_grid_width\":\"medium\",\"image_grid_breakpoint\":\"m\",\"image_svg_color\":\"emphasis\",\"link_style\":\"default\",\"margin\":\"default\",\"title\":\"JA \\u2013 Red Bull bekommt Recht\",\"image\":\"wp-content\\\/uploads\\\/sites\\\/8\\\/2020\\\/08\\\/cars.png\",\"title_style\":\"heading-small\"}}]}]}]},{\"type\":\"section\",\"props\":{\"style\":\"default\",\"width\":\"default\",\"vertical_align\":\"middle\",\"title_position\":\"top-left\",\"title_rotation\":\"left\",\"title_breakpoint\":\"xl\",\"image_position\":\"center-center\"},\"children\":[{\"type\":\"row\",\"children\":[{\"type\":\"column\",\"props\":{\"image_position\":\"center-center\",\"media_overlay_gradient\":\"\"},\"children\":[{\"type\":\"text\",\"props\":{\"margin\":\"default\",\"column_breakpoint\":\"m\",\"content\":\"\n\n<p>Der Klage auf Verletzung der Marke von Red Bull wurde stattgegeben. Der Oberste Gerichtshof in \\u00d6sterreich hat folgenden Beschluss gefasst:<\\\/p>\\n\n\n<p>Das Handelsgericht Wien hat richtig entschieden. Bei identischer Verletzung von Gemeinschaftsmarken (heute: Unionsmarken) durch mehrere Parteien sind <strong>\\u00f6sterreichische Gerichte<\\\/strong> in einem gemeinsamen Verfahren zust\\u00e4ndig, sofern sich zumindest f\\u00fcr eine der verletzenden Parteien eine \\u00f6sterreichische Gerichtszust\\u00e4ndigkeit ergibt. Die Entscheidung des zust\\u00e4ndigen \\u00f6sterreichischen Gerichts entfaltet seine Wirkung in der gesamten Europ\\u00e4ische Union und somit auch gegen\\u00fcber dem bulgarischen Unternehmen N.<\\\/p>\\n\n\n<p>Da beide beklagten Parteien in einer \\u201e<strong>Verletzerkette<\\\/strong>\\u201c gehandelt haben, sei eine gemeinsame Verhandlung in \\u00d6sterreich geboten. Das Unternehmen N. hat den Energy Drink produziert und vertrieben, das Unternehmen G. hat ihn nach \\u00d6sterreich importiert und dort verkauft. Die Red Bull GmbH hat daher das berechtigte Bed\\u00fcrfnis, den Vertrieb eines markenverletzenden Produktes abzustellen.<\\\/p>\\n\n\n<p>Wenn das Publikum die beiden Marken gedanklich miteinander in Verbindung bringt, kann es dadurch zu einer Rufausbeutung kommen. Pit Bull nutzt <strong>den hohen Bekanntheitsgrad<\\\/strong> von Red Bull aus, um das Interesse der Kunden auf seine Produkte zu lenken.<\\\/p>\\n\n\n<p>Quelle: OGH, Beschluss vom 15.01.2013, 4 Ob 221\\\/12x<\\\/p>\"}}]}]}]},{\"type\":\"section\",\"props\":{\"style\":\"default\",\"width\":\"default\",\"vertical_align\":\"middle\",\"title_position\":\"top-left\",\"title_rotation\":\"left\",\"title_breakpoint\":\"xl\",\"image_position\":\"center-center\"},\"children\":[{\"type\":\"row\",\"children\":[{\"type\":\"column\",\"props\":{\"image_position\":\"center-center\",\"media_overlay_gradient\":\"\"},\"children\":[{\"type\":\"button\",\"props\":{\"grid_column_gap\":\"small\",\"grid_row_gap\":\"small\",\"margin\":\"default\",\"class\":\"bluebutton\",\"button_size\":\"large\",\"text_align\":\"center\"},\"children\":[{\"type\":\"button_item\",\"props\":{\"button_style\":\"primary\",\"icon_align\":\"right\",\"content\":\"Abschluss\",\"icon\":\"triangle-right\",\"link\":\"dienstleistungen\\\/marken\\\/marken-rallye\\\/marken-rallye-gratulation\"}}]}]}]}]}],\"version\":\"2.4.14\"} --><\/p>\n","protected":false},"excerpt":{"rendered":"<p>RED BULL vs. PIT BULL Aufl\u00f6sung zeigen K\u00f6nnen die beiden F\u00e4lle gegen den Hersteller, das bulgarische Unternehmen N., und gegen den Importeur, das Unternehmen G. mit Sitz in \u00d6sterreich, in einem gemeinsamen Verfahren behandelt werden? Ist daf\u00fcr das Handelsgericht Wien zust\u00e4ndig, und gilt das Urteil auch f\u00fcr das bulgarische Unternehmen N.? Liegt Ihrer Meinung nach [&hellip;]<\/p>\n","protected":false},"author":2,"featured_media":0,"parent":5964,"menu_order":0,"comment_status":"closed","ping_status":"closed","template":"","meta":{"footnotes":""},"class_list":["post-5969","page","type-page","status-publish","hentry"],"yoast_head":"<!-- This site is optimized with the Yoast SEO plugin v25.6 - https:\/\/yoast.com\/wordpress\/plugins\/seo\/ -->\n<title>RED BULL vs. PIT BULL - Aufl\u00f6sung - Patentanwalt Dipl.-Ing. Peter Herre<\/title>\n<meta name=\"robots\" content=\"index, follow, max-snippet:-1, max-image-preview:large, max-video-preview:-1\" \/>\n<link rel=\"canonical\" href=\"https:\/\/www.dendorfer-herrmann.de\/herre\/dienstleistungen\/marken\/marken-rallye\/red-bull-vs-pit-bull\/red-bull-vs-pit-bull-aufloesung\/\" \/>\n<meta property=\"og:locale\" content=\"de_DE\" \/>\n<meta property=\"og:type\" content=\"article\" \/>\n<meta property=\"og:title\" content=\"RED BULL vs. PIT BULL - Aufl\u00f6sung - Patentanwalt Dipl.-Ing. Peter Herre\" \/>\n<meta property=\"og:description\" content=\"RED BULL vs. PIT BULL Aufl\u00f6sung zeigen K\u00f6nnen die beiden F\u00e4lle gegen den Hersteller, das bulgarische Unternehmen N., und gegen den Importeur, das Unternehmen G. mit Sitz in \u00d6sterreich, in einem gemeinsamen Verfahren behandelt werden? Ist daf\u00fcr das Handelsgericht Wien zust\u00e4ndig, und gilt das Urteil auch f\u00fcr das bulgarische Unternehmen N.? Liegt Ihrer Meinung nach [&hellip;]\" \/>\n<meta property=\"og:url\" content=\"https:\/\/www.dendorfer-herrmann.de\/herre\/dienstleistungen\/marken\/marken-rallye\/red-bull-vs-pit-bull\/red-bull-vs-pit-bull-aufloesung\" \/>\n<meta property=\"og:site_name\" content=\"Patentanwalt Dipl.-Ing. Peter Herre\" \/>\n<meta property=\"article:modified_time\" content=\"2021-05-21T09:11:12+00:00\" \/>\n<meta name=\"twitter:card\" content=\"summary_large_image\" \/>\n<meta name=\"twitter:label1\" content=\"Gesch\u00e4tzte Lesezeit\" \/>\n\t<meta name=\"twitter:data1\" content=\"1\u00a0Minute\" \/>\n<script type=\"application\/ld+json\" class=\"yoast-schema-graph\">{\"@context\":\"https:\/\/schema.org\",\"@graph\":[{\"@type\":\"WebPage\",\"@id\":\"https:\/\/www.dendorfer-herrmann.de\/herre\/dienstleistungen\/marken\/marken-rallye\/red-bull-vs-pit-bull\/red-bull-vs-pit-bull-aufloesung\/\",\"url\":\"https:\/\/www.dendorfer-herrmann.de\/herre\/dienstleistungen\/marken\/marken-rallye\/red-bull-vs-pit-bull\/red-bull-vs-pit-bull-aufloesung\/\",\"name\":\"RED BULL vs. PIT BULL - Aufl\u00f6sung - Patentanwalt Dipl.-Ing. Peter Herre\",\"isPartOf\":{\"@id\":\"https:\/\/www.dendorfer-herrmann.de\/herre\/#website\"},\"datePublished\":\"2020-09-04T05:08:42+00:00\",\"dateModified\":\"2021-05-21T09:11:12+00:00\",\"breadcrumb\":{\"@id\":\"https:\/\/www.dendorfer-herrmann.de\/herre\/dienstleistungen\/marken\/marken-rallye\/red-bull-vs-pit-bull\/red-bull-vs-pit-bull-aufloesung\/#breadcrumb\"},\"inLanguage\":\"de\",\"potentialAction\":[{\"@type\":\"ReadAction\",\"target\":[\"https:\/\/www.dendorfer-herrmann.de\/herre\/dienstleistungen\/marken\/marken-rallye\/red-bull-vs-pit-bull\/red-bull-vs-pit-bull-aufloesung\/\"]}]},{\"@type\":\"BreadcrumbList\",\"@id\":\"https:\/\/www.dendorfer-herrmann.de\/herre\/dienstleistungen\/marken\/marken-rallye\/red-bull-vs-pit-bull\/red-bull-vs-pit-bull-aufloesung\/#breadcrumb\",\"itemListElement\":[{\"@type\":\"ListItem\",\"position\":1,\"name\":\"Leistungen\",\"item\":\"https:\/\/www.dendorfer-herrmann.de\/herre\/dienstleistungen\/\"},{\"@type\":\"ListItem\",\"position\":2,\"name\":\"Leistungen\",\"item\":\"https:\/\/www.dendorfer-herrmann.de\/herre\/dienstleistungen\/\"},{\"@type\":\"ListItem\",\"position\":3,\"name\":\"Marken\",\"item\":\"https:\/\/www.dendorfer-herrmann.de\/herre\/dienstleistungen\/marken\/\"},{\"@type\":\"ListItem\",\"position\":4,\"name\":\"Marken-Rallye\",\"item\":\"https:\/\/www.dendorfer-herrmann.de\/herre\/dienstleistungen\/marken\/marken-rallye\/\"},{\"@type\":\"ListItem\",\"position\":5,\"name\":\"RED BULL vs. PIT BULL\",\"item\":\"https:\/\/www.dendorfer-herrmann.de\/herre\/dienstleistungen\/marken\/marken-rallye\/red-bull-vs-pit-bull\/\"},{\"@type\":\"ListItem\",\"position\":6,\"name\":\"RED BULL vs. PIT BULL &#8211; Aufl\u00f6sung\"}]},{\"@type\":\"WebSite\",\"@id\":\"https:\/\/www.dendorfer-herrmann.de\/herre\/#website\",\"url\":\"https:\/\/www.dendorfer-herrmann.de\/herre\/\",\"name\":\"Patentanwalt Dipl.-Ing. Peter Herre\",\"description\":\"Patentanwalt Dipl.-Ing. Peter Herre\",\"potentialAction\":[{\"@type\":\"SearchAction\",\"target\":{\"@type\":\"EntryPoint\",\"urlTemplate\":\"https:\/\/www.dendorfer-herrmann.de\/herre\/?s={search_term_string}\"},\"query-input\":{\"@type\":\"PropertyValueSpecification\",\"valueRequired\":true,\"valueName\":\"search_term_string\"}}],\"inLanguage\":\"de\"}]}<\/script>\n<!-- \/ Yoast SEO plugin. -->","yoast_head_json":{"title":"RED BULL vs. PIT BULL - Aufl\u00f6sung - Patentanwalt Dipl.-Ing. Peter Herre","robots":{"index":"index","follow":"follow","max-snippet":"max-snippet:-1","max-image-preview":"max-image-preview:large","max-video-preview":"max-video-preview:-1"},"canonical":"https:\/\/www.dendorfer-herrmann.de\/herre\/dienstleistungen\/marken\/marken-rallye\/red-bull-vs-pit-bull\/red-bull-vs-pit-bull-aufloesung\/","og_locale":"de_DE","og_type":"article","og_title":"RED BULL vs. PIT BULL - Aufl\u00f6sung - Patentanwalt Dipl.-Ing. Peter Herre","og_description":"RED BULL vs. PIT BULL Aufl\u00f6sung zeigen K\u00f6nnen die beiden F\u00e4lle gegen den Hersteller, das bulgarische Unternehmen N., und gegen den Importeur, das Unternehmen G. mit Sitz in \u00d6sterreich, in einem gemeinsamen Verfahren behandelt werden? Ist daf\u00fcr das Handelsgericht Wien zust\u00e4ndig, und gilt das Urteil auch f\u00fcr das bulgarische Unternehmen N.? Liegt Ihrer Meinung nach [&hellip;]","og_url":"https:\/\/www.dendorfer-herrmann.de\/herre\/dienstleistungen\/marken\/marken-rallye\/red-bull-vs-pit-bull\/red-bull-vs-pit-bull-aufloesung","og_site_name":"Patentanwalt Dipl.-Ing. Peter Herre","article_modified_time":"2021-05-21T09:11:12+00:00","twitter_card":"summary_large_image","twitter_misc":{"Gesch\u00e4tzte Lesezeit":"1\u00a0Minute"},"schema":{"@context":"https:\/\/schema.org","@graph":[{"@type":"WebPage","@id":"https:\/\/www.dendorfer-herrmann.de\/herre\/dienstleistungen\/marken\/marken-rallye\/red-bull-vs-pit-bull\/red-bull-vs-pit-bull-aufloesung\/","url":"https:\/\/www.dendorfer-herrmann.de\/herre\/dienstleistungen\/marken\/marken-rallye\/red-bull-vs-pit-bull\/red-bull-vs-pit-bull-aufloesung\/","name":"RED BULL vs. PIT BULL - Aufl\u00f6sung - Patentanwalt Dipl.-Ing. Peter Herre","isPartOf":{"@id":"https:\/\/www.dendorfer-herrmann.de\/herre\/#website"},"datePublished":"2020-09-04T05:08:42+00:00","dateModified":"2021-05-21T09:11:12+00:00","breadcrumb":{"@id":"https:\/\/www.dendorfer-herrmann.de\/herre\/dienstleistungen\/marken\/marken-rallye\/red-bull-vs-pit-bull\/red-bull-vs-pit-bull-aufloesung\/#breadcrumb"},"inLanguage":"de","potentialAction":[{"@type":"ReadAction","target":["https:\/\/www.dendorfer-herrmann.de\/herre\/dienstleistungen\/marken\/marken-rallye\/red-bull-vs-pit-bull\/red-bull-vs-pit-bull-aufloesung\/"]}]},{"@type":"BreadcrumbList","@id":"https:\/\/www.dendorfer-herrmann.de\/herre\/dienstleistungen\/marken\/marken-rallye\/red-bull-vs-pit-bull\/red-bull-vs-pit-bull-aufloesung\/#breadcrumb","itemListElement":[{"@type":"ListItem","position":1,"name":"Leistungen","item":"https:\/\/www.dendorfer-herrmann.de\/herre\/dienstleistungen\/"},{"@type":"ListItem","position":2,"name":"Leistungen","item":"https:\/\/www.dendorfer-herrmann.de\/herre\/dienstleistungen\/"},{"@type":"ListItem","position":3,"name":"Marken","item":"https:\/\/www.dendorfer-herrmann.de\/herre\/dienstleistungen\/marken\/"},{"@type":"ListItem","position":4,"name":"Marken-Rallye","item":"https:\/\/www.dendorfer-herrmann.de\/herre\/dienstleistungen\/marken\/marken-rallye\/"},{"@type":"ListItem","position":5,"name":"RED BULL vs. PIT BULL","item":"https:\/\/www.dendorfer-herrmann.de\/herre\/dienstleistungen\/marken\/marken-rallye\/red-bull-vs-pit-bull\/"},{"@type":"ListItem","position":6,"name":"RED BULL vs. PIT BULL &#8211; Aufl\u00f6sung"}]},{"@type":"WebSite","@id":"https:\/\/www.dendorfer-herrmann.de\/herre\/#website","url":"https:\/\/www.dendorfer-herrmann.de\/herre\/","name":"Patentanwalt Dipl.-Ing. Peter Herre","description":"Patentanwalt Dipl.-Ing. Peter Herre","potentialAction":[{"@type":"SearchAction","target":{"@type":"EntryPoint","urlTemplate":"https:\/\/www.dendorfer-herrmann.de\/herre\/?s={search_term_string}"},"query-input":{"@type":"PropertyValueSpecification","valueRequired":true,"valueName":"search_term_string"}}],"inLanguage":"de"}]}},"_links":{"self":[{"href":"https:\/\/www.dendorfer-herrmann.de\/herre\/wp-json\/wp\/v2\/pages\/5969"}],"collection":[{"href":"https:\/\/www.dendorfer-herrmann.de\/herre\/wp-json\/wp\/v2\/pages"}],"about":[{"href":"https:\/\/www.dendorfer-herrmann.de\/herre\/wp-json\/wp\/v2\/types\/page"}],"author":[{"embeddable":true,"href":"https:\/\/www.dendorfer-herrmann.de\/herre\/wp-json\/wp\/v2\/users\/2"}],"replies":[{"embeddable":true,"href":"https:\/\/www.dendorfer-herrmann.de\/herre\/wp-json\/wp\/v2\/comments?post=5969"}],"version-history":[{"count":6,"href":"https:\/\/www.dendorfer-herrmann.de\/herre\/wp-json\/wp\/v2\/pages\/5969\/revisions"}],"predecessor-version":[{"id":27871,"href":"https:\/\/www.dendorfer-herrmann.de\/herre\/wp-json\/wp\/v2\/pages\/5969\/revisions\/27871"}],"up":[{"embeddable":true,"href":"https:\/\/www.dendorfer-herrmann.de\/herre\/wp-json\/wp\/v2\/pages\/5964"}],"wp:attachment":[{"href":"https:\/\/www.dendorfer-herrmann.de\/herre\/wp-json\/wp\/v2\/media?parent=5969"}],"curies":[{"name":"wp","href":"https:\/\/api.w.org\/{rel}","templated":true}]}}