{"id":5953,"date":"2020-09-04T05:43:24","date_gmt":"2020-09-04T04:43:24","guid":{"rendered":"https:\/\/www.dendorfer-herrmann.de\/?page_id=5953"},"modified":"2021-05-21T10:18:39","modified_gmt":"2021-05-21T09:18:39","slug":"fifa-wm-2006","status":"publish","type":"page","link":"https:\/\/www.dendorfer-herrmann.de\/herre\/dienstleistungen\/marken\/marken-rallye\/fifa-wm-2006\/","title":{"rendered":"FIFA: WM 2006"},"content":{"rendered":"<h2>Runde 4<\/h2>\n<h1>FIFA &#8211;\u00a0 WM 2006<\/h1>\n<div>\n<p>2006 hat die Internationale F\u00f6deration des Verbandsfu\u00dfballs (<strong>FIFA<\/strong>) den Begriff\u00a0<strong>\u201eWM 2006\u201c<\/strong>\u00a0als Marke f\u00fcr die Organisation und Durchf\u00fchrung einer Fu\u00dfballweltmeisterschaft und f\u00fcr zahlreiche andere, ganz unterschiedliche Waren und Dienstleistungen zur Registrierung angemeldet.<\/p>\n<p>Die FIFA f\u00fchrte an, dass \u201eWM 2006\u201c wegen gro\u00dfer Bekanntheit von der Fu\u00dfball interessierten \u00d6ffentlichkeit als Marke aufgefasst wird.<\/p>\n<\/div>\n<div>\n<h3>HINWEISE<\/h3>\n<div>\n<ul>\n<li>Eine glatt beschreibende Marke ist von der Eintragung in das Markenregister bekanntlich ausgeschlossen (Deutschland: \u00a7 8 Abs. 3 MarkenG).<\/li>\n<li>Allerdings gibt es die Ausnahme der \u201eVerkehrsdurchsetzung\u201c. Wenn die Marke \u201ein den beteiligten Verkehrskreisen\u201c (hier: Fu\u00dfball interessierte Personen) derartige Bekanntheit erlangt hat, dass sie zur Identifikation von Unternehmensprodukten geeignet ist, kann man von Verkehrsdurchsetzung sprechen. Das w\u00e4re hier der Fall, wenn die Fu\u00dfball interessierte \u00d6ffentlichkeit \u201eWM 2006\u201c als Produkt der FIFA sieht.<\/li>\n<\/ul>\n<\/div>\n<\/div>\n<h3>WAS MEINEN SIE?<\/h3>\n<h5>Hat der Begriff \u201eWM 2006\u201c auf Grund der Verkehrsdurchsetzung gen\u00fcgend Unterscheidungskraft, um als Marke eingetragen zu werden?<\/h5>\n<p>\n    <a href=\"https:\/\/www.dendorfer-herrmann.de\/herre\/dienstleistungen\/marken\/marken-rallye\/fifa-wm-2006\/fifa-wm-2006-aufloesung\/\">Aufl\u00f6sung zeigen<\/a>\n<\/p>\n<p><!--more--><br \/>\n<!-- {\"name\":\"rallye runde\",\"type\":\"layout\",\"children\":[{\"type\":\"section\",\"props\":{\"style\":\"default\",\"width\":\"default\",\"vertical_align\":\"middle\",\"title_position\":\"top-left\",\"title_rotation\":\"left\",\"title_breakpoint\":\"xl\",\"image_position\":\"center-center\",\"padding_remove_top\":false,\"padding_remove_bottom\":false,\"padding\":\"xsmall\"},\"children\":[{\"type\":\"row\",\"children\":[{\"type\":\"column\",\"props\":{\"image_position\":\"center-center\",\"media_overlay_gradient\":\"\"},\"children\":[{\"type\":\"breadcrumbs\",\"props\":{\"show_home\":true,\"show_current\":false,\"home_text\":\"Home\"}}]}]}],\"modified\":\"2021-05-21T08:55:35.040Z\",\"name\":\"Breadcrumb\"},{\"type\":\"section\",\"props\":{\"style\":\"primary\",\"width\":\"default\",\"vertical_align\":\"middle\",\"title_position\":\"top-left\",\"title_rotation\":\"left\",\"title_breakpoint\":\"xl\",\"image_position\":\"center-center\",\"image\":\"wp-content\\\/uploads\\\/sites\\\/8\\\/marken-img-02.jpg\",\"image_size\":\"cover\",\"media_background\":\"#1D1D1D\",\"media_overlay\":\"rgba(22, 22, 22, 0.27)\",\"css\":\".el-section * {text-shadow:2px 2px 2px rgba(0,0,0,0.5);}\"},\"children\":[{\"type\":\"row\",\"children\":[{\"type\":\"column\",\"props\":{\"image_position\":\"center-center\",\"media_overlay_gradient\":\"\"},\"children\":[{\"type\":\"headline\",\"props\":{\"title_element\":\"h2\",\"content\":\"Runde 4\",\"margin_remove_top\":false,\"margin_remove_bottom\":true}},{\"type\":\"headline\",\"props\":{\"title_element\":\"h1\",\"content\":\"FIFA -\\u00a0 WM 2006\",\"title_style\":\"heading-medium\",\"margin_remove_bottom\":false,\"title_decoration\":\"line\",\"margin_remove_top\":true}}]}]}]},{\"type\":\"section\",\"props\":{\"style\":\"default\",\"width\":\"default\",\"vertical_align\":\"middle\",\"title_position\":\"top-left\",\"title_rotation\":\"left\",\"title_breakpoint\":\"xl\",\"image_position\":\"center-center\",\"animation\":\"slide-left-medium\"},\"children\":[{\"type\":\"row\",\"children\":[{\"type\":\"column\",\"props\":{\"image_position\":\"center-center\",\"media_overlay_gradient\":\"\"},\"children\":[{\"type\":\"text\",\"props\":{\"margin\":\"default\",\"column_breakpoint\":\"m\",\"content\":\"\n\n<p>2006 hat die Internationale F\\u00f6deration des Verbandsfu\\u00dfballs (<strong>FIFA<\\\/strong>) den Begriff\\u00a0<strong>\\u201eWM 2006\\u201c<\\\/strong>\\u00a0als Marke f\\u00fcr die Organisation und Durchf\\u00fchrung einer Fu\\u00dfballweltmeisterschaft und f\\u00fcr zahlreiche andere, ganz unterschiedliche Waren und Dienstleistungen zur Registrierung angemeldet.<\\\/p>\\n\n\n<p>Die FIFA f\\u00fchrte an, dass \\u201eWM 2006\\u201c wegen gro\\u00dfer Bekanntheit von der Fu\\u00dfball interessierten \\u00d6ffentlichkeit als Marke aufgefasst wird.<\\\/p>\"}}]}]}]},{\"type\":\"section\",\"props\":{\"style\":\"secondary\",\"width\":\"default\",\"vertical_align\":\"middle\",\"title_position\":\"top-left\",\"title_rotation\":\"left\",\"title_breakpoint\":\"xl\",\"image_position\":\"center-center\"},\"children\":[{\"type\":\"row\",\"children\":[{\"type\":\"column\",\"props\":{\"image_position\":\"center-center\",\"media_overlay_gradient\":\"\"},\"children\":[{\"type\":\"panel\",\"props\":{\"link_text\":\"Read more\",\"title_hover_style\":\"reset\",\"title_element\":\"h3\",\"title_align\":\"top\",\"title_grid_width\":\"1-2\",\"title_grid_breakpoint\":\"m\",\"meta_style\":\"meta\",\"meta_align\":\"below-title\",\"meta_element\":\"div\",\"content_column_breakpoint\":\"m\",\"icon_width\":80,\"image_align\":\"left\",\"image_grid_width\":\"small\",\"image_grid_breakpoint\":\"m\",\"image_svg_color\":\"emphasis\",\"link_style\":\"default\",\"margin\":\"default\",\"title\":\"HINWEISE\",\"content\":\"\n\n<ul>\\n\n\n<li>Eine glatt beschreibende Marke ist von der Eintragung in das Markenregister bekanntlich ausgeschlossen (Deutschland: \\u00a7 8 Abs. 3 MarkenG).<\\\/li>\\n\n\n<li>Allerdings gibt es die Ausnahme der \\u201eVerkehrsdurchsetzung\\u201c. Wenn die Marke \\u201ein den beteiligten Verkehrskreisen\\u201c (hier: Fu\\u00dfball interessierte Personen) derartige Bekanntheit erlangt hat, dass sie zur Identifikation von Unternehmensprodukten geeignet ist, kann man von Verkehrsdurchsetzung sprechen. Das w\\u00e4re hier der Fall, wenn die Fu\\u00dfball interessierte \\u00d6ffentlichkeit \\u201eWM 2006\\u201c als Produkt der FIFA sieht.<\\\/li>\\n<\\\/ul>\",\"icon\":\"info\",\"icon_color\":\"primary\"}}]}]}]},{\"type\":\"section\",\"props\":{\"style\":\"default\",\"width\":\"default\",\"vertical_align\":\"middle\",\"title_position\":\"top-left\",\"title_rotation\":\"left\",\"title_breakpoint\":\"xl\",\"image_position\":\"center-center\"},\"children\":[{\"type\":\"row\",\"children\":[{\"type\":\"column\",\"props\":{\"image_position\":\"center-center\",\"media_overlay_gradient\":\"\"},\"children\":[{\"type\":\"headline\",\"props\":{\"title_element\":\"h3\",\"content\":\"WAS MEINEN SIE?\",\"title_style\":\"h2\"}},{\"type\":\"headline\",\"props\":{\"title_element\":\"h5\",\"content\":\"Hat der Begriff \\u201eWM 2006\\u201c auf Grund der Verkehrsdurchsetzung gen\\u00fcgend Unterscheidungskraft, um als Marke eingetragen zu werden?\",\"title_decoration\":\"bullet\",\"class\":\"bluebullet\"}},{\"type\":\"button\",\"props\":{\"grid_column_gap\":\"small\",\"grid_row_gap\":\"small\",\"margin\":\"default\",\"class\":\"bluebutton\",\"text_align\":\"center\",\"button_size\":\"large\"},\"children\":[{\"type\":\"button_item\",\"props\":{\"button_style\":\"primary\",\"icon_align\":\"right\",\"content\":\"Aufl\\u00f6sung zeigen\",\"link\":\"dienstleistungen\\\/marken\\\/marken-rallye\\\/fifa-wm-2006\\\/fifa-wm-2006-aufloesung\",\"icon\":\"triangle-right\"}}]}]}]}]}],\"version\":\"2.4.14\"} --><\/p>\n","protected":false},"excerpt":{"rendered":"<p>Runde 4 FIFA &#8211;\u00a0 WM 2006 2006 hat die Internationale F\u00f6deration des Verbandsfu\u00dfballs (FIFA) den Begriff\u00a0\u201eWM 2006\u201c\u00a0als Marke f\u00fcr die Organisation und Durchf\u00fchrung einer Fu\u00dfballweltmeisterschaft und f\u00fcr zahlreiche andere, ganz unterschiedliche Waren und Dienstleistungen zur Registrierung angemeldet. Die FIFA f\u00fchrte an, dass \u201eWM 2006\u201c wegen gro\u00dfer Bekanntheit von der Fu\u00dfball interessierten \u00d6ffentlichkeit als Marke aufgefasst [&hellip;]<\/p>\n","protected":false},"author":2,"featured_media":0,"parent":4599,"menu_order":4,"comment_status":"closed","ping_status":"closed","template":"","meta":{"footnotes":""},"class_list":["post-5953","page","type-page","status-publish","hentry"],"yoast_head":"<!-- This site is optimized with the Yoast SEO plugin v25.6 - https:\/\/yoast.com\/wordpress\/plugins\/seo\/ -->\n<title>FIFA: WM 2006 - Patentanwalt Dipl.-Ing. Peter Herre<\/title>\n<meta name=\"robots\" content=\"index, follow, max-snippet:-1, max-image-preview:large, max-video-preview:-1\" \/>\n<link rel=\"canonical\" href=\"https:\/\/www.dendorfer-herrmann.de\/herre\/dienstleistungen\/marken\/marken-rallye\/fifa-wm-2006\/\" \/>\n<meta property=\"og:locale\" content=\"de_DE\" \/>\n<meta property=\"og:type\" content=\"article\" \/>\n<meta property=\"og:title\" content=\"FIFA: WM 2006 - Patentanwalt Dipl.-Ing. Peter Herre\" \/>\n<meta property=\"og:description\" content=\"Runde 4 FIFA &#8211;\u00a0 WM 2006 2006 hat die Internationale F\u00f6deration des Verbandsfu\u00dfballs (FIFA) den Begriff\u00a0\u201eWM 2006\u201c\u00a0als Marke f\u00fcr die Organisation und Durchf\u00fchrung einer Fu\u00dfballweltmeisterschaft und f\u00fcr zahlreiche andere, ganz unterschiedliche Waren und Dienstleistungen zur Registrierung angemeldet. Die FIFA f\u00fchrte an, dass \u201eWM 2006\u201c wegen gro\u00dfer Bekanntheit von der Fu\u00dfball interessierten \u00d6ffentlichkeit als Marke aufgefasst [&hellip;]\" \/>\n<meta property=\"og:url\" content=\"https:\/\/www.dendorfer-herrmann.de\/herre\/dienstleistungen\/marken\/marken-rallye\/fifa-wm-2006\" \/>\n<meta property=\"og:site_name\" content=\"Patentanwalt Dipl.-Ing. Peter Herre\" \/>\n<meta property=\"article:modified_time\" content=\"2021-05-21T09:18:39+00:00\" \/>\n<meta name=\"twitter:card\" content=\"summary_large_image\" \/>\n<meta name=\"twitter:label1\" content=\"Gesch\u00e4tzte Lesezeit\" \/>\n\t<meta name=\"twitter:data1\" content=\"1\u00a0Minute\" \/>\n<script type=\"application\/ld+json\" class=\"yoast-schema-graph\">{\"@context\":\"https:\/\/schema.org\",\"@graph\":[{\"@type\":\"WebPage\",\"@id\":\"https:\/\/www.dendorfer-herrmann.de\/herre\/dienstleistungen\/marken\/marken-rallye\/fifa-wm-2006\/\",\"url\":\"https:\/\/www.dendorfer-herrmann.de\/herre\/dienstleistungen\/marken\/marken-rallye\/fifa-wm-2006\/\",\"name\":\"FIFA: WM 2006 - Patentanwalt Dipl.-Ing. Peter Herre\",\"isPartOf\":{\"@id\":\"https:\/\/www.dendorfer-herrmann.de\/herre\/#website\"},\"datePublished\":\"2020-09-04T04:43:24+00:00\",\"dateModified\":\"2021-05-21T09:18:39+00:00\",\"breadcrumb\":{\"@id\":\"https:\/\/www.dendorfer-herrmann.de\/herre\/dienstleistungen\/marken\/marken-rallye\/fifa-wm-2006\/#breadcrumb\"},\"inLanguage\":\"de\",\"potentialAction\":[{\"@type\":\"ReadAction\",\"target\":[\"https:\/\/www.dendorfer-herrmann.de\/herre\/dienstleistungen\/marken\/marken-rallye\/fifa-wm-2006\/\"]}]},{\"@type\":\"BreadcrumbList\",\"@id\":\"https:\/\/www.dendorfer-herrmann.de\/herre\/dienstleistungen\/marken\/marken-rallye\/fifa-wm-2006\/#breadcrumb\",\"itemListElement\":[{\"@type\":\"ListItem\",\"position\":1,\"name\":\"Leistungen\",\"item\":\"https:\/\/www.dendorfer-herrmann.de\/herre\/dienstleistungen\/\"},{\"@type\":\"ListItem\",\"position\":2,\"name\":\"Leistungen\",\"item\":\"https:\/\/www.dendorfer-herrmann.de\/herre\/dienstleistungen\/\"},{\"@type\":\"ListItem\",\"position\":3,\"name\":\"Marken\",\"item\":\"https:\/\/www.dendorfer-herrmann.de\/herre\/dienstleistungen\/marken\/\"},{\"@type\":\"ListItem\",\"position\":4,\"name\":\"Marken-Rallye\",\"item\":\"https:\/\/www.dendorfer-herrmann.de\/herre\/dienstleistungen\/marken\/marken-rallye\/\"},{\"@type\":\"ListItem\",\"position\":5,\"name\":\"FIFA: WM 2006\"}]},{\"@type\":\"WebSite\",\"@id\":\"https:\/\/www.dendorfer-herrmann.de\/herre\/#website\",\"url\":\"https:\/\/www.dendorfer-herrmann.de\/herre\/\",\"name\":\"Patentanwalt Dipl.-Ing. Peter Herre\",\"description\":\"Patentanwalt Dipl.-Ing. Peter Herre\",\"potentialAction\":[{\"@type\":\"SearchAction\",\"target\":{\"@type\":\"EntryPoint\",\"urlTemplate\":\"https:\/\/www.dendorfer-herrmann.de\/herre\/?s={search_term_string}\"},\"query-input\":{\"@type\":\"PropertyValueSpecification\",\"valueRequired\":true,\"valueName\":\"search_term_string\"}}],\"inLanguage\":\"de\"}]}<\/script>\n<!-- \/ Yoast SEO plugin. -->","yoast_head_json":{"title":"FIFA: WM 2006 - Patentanwalt Dipl.-Ing. Peter Herre","robots":{"index":"index","follow":"follow","max-snippet":"max-snippet:-1","max-image-preview":"max-image-preview:large","max-video-preview":"max-video-preview:-1"},"canonical":"https:\/\/www.dendorfer-herrmann.de\/herre\/dienstleistungen\/marken\/marken-rallye\/fifa-wm-2006\/","og_locale":"de_DE","og_type":"article","og_title":"FIFA: WM 2006 - Patentanwalt Dipl.-Ing. Peter Herre","og_description":"Runde 4 FIFA &#8211;\u00a0 WM 2006 2006 hat die Internationale F\u00f6deration des Verbandsfu\u00dfballs (FIFA) den Begriff\u00a0\u201eWM 2006\u201c\u00a0als Marke f\u00fcr die Organisation und Durchf\u00fchrung einer Fu\u00dfballweltmeisterschaft und f\u00fcr zahlreiche andere, ganz unterschiedliche Waren und Dienstleistungen zur Registrierung angemeldet. Die FIFA f\u00fchrte an, dass \u201eWM 2006\u201c wegen gro\u00dfer Bekanntheit von der Fu\u00dfball interessierten \u00d6ffentlichkeit als Marke aufgefasst [&hellip;]","og_url":"https:\/\/www.dendorfer-herrmann.de\/herre\/dienstleistungen\/marken\/marken-rallye\/fifa-wm-2006","og_site_name":"Patentanwalt Dipl.-Ing. Peter Herre","article_modified_time":"2021-05-21T09:18:39+00:00","twitter_card":"summary_large_image","twitter_misc":{"Gesch\u00e4tzte Lesezeit":"1\u00a0Minute"},"schema":{"@context":"https:\/\/schema.org","@graph":[{"@type":"WebPage","@id":"https:\/\/www.dendorfer-herrmann.de\/herre\/dienstleistungen\/marken\/marken-rallye\/fifa-wm-2006\/","url":"https:\/\/www.dendorfer-herrmann.de\/herre\/dienstleistungen\/marken\/marken-rallye\/fifa-wm-2006\/","name":"FIFA: WM 2006 - Patentanwalt Dipl.-Ing. Peter Herre","isPartOf":{"@id":"https:\/\/www.dendorfer-herrmann.de\/herre\/#website"},"datePublished":"2020-09-04T04:43:24+00:00","dateModified":"2021-05-21T09:18:39+00:00","breadcrumb":{"@id":"https:\/\/www.dendorfer-herrmann.de\/herre\/dienstleistungen\/marken\/marken-rallye\/fifa-wm-2006\/#breadcrumb"},"inLanguage":"de","potentialAction":[{"@type":"ReadAction","target":["https:\/\/www.dendorfer-herrmann.de\/herre\/dienstleistungen\/marken\/marken-rallye\/fifa-wm-2006\/"]}]},{"@type":"BreadcrumbList","@id":"https:\/\/www.dendorfer-herrmann.de\/herre\/dienstleistungen\/marken\/marken-rallye\/fifa-wm-2006\/#breadcrumb","itemListElement":[{"@type":"ListItem","position":1,"name":"Leistungen","item":"https:\/\/www.dendorfer-herrmann.de\/herre\/dienstleistungen\/"},{"@type":"ListItem","position":2,"name":"Leistungen","item":"https:\/\/www.dendorfer-herrmann.de\/herre\/dienstleistungen\/"},{"@type":"ListItem","position":3,"name":"Marken","item":"https:\/\/www.dendorfer-herrmann.de\/herre\/dienstleistungen\/marken\/"},{"@type":"ListItem","position":4,"name":"Marken-Rallye","item":"https:\/\/www.dendorfer-herrmann.de\/herre\/dienstleistungen\/marken\/marken-rallye\/"},{"@type":"ListItem","position":5,"name":"FIFA: WM 2006"}]},{"@type":"WebSite","@id":"https:\/\/www.dendorfer-herrmann.de\/herre\/#website","url":"https:\/\/www.dendorfer-herrmann.de\/herre\/","name":"Patentanwalt Dipl.-Ing. Peter Herre","description":"Patentanwalt Dipl.-Ing. Peter Herre","potentialAction":[{"@type":"SearchAction","target":{"@type":"EntryPoint","urlTemplate":"https:\/\/www.dendorfer-herrmann.de\/herre\/?s={search_term_string}"},"query-input":{"@type":"PropertyValueSpecification","valueRequired":true,"valueName":"search_term_string"}}],"inLanguage":"de"}]}},"_links":{"self":[{"href":"https:\/\/www.dendorfer-herrmann.de\/herre\/wp-json\/wp\/v2\/pages\/5953"}],"collection":[{"href":"https:\/\/www.dendorfer-herrmann.de\/herre\/wp-json\/wp\/v2\/pages"}],"about":[{"href":"https:\/\/www.dendorfer-herrmann.de\/herre\/wp-json\/wp\/v2\/types\/page"}],"author":[{"embeddable":true,"href":"https:\/\/www.dendorfer-herrmann.de\/herre\/wp-json\/wp\/v2\/users\/2"}],"replies":[{"embeddable":true,"href":"https:\/\/www.dendorfer-herrmann.de\/herre\/wp-json\/wp\/v2\/comments?post=5953"}],"version-history":[{"count":5,"href":"https:\/\/www.dendorfer-herrmann.de\/herre\/wp-json\/wp\/v2\/pages\/5953\/revisions"}],"predecessor-version":[{"id":27883,"href":"https:\/\/www.dendorfer-herrmann.de\/herre\/wp-json\/wp\/v2\/pages\/5953\/revisions\/27883"}],"up":[{"embeddable":true,"href":"https:\/\/www.dendorfer-herrmann.de\/herre\/wp-json\/wp\/v2\/pages\/4599"}],"wp:attachment":[{"href":"https:\/\/www.dendorfer-herrmann.de\/herre\/wp-json\/wp\/v2\/media?parent=5953"}],"curies":[{"name":"wp","href":"https:\/\/api.w.org\/{rel}","templated":true}]}}