{"id":5947,"date":"2020-09-04T05:28:43","date_gmt":"2020-09-04T04:28:43","guid":{"rendered":"https:\/\/www.dendorfer-herrmann.de\/?page_id=5947"},"modified":"2021-05-21T10:18:16","modified_gmt":"2021-05-21T09:18:16","slug":"porsche-carrera-vs-carrera-aufloesung","status":"publish","type":"page","link":"https:\/\/www.dendorfer-herrmann.de\/herre\/dienstleistungen\/marken\/marken-rallye\/porsche-carrera-vs-carrera\/porsche-carrera-vs-carrera-aufloesung\/","title":{"rendered":"Porsche Carrera vs. Carrera &#8211; Aufl\u00f6sung"},"content":{"rendered":"<h1>Porsche Carrera vs. Carrera<\/h1>\n<h2>Aufl\u00f6sung zeigen<\/h2>\n<h4>Ist die Waren\u00e4hnlichkeit gro\u00df genug, dass Verwechslungsgefahr der beiden Marken besteht?<\/p>\n<p>Wird Herrn H.s identisch lautende Marke trotz Widerspruch von Porsche eingetragen?<\/h4>\n<div>\n<p>        <img decoding=\"async\" src=\"\/herre\/wp-content\/uploads\/sites\/8\/2020\/08\/crash.png\" alt=\"\"><\/p>\n<h3>NEIN, Carrera wird nicht eingetragen<\/h3>\n<\/div>\n<div>\n<p>Zwar sind die von Herrn H. zur Marke \u201e<strong>Carrera<\/strong>\u201c angemeldeten Waren aus der Unterhaltungselektronik mit denen von Porsche eingetragenen Kraftfahrzeugen als un\u00e4hnlich anzusehen.<\/p>\n<p>Allerdings wurden bei Herrn H.s \u201e<strong>mobilen Navigationsger\u00e4ten<\/strong>\u201c \u00dcberschneidungen zu Porsches \u201e<strong>Kraftfahrzeugen<\/strong>\u201c festgestellt, weil mobile Navigationsger\u00e4te in der Regel zum Einbau in Kraftfahrzeugen vorgesehen sind, sodass hinsichtlich der \u201e<strong>mobilen Navigationsger\u00e4te<\/strong>\u201c Verwechslungsgefahr anzunehmen ist.<\/p>\n<p>Die Beschwerdekammer hat jedoch auch hinsichtlich der \u00fcbrigen Waren Verwechslungsgefahr festgestellt, weil sie eine unlautere Ausnutzung der Unterscheidungskraft von Porsches CARRERA angenommen hat, zumal Waren der Unterhaltungselektronik grunds\u00e4tzlich auch in Kraftfahrzeugen eingebaut werden k\u00f6nnen.<\/p>\n<p><strong>Aus dem Beschluss der Vierten Beschwerdekammer:<\/strong> \u2026Porsche hat mit der Marke CARRERA ein Image der Sportlichkeit und technischen Innovationskraft aufgebaut. Es ist davon auszugehen, dass die Marke von Herrn H. die Wertsch\u00e4tzung und Unterscheidungskraft von Porsches CARRERA ausnutzt und beeintr\u00e4chtigt.<\/p>\n<p>Quellen: ENTSCHEIDUNG der Vierten Beschwerdekammer des HARMONISIERUNGSAMTES F\u00dcR DEN BINNENMARKT (MARKEN, MUSTER UND MODELLE) vom 11. Januar 2011 im Beschwerdeverfahren R 306\/2010-4, best\u00e4tigt vom Europ\u00e4ischen Gerichtshof im URTEIL DES GERICHTSHOFS vom 21. Januar 2016 in der Rechtssache C\u201150\/15 P.<\/p>\n<\/div>\n<p>\n    <a href=\"https:\/\/www.dendorfer-herrmann.de\/herre\/dienstleistungen\/marken\/marken-rallye\/fifa-wm-2006\/\">Weiter zur Runde 4<\/a>\n<\/p>\n<p><!--more--><br \/>\n<!-- {\"name\":\"rallye auflosung\",\"type\":\"layout\",\"children\":[{\"type\":\"section\",\"props\":{\"style\":\"default\",\"width\":\"default\",\"vertical_align\":\"middle\",\"title_position\":\"top-left\",\"title_rotation\":\"left\",\"title_breakpoint\":\"xl\",\"image_position\":\"center-center\",\"padding_remove_top\":false,\"padding_remove_bottom\":false,\"padding\":\"xsmall\"},\"children\":[{\"type\":\"row\",\"children\":[{\"type\":\"column\",\"props\":{\"image_position\":\"center-center\",\"media_overlay_gradient\":\"\"},\"children\":[{\"type\":\"breadcrumbs\",\"props\":{\"show_home\":true,\"show_current\":false,\"home_text\":\"Home\"}}]}]}],\"modified\":\"2021-05-21T08:55:35.040Z\",\"name\":\"Breadcrumb\"},{\"type\":\"section\",\"props\":{\"style\":\"primary\",\"width\":\"default\",\"vertical_align\":\"middle\",\"title_position\":\"top-left\",\"title_rotation\":\"left\",\"title_breakpoint\":\"xl\",\"image_position\":\"center-center\",\"image\":\"wp-content\\\/uploads\\\/sites\\\/8\\\/marken-img-02.jpg\",\"image_size\":\"cover\",\"media_background\":\"#1D1D1D\",\"media_overlay\":\"rgba(22, 22, 22, 0.27)\",\"css\":\".el-section * {text-shadow:2px 2px 2px rgba(0,0,0,0.5);}\"},\"children\":[{\"type\":\"row\",\"children\":[{\"type\":\"column\",\"props\":{\"image_position\":\"center-center\",\"media_overlay_gradient\":\"\"},\"children\":[{\"type\":\"headline\",\"props\":{\"title_element\":\"h1\",\"content\":\"Porsche Carrera vs. Carrera\",\"title_style\":\"heading-medium\",\"margin_remove_bottom\":true,\"title_decoration\":\"line\"}},{\"type\":\"headline\",\"props\":{\"title_element\":\"h2\",\"content\":\"Aufl\\u00f6sung zeigen\",\"margin_remove_top\":true}}]}]}]},{\"type\":\"section\",\"props\":{\"style\":\"default\",\"width\":\"default\",\"vertical_align\":\"middle\",\"title_position\":\"top-left\",\"title_rotation\":\"left\",\"title_breakpoint\":\"xl\",\"image_position\":\"center-center\"},\"children\":[{\"type\":\"row\",\"children\":[{\"type\":\"column\",\"props\":{\"image_position\":\"center-center\",\"media_overlay_gradient\":\"\"},\"children\":[{\"type\":\"headline\",\"props\":{\"title_element\":\"h4\",\"content\":\"Ist die Waren\\u00e4hnlichkeit gro\\u00df genug, dass Verwechslungsgefahr der beiden Marken besteht?<br \\\/><br \\\/>Wird Herrn H.s identisch lautende Marke trotz Widerspruch von Porsche eingetragen?\",\"title_decoration\":\"bullet\",\"class\":\"bluebullet\"}}]}]}]},{\"type\":\"section\",\"props\":{\"style\":\"default\",\"width\":\"default\",\"vertical_align\":\"middle\",\"title_position\":\"top-left\",\"title_rotation\":\"left\",\"title_breakpoint\":\"xl\",\"image_position\":\"center-center\",\"class\":\"red\"},\"children\":[{\"type\":\"row\",\"children\":[{\"type\":\"column\",\"props\":{\"image_position\":\"center-center\",\"media_overlay_gradient\":\"\",\"width_medium\":\"\",\"vertical_align\":\"middle\"},\"children\":[{\"type\":\"panel\",\"props\":{\"link_text\":\"Read more\",\"title_hover_style\":\"reset\",\"title_element\":\"h3\",\"title_align\":\"top\",\"title_grid_width\":\"1-2\",\"title_grid_breakpoint\":\"m\",\"meta_style\":\"meta\",\"meta_align\":\"below-title\",\"meta_element\":\"div\",\"content_column_breakpoint\":\"m\",\"icon_width\":80,\"image_align\":\"left\",\"image_grid_width\":\"medium\",\"image_grid_breakpoint\":\"m\",\"image_svg_color\":\"emphasis\",\"link_style\":\"default\",\"margin\":\"default\",\"title\":\"NEIN, Carrera wird nicht eingetragen\",\"image\":\"wp-content\\\/uploads\\\/sites\\\/8\\\/2020\\\/08\\\/crash.png\",\"title_style\":\"heading-small\"}}]}]}]},{\"type\":\"section\",\"props\":{\"style\":\"default\",\"width\":\"default\",\"vertical_align\":\"middle\",\"title_position\":\"top-left\",\"title_rotation\":\"left\",\"title_breakpoint\":\"xl\",\"image_position\":\"center-center\"},\"children\":[{\"type\":\"row\",\"children\":[{\"type\":\"column\",\"props\":{\"image_position\":\"center-center\",\"media_overlay_gradient\":\"\"},\"children\":[{\"type\":\"text\",\"props\":{\"margin\":\"default\",\"column_breakpoint\":\"m\",\"content\":\"\n\n<p>Zwar sind die von Herrn H. zur Marke \\u201e<strong>Carrera<\\\/strong>\\u201c angemeldeten Waren aus der Unterhaltungselektronik mit denen von Porsche eingetragenen Kraftfahrzeugen als un\\u00e4hnlich anzusehen.<\\\/p>\\n\n\n<p>Allerdings wurden bei Herrn H.s \\u201e<strong>mobilen Navigationsger\\u00e4ten<\\\/strong>\\u201c \\u00dcberschneidungen zu Porsches \\u201e<strong>Kraftfahrzeugen<\\\/strong>\\u201c festgestellt, weil mobile Navigationsger\\u00e4te in der Regel zum Einbau in Kraftfahrzeugen vorgesehen sind, sodass hinsichtlich der \\u201e<strong>mobilen Navigationsger\\u00e4te<\\\/strong>\\u201c Verwechslungsgefahr anzunehmen ist.<\\\/p>\\n\n\n<p>Die Beschwerdekammer hat jedoch auch hinsichtlich der \\u00fcbrigen Waren Verwechslungsgefahr festgestellt, weil sie eine unlautere Ausnutzung der Unterscheidungskraft von Porsches CARRERA angenommen hat, zumal Waren der Unterhaltungselektronik grunds\\u00e4tzlich auch in Kraftfahrzeugen eingebaut werden k\\u00f6nnen.<\\\/p>\\n\n\n<p><strong>Aus dem Beschluss der Vierten Beschwerdekammer:<\\\/strong> \\u2026Porsche hat mit der Marke CARRERA ein Image der Sportlichkeit und technischen Innovationskraft aufgebaut. Es ist davon auszugehen, dass die Marke von Herrn H. die Wertsch\\u00e4tzung und Unterscheidungskraft von Porsches CARRERA ausnutzt und beeintr\\u00e4chtigt.<\\\/p>\\n\n\n<p>Quellen: ENTSCHEIDUNG der Vierten Beschwerdekammer des HARMONISIERUNGSAMTES F\\u00dcR DEN BINNENMARKT (MARKEN, MUSTER UND MODELLE) vom 11. Januar 2011 im Beschwerdeverfahren R 306\\\/2010-4, best\\u00e4tigt vom Europ\\u00e4ischen Gerichtshof im URTEIL DES GERICHTSHOFS vom 21. Januar 2016 in der Rechtssache C\\u201150\\\/15 P.<\\\/p>\"}},{\"type\":\"button\",\"props\":{\"grid_column_gap\":\"small\",\"grid_row_gap\":\"small\",\"margin\":\"default\",\"class\":\"bluebutton\",\"button_size\":\"large\",\"text_align\":\"center\"},\"children\":[{\"type\":\"button_item\",\"props\":{\"button_style\":\"primary\",\"icon_align\":\"right\",\"content\":\"Weiter zur Runde 4\",\"icon\":\"triangle-right\",\"link\":\"dienstleistungen\\\/marken\\\/marken-rallye\\\/fifa-wm-2006\"}}]}]}]}]}],\"version\":\"2.4.14\"} --><\/p>\n","protected":false},"excerpt":{"rendered":"<p>Porsche Carrera vs. Carrera Aufl\u00f6sung zeigen Ist die Waren\u00e4hnlichkeit gro\u00df genug, dass Verwechslungsgefahr der beiden Marken besteht? Wird Herrn H.s identisch lautende Marke trotz Widerspruch von Porsche eingetragen? NEIN, Carrera wird nicht eingetragen Zwar sind die von Herrn H. zur Marke \u201eCarrera\u201c angemeldeten Waren aus der Unterhaltungselektronik mit denen von Porsche eingetragenen Kraftfahrzeugen als un\u00e4hnlich [&hellip;]<\/p>\n","protected":false},"author":2,"featured_media":0,"parent":5917,"menu_order":0,"comment_status":"closed","ping_status":"closed","template":"","meta":{"footnotes":""},"class_list":["post-5947","page","type-page","status-publish","hentry"],"yoast_head":"<!-- This site is optimized with the Yoast SEO plugin v25.6 - https:\/\/yoast.com\/wordpress\/plugins\/seo\/ -->\n<title>Porsche Carrera vs. Carrera - Aufl\u00f6sung - Patentanwalt Dipl.-Ing. Peter Herre<\/title>\n<meta name=\"robots\" content=\"index, follow, max-snippet:-1, max-image-preview:large, max-video-preview:-1\" \/>\n<link rel=\"canonical\" href=\"https:\/\/www.dendorfer-herrmann.de\/herre\/dienstleistungen\/marken\/marken-rallye\/porsche-carrera-vs-carrera\/porsche-carrera-vs-carrera-aufloesung\/\" \/>\n<meta property=\"og:locale\" content=\"de_DE\" \/>\n<meta property=\"og:type\" content=\"article\" \/>\n<meta property=\"og:title\" content=\"Porsche Carrera vs. Carrera - Aufl\u00f6sung - Patentanwalt Dipl.-Ing. Peter Herre\" \/>\n<meta property=\"og:description\" content=\"Porsche Carrera vs. Carrera Aufl\u00f6sung zeigen Ist die Waren\u00e4hnlichkeit gro\u00df genug, dass Verwechslungsgefahr der beiden Marken besteht? Wird Herrn H.s identisch lautende Marke trotz Widerspruch von Porsche eingetragen? NEIN, Carrera wird nicht eingetragen Zwar sind die von Herrn H. zur Marke \u201eCarrera\u201c angemeldeten Waren aus der Unterhaltungselektronik mit denen von Porsche eingetragenen Kraftfahrzeugen als un\u00e4hnlich [&hellip;]\" \/>\n<meta property=\"og:url\" content=\"https:\/\/www.dendorfer-herrmann.de\/herre\/dienstleistungen\/marken\/marken-rallye\/porsche-carrera-vs-carrera\/porsche-carrera-vs-carrera-aufloesung\" \/>\n<meta property=\"og:site_name\" content=\"Patentanwalt Dipl.-Ing. Peter Herre\" \/>\n<meta property=\"article:modified_time\" content=\"2021-05-21T09:18:16+00:00\" \/>\n<meta name=\"twitter:card\" content=\"summary_large_image\" \/>\n<meta name=\"twitter:label1\" content=\"Gesch\u00e4tzte Lesezeit\" \/>\n\t<meta name=\"twitter:data1\" content=\"1\u00a0Minute\" \/>\n<script type=\"application\/ld+json\" class=\"yoast-schema-graph\">{\"@context\":\"https:\/\/schema.org\",\"@graph\":[{\"@type\":\"WebPage\",\"@id\":\"https:\/\/www.dendorfer-herrmann.de\/herre\/dienstleistungen\/marken\/marken-rallye\/porsche-carrera-vs-carrera\/porsche-carrera-vs-carrera-aufloesung\/\",\"url\":\"https:\/\/www.dendorfer-herrmann.de\/herre\/dienstleistungen\/marken\/marken-rallye\/porsche-carrera-vs-carrera\/porsche-carrera-vs-carrera-aufloesung\/\",\"name\":\"Porsche Carrera vs. Carrera - Aufl\u00f6sung - Patentanwalt Dipl.-Ing. Peter Herre\",\"isPartOf\":{\"@id\":\"https:\/\/www.dendorfer-herrmann.de\/herre\/#website\"},\"datePublished\":\"2020-09-04T04:28:43+00:00\",\"dateModified\":\"2021-05-21T09:18:16+00:00\",\"breadcrumb\":{\"@id\":\"https:\/\/www.dendorfer-herrmann.de\/herre\/dienstleistungen\/marken\/marken-rallye\/porsche-carrera-vs-carrera\/porsche-carrera-vs-carrera-aufloesung\/#breadcrumb\"},\"inLanguage\":\"de\",\"potentialAction\":[{\"@type\":\"ReadAction\",\"target\":[\"https:\/\/www.dendorfer-herrmann.de\/herre\/dienstleistungen\/marken\/marken-rallye\/porsche-carrera-vs-carrera\/porsche-carrera-vs-carrera-aufloesung\/\"]}]},{\"@type\":\"BreadcrumbList\",\"@id\":\"https:\/\/www.dendorfer-herrmann.de\/herre\/dienstleistungen\/marken\/marken-rallye\/porsche-carrera-vs-carrera\/porsche-carrera-vs-carrera-aufloesung\/#breadcrumb\",\"itemListElement\":[{\"@type\":\"ListItem\",\"position\":1,\"name\":\"Leistungen\",\"item\":\"https:\/\/www.dendorfer-herrmann.de\/herre\/dienstleistungen\/\"},{\"@type\":\"ListItem\",\"position\":2,\"name\":\"Leistungen\",\"item\":\"https:\/\/www.dendorfer-herrmann.de\/herre\/dienstleistungen\/\"},{\"@type\":\"ListItem\",\"position\":3,\"name\":\"Marken\",\"item\":\"https:\/\/www.dendorfer-herrmann.de\/herre\/dienstleistungen\/marken\/\"},{\"@type\":\"ListItem\",\"position\":4,\"name\":\"Marken-Rallye\",\"item\":\"https:\/\/www.dendorfer-herrmann.de\/herre\/dienstleistungen\/marken\/marken-rallye\/\"},{\"@type\":\"ListItem\",\"position\":5,\"name\":\"Porsche Carrera vs. Carrera\",\"item\":\"https:\/\/www.dendorfer-herrmann.de\/herre\/dienstleistungen\/marken\/marken-rallye\/porsche-carrera-vs-carrera\/\"},{\"@type\":\"ListItem\",\"position\":6,\"name\":\"Porsche Carrera vs. Carrera &#8211; Aufl\u00f6sung\"}]},{\"@type\":\"WebSite\",\"@id\":\"https:\/\/www.dendorfer-herrmann.de\/herre\/#website\",\"url\":\"https:\/\/www.dendorfer-herrmann.de\/herre\/\",\"name\":\"Patentanwalt Dipl.-Ing. Peter Herre\",\"description\":\"Patentanwalt Dipl.-Ing. Peter Herre\",\"potentialAction\":[{\"@type\":\"SearchAction\",\"target\":{\"@type\":\"EntryPoint\",\"urlTemplate\":\"https:\/\/www.dendorfer-herrmann.de\/herre\/?s={search_term_string}\"},\"query-input\":{\"@type\":\"PropertyValueSpecification\",\"valueRequired\":true,\"valueName\":\"search_term_string\"}}],\"inLanguage\":\"de\"}]}<\/script>\n<!-- \/ Yoast SEO plugin. -->","yoast_head_json":{"title":"Porsche Carrera vs. Carrera - Aufl\u00f6sung - Patentanwalt Dipl.-Ing. Peter Herre","robots":{"index":"index","follow":"follow","max-snippet":"max-snippet:-1","max-image-preview":"max-image-preview:large","max-video-preview":"max-video-preview:-1"},"canonical":"https:\/\/www.dendorfer-herrmann.de\/herre\/dienstleistungen\/marken\/marken-rallye\/porsche-carrera-vs-carrera\/porsche-carrera-vs-carrera-aufloesung\/","og_locale":"de_DE","og_type":"article","og_title":"Porsche Carrera vs. Carrera - Aufl\u00f6sung - Patentanwalt Dipl.-Ing. Peter Herre","og_description":"Porsche Carrera vs. Carrera Aufl\u00f6sung zeigen Ist die Waren\u00e4hnlichkeit gro\u00df genug, dass Verwechslungsgefahr der beiden Marken besteht? Wird Herrn H.s identisch lautende Marke trotz Widerspruch von Porsche eingetragen? NEIN, Carrera wird nicht eingetragen Zwar sind die von Herrn H. zur Marke \u201eCarrera\u201c angemeldeten Waren aus der Unterhaltungselektronik mit denen von Porsche eingetragenen Kraftfahrzeugen als un\u00e4hnlich [&hellip;]","og_url":"https:\/\/www.dendorfer-herrmann.de\/herre\/dienstleistungen\/marken\/marken-rallye\/porsche-carrera-vs-carrera\/porsche-carrera-vs-carrera-aufloesung","og_site_name":"Patentanwalt Dipl.-Ing. Peter Herre","article_modified_time":"2021-05-21T09:18:16+00:00","twitter_card":"summary_large_image","twitter_misc":{"Gesch\u00e4tzte Lesezeit":"1\u00a0Minute"},"schema":{"@context":"https:\/\/schema.org","@graph":[{"@type":"WebPage","@id":"https:\/\/www.dendorfer-herrmann.de\/herre\/dienstleistungen\/marken\/marken-rallye\/porsche-carrera-vs-carrera\/porsche-carrera-vs-carrera-aufloesung\/","url":"https:\/\/www.dendorfer-herrmann.de\/herre\/dienstleistungen\/marken\/marken-rallye\/porsche-carrera-vs-carrera\/porsche-carrera-vs-carrera-aufloesung\/","name":"Porsche Carrera vs. Carrera - Aufl\u00f6sung - Patentanwalt Dipl.-Ing. Peter Herre","isPartOf":{"@id":"https:\/\/www.dendorfer-herrmann.de\/herre\/#website"},"datePublished":"2020-09-04T04:28:43+00:00","dateModified":"2021-05-21T09:18:16+00:00","breadcrumb":{"@id":"https:\/\/www.dendorfer-herrmann.de\/herre\/dienstleistungen\/marken\/marken-rallye\/porsche-carrera-vs-carrera\/porsche-carrera-vs-carrera-aufloesung\/#breadcrumb"},"inLanguage":"de","potentialAction":[{"@type":"ReadAction","target":["https:\/\/www.dendorfer-herrmann.de\/herre\/dienstleistungen\/marken\/marken-rallye\/porsche-carrera-vs-carrera\/porsche-carrera-vs-carrera-aufloesung\/"]}]},{"@type":"BreadcrumbList","@id":"https:\/\/www.dendorfer-herrmann.de\/herre\/dienstleistungen\/marken\/marken-rallye\/porsche-carrera-vs-carrera\/porsche-carrera-vs-carrera-aufloesung\/#breadcrumb","itemListElement":[{"@type":"ListItem","position":1,"name":"Leistungen","item":"https:\/\/www.dendorfer-herrmann.de\/herre\/dienstleistungen\/"},{"@type":"ListItem","position":2,"name":"Leistungen","item":"https:\/\/www.dendorfer-herrmann.de\/herre\/dienstleistungen\/"},{"@type":"ListItem","position":3,"name":"Marken","item":"https:\/\/www.dendorfer-herrmann.de\/herre\/dienstleistungen\/marken\/"},{"@type":"ListItem","position":4,"name":"Marken-Rallye","item":"https:\/\/www.dendorfer-herrmann.de\/herre\/dienstleistungen\/marken\/marken-rallye\/"},{"@type":"ListItem","position":5,"name":"Porsche Carrera vs. Carrera","item":"https:\/\/www.dendorfer-herrmann.de\/herre\/dienstleistungen\/marken\/marken-rallye\/porsche-carrera-vs-carrera\/"},{"@type":"ListItem","position":6,"name":"Porsche Carrera vs. Carrera &#8211; Aufl\u00f6sung"}]},{"@type":"WebSite","@id":"https:\/\/www.dendorfer-herrmann.de\/herre\/#website","url":"https:\/\/www.dendorfer-herrmann.de\/herre\/","name":"Patentanwalt Dipl.-Ing. Peter Herre","description":"Patentanwalt Dipl.-Ing. Peter Herre","potentialAction":[{"@type":"SearchAction","target":{"@type":"EntryPoint","urlTemplate":"https:\/\/www.dendorfer-herrmann.de\/herre\/?s={search_term_string}"},"query-input":{"@type":"PropertyValueSpecification","valueRequired":true,"valueName":"search_term_string"}}],"inLanguage":"de"}]}},"_links":{"self":[{"href":"https:\/\/www.dendorfer-herrmann.de\/herre\/wp-json\/wp\/v2\/pages\/5947"}],"collection":[{"href":"https:\/\/www.dendorfer-herrmann.de\/herre\/wp-json\/wp\/v2\/pages"}],"about":[{"href":"https:\/\/www.dendorfer-herrmann.de\/herre\/wp-json\/wp\/v2\/types\/page"}],"author":[{"embeddable":true,"href":"https:\/\/www.dendorfer-herrmann.de\/herre\/wp-json\/wp\/v2\/users\/2"}],"replies":[{"embeddable":true,"href":"https:\/\/www.dendorfer-herrmann.de\/herre\/wp-json\/wp\/v2\/comments?post=5947"}],"version-history":[{"count":5,"href":"https:\/\/www.dendorfer-herrmann.de\/herre\/wp-json\/wp\/v2\/pages\/5947\/revisions"}],"predecessor-version":[{"id":27882,"href":"https:\/\/www.dendorfer-herrmann.de\/herre\/wp-json\/wp\/v2\/pages\/5947\/revisions\/27882"}],"up":[{"embeddable":true,"href":"https:\/\/www.dendorfer-herrmann.de\/herre\/wp-json\/wp\/v2\/pages\/5917"}],"wp:attachment":[{"href":"https:\/\/www.dendorfer-herrmann.de\/herre\/wp-json\/wp\/v2\/media?parent=5947"}],"curies":[{"name":"wp","href":"https:\/\/api.w.org\/{rel}","templated":true}]}}