{"id":5917,"date":"2020-09-04T05:14:26","date_gmt":"2020-09-04T04:14:26","guid":{"rendered":"https:\/\/www.dendorfer-herrmann.de\/?page_id=5917"},"modified":"2021-05-21T10:17:28","modified_gmt":"2021-05-21T09:17:28","slug":"porsche-carrera-vs-carrera","status":"publish","type":"page","link":"https:\/\/www.dendorfer-herrmann.de\/herre\/dienstleistungen\/marken\/marken-rallye\/porsche-carrera-vs-carrera\/","title":{"rendered":"Porsche Carrera vs. Carrera"},"content":{"rendered":"<h2>Runde 3<\/h2>\n<h1>Porsche Carrera vs. Carrera<\/h1>\n<div>\n<p><strong>Herr H.<\/strong> beantragt eine Gemeinschaftsmarke (heute: Unionsmarke):<\/p>\n<p>Das gew\u00fcnschte Zeichen lautet \u201e<strong>Carrera<\/strong>\u201c f\u00fcr Waren aus dem Bereich Unterhaltungselektronik, die nicht zum Einbau in Kraftfahrzeugen bestimmt sind.<\/p>\n<p>Im Waren- und Dienstleistungsverzeichnis der von Herrn H. beantragten Marke sind auch Navigationsger\u00e4te aufgelistet. Es ist bekannt, dass Navigationsger\u00e4te vor allem in Kraftfahrzeugen Verwendung finden.<\/p>\n<p>Der Autohersteller <strong>Porsche<\/strong> legt gegen die Eintragung der Marke Widerspruch ein und st\u00fctzt seinen Widerspruch auf die von Porsche eingetragene Wortmarke <strong>CARRERA<\/strong>.<\/p>\n<ul>\n<li>CARRERA wurde 1976 von Porsche als deutsche Wortmarke eingetragen und 2001 als Gemeinschaftsmarke (heute: Unionsmarke).<\/li>\n<li>Im Waren- und Dienstleistungsverzeichnis der Marke CARRERA sind auch \u201eKraftfahrzeuge\u201c eingetragen.<\/li>\n<\/ul>\n<\/div>\n<div>\n<h3>RELATIVE EINTRAGUNGSHINDERNISSE<\/h3>\n<div>\n<p>\u201eRelative Eintragungshindernisse\u201c liegen vor, wenn zwischen zwei Marken Verwechslungsgefahr besteht. Es ist vom jeweiligen Einzelfall abh\u00e4ngig, unter welchen Voraussetzungen zwei Marken einander \u201ezum Verwechseln \u00e4hnlich\u201c sind.<\/p>\n<p>In Artikel 8 Abs. 1 b) der <a href=\"https:\/\/eur-lex.europa.eu\/legal-content\/DE\/TXT\/?uri=CELEX:32017R1001\">Verordnung (EU) Nr. 2017\/1001<\/a> \u00fcber die Unionsmarke werden \u201erelative Eintragungshindernisse\u201c so festgelegt:<\/p>\n<p>Auf Widerspruch des Inhabers einer \u00e4lteren Marke ist die angemeldete Marke von der Eintragung ausgeschlossen, wenn wegen ihrer Identit\u00e4t oder \u00c4hnlichkeit mit der \u00e4lteren Marke und der Identit\u00e4t oder \u00c4hnlichkeit der durch die beiden Marken erfassten Waren oder Dienstleistungen f\u00fcr das Publikum die Gefahr von Verwechslungen in dem Gebiet besteht, in dem die \u00e4ltere Marke Schutz genie\u00dft; dabei schlie\u00dft die Gefahr von Verwechslungen die Gefahr ein, dass die Marke mit der \u00e4lteren Marke gedanklich in Verbindung gebracht wird.<\/p>\n<\/div>\n<\/div>\n<hr>\n<div>\n<h3>HINWEISE<\/h3>\n<div>\n<p>Die Eintr\u00e4ge im Waren- und Dienstleistungsverzeichnis sind ein wesentliches Kriterium bei der Entscheidung, ob Verwechslungsgefahr vorliegt.<br \/>\u201eWer zuerst kommt mahlt zuerst\u201c, gilt auch bei der Anmeldung einer Marke. Aber es bedarf auch eines rechtzeitigen Widerspruchs des Inhabers der \u00e4lteren Marke. Das Markenamt wird bei der Verletzung relativer Schutzhindernisse NICHT von sich aus t\u00e4tig!<\/p>\n<\/div>\n<\/div>\n<h3>WAS MEINEN SIE?<\/h3>\n<h5>Ist die Waren\u00e4hnlichkeit gro\u00df genug, dass Verwechslungsgefahr der beiden Marken besteht?<\/p>\n<p>Wird Herrn H.s Marke trotz Widerspruch von Porsche eingetragen?<\/h5>\n<p>\n    <a href=\"https:\/\/www.dendorfer-herrmann.de\/herre\/dienstleistungen\/marken\/marken-rallye\/porsche-carrera-vs-carrera\/porsche-carrera-vs-carrera-aufloesung\/\">Aufl\u00f6sung zeigen<\/a>\n<\/p>\n<p><!--more--><br \/>\n<!-- {\"name\":\"rallye\",\"type\":\"layout\",\"children\":[{\"type\":\"section\",\"props\":{\"style\":\"default\",\"width\":\"default\",\"vertical_align\":\"middle\",\"title_position\":\"top-left\",\"title_rotation\":\"left\",\"title_breakpoint\":\"xl\",\"image_position\":\"center-center\",\"padding_remove_top\":false,\"padding_remove_bottom\":false,\"padding\":\"xsmall\"},\"children\":[{\"type\":\"row\",\"children\":[{\"type\":\"column\",\"props\":{\"image_position\":\"center-center\",\"media_overlay_gradient\":\"\"},\"children\":[{\"type\":\"breadcrumbs\",\"props\":{\"show_home\":true,\"show_current\":false,\"home_text\":\"Home\"}}]}]}],\"modified\":\"2021-05-21T08:55:35.040Z\",\"name\":\"Breadcrumb\"},{\"type\":\"section\",\"props\":{\"style\":\"primary\",\"width\":\"default\",\"vertical_align\":\"middle\",\"title_position\":\"top-left\",\"title_rotation\":\"left\",\"title_breakpoint\":\"xl\",\"image_position\":\"center-center\",\"image\":\"wp-content\\\/uploads\\\/sites\\\/8\\\/marken-img-02.jpg\",\"image_size\":\"cover\",\"media_background\":\"#1D1D1D\",\"media_overlay\":\"rgba(22, 22, 22, 0.27)\",\"css\":\".el-section * {text-shadow:2px 2px 2px rgba(0,0,0,0.5);}\"},\"children\":[{\"type\":\"row\",\"children\":[{\"type\":\"column\",\"props\":{\"image_position\":\"center-center\",\"media_overlay_gradient\":\"\"},\"children\":[{\"type\":\"headline\",\"props\":{\"title_element\":\"h2\",\"content\":\"Runde 3\",\"margin_remove_top\":false,\"margin_remove_bottom\":true}},{\"type\":\"headline\",\"props\":{\"title_element\":\"h1\",\"content\":\"Porsche Carrera vs. Carrera\",\"title_style\":\"heading-medium\",\"margin_remove_bottom\":false,\"title_decoration\":\"line\",\"margin_remove_top\":true}}]}]}]},{\"type\":\"section\",\"props\":{\"style\":\"default\",\"width\":\"default\",\"vertical_align\":\"middle\",\"title_position\":\"top-left\",\"title_rotation\":\"left\",\"title_breakpoint\":\"xl\",\"image_position\":\"center-center\"},\"children\":[{\"type\":\"row\",\"children\":[{\"type\":\"column\",\"props\":{\"image_position\":\"center-center\",\"media_overlay_gradient\":\"\"},\"children\":[{\"type\":\"text\",\"props\":{\"margin\":\"default\",\"column_breakpoint\":\"m\",\"content\":\"\n\n<p><strong>Herr H.<\\\/strong> beantragt eine Gemeinschaftsmarke (heute: Unionsmarke):<\\\/p>\\n\n\n<p>Das gew\\u00fcnschte Zeichen lautet \\u201e<strong>Carrera<\\\/strong>\\u201c f\\u00fcr Waren aus dem Bereich Unterhaltungselektronik, die nicht zum Einbau in Kraftfahrzeugen bestimmt sind.<\\\/p>\\n\n\n<p>Im Waren- und Dienstleistungsverzeichnis der von Herrn H. beantragten Marke sind auch Navigationsger\\u00e4te aufgelistet. Es ist bekannt, dass Navigationsger\\u00e4te vor allem in Kraftfahrzeugen Verwendung finden.<\\\/p>\\n\n\n<p>Der Autohersteller <strong>Porsche<\\\/strong> legt gegen die Eintragung der Marke Widerspruch ein und st\\u00fctzt seinen Widerspruch auf die von Porsche eingetragene Wortmarke <strong>CARRERA<\\\/strong>.<\\\/p>\\n\n\n<ul>\\n\n\n<li>CARRERA wurde 1976 von Porsche als deutsche Wortmarke eingetragen und 2001 als Gemeinschaftsmarke (heute: Unionsmarke).<\\\/li>\\n\n\n<li>Im Waren- und Dienstleistungsverzeichnis der Marke CARRERA sind auch \\u201eKraftfahrzeuge\\u201c eingetragen.<\\\/li>\\n<\\\/ul>\"}}]}]}]},{\"type\":\"section\",\"props\":{\"style\":\"secondary\",\"width\":\"default\",\"vertical_align\":\"middle\",\"title_position\":\"top-left\",\"title_rotation\":\"left\",\"title_breakpoint\":\"xl\",\"image_position\":\"center-center\"},\"children\":[{\"type\":\"row\",\"children\":[{\"type\":\"column\",\"props\":{\"image_position\":\"center-center\",\"media_overlay_gradient\":\"\"},\"children\":[{\"type\":\"panel\",\"props\":{\"link_text\":\"Read more\",\"title_hover_style\":\"reset\",\"title_element\":\"h3\",\"title_align\":\"top\",\"title_grid_width\":\"1-2\",\"title_grid_breakpoint\":\"m\",\"meta_style\":\"meta\",\"meta_align\":\"below-title\",\"meta_element\":\"div\",\"content_column_breakpoint\":\"m\",\"icon_width\":80,\"image_align\":\"left\",\"image_grid_width\":\"small\",\"image_grid_breakpoint\":\"m\",\"image_svg_color\":\"emphasis\",\"link_style\":\"default\",\"margin\":\"default\",\"title\":\"RELATIVE EINTRAGUNGSHINDERNISSE\",\"content\":\"\n\n<p>\\u201eRelative Eintragungshindernisse\\u201c liegen vor, wenn zwischen zwei Marken Verwechslungsgefahr besteht. Es ist vom jeweiligen Einzelfall abh\\u00e4ngig, unter welchen Voraussetzungen zwei Marken einander \\u201ezum Verwechseln \\u00e4hnlich\\u201c sind.<\\\/p>\\n\n\n<p>In Artikel 8 Abs. 1 b) der <a href=\\\"https:\\\/\\\/eur-lex.europa.eu\\\/legal-content\\\/DE\\\/TXT\\\/?uri=CELEX:32017R1001\\\">Verordnung (EU) Nr. 2017\\\/1001<\\\/a> \\u00fcber die Unionsmarke werden \\u201erelative Eintragungshindernisse\\u201c so festgelegt:<\\\/p>\\n\n\n<p>Auf Widerspruch des Inhabers einer \\u00e4lteren Marke ist die angemeldete Marke von der Eintragung ausgeschlossen, wenn wegen ihrer Identit\\u00e4t oder \\u00c4hnlichkeit mit der \\u00e4lteren Marke und der Identit\\u00e4t oder \\u00c4hnlichkeit der durch die beiden Marken erfassten Waren oder Dienstleistungen f\\u00fcr das Publikum die Gefahr von Verwechslungen in dem Gebiet besteht, in dem die \\u00e4ltere Marke Schutz genie\\u00dft; dabei schlie\\u00dft die Gefahr von Verwechslungen die Gefahr ein, dass die Marke mit der \\u00e4lteren Marke gedanklich in Verbindung gebracht wird.<\\\/p>\",\"icon\":\"question\",\"icon_color\":\"primary\"}},{\"type\":\"divider\",\"props\":{\"divider_element\":\"hr\"}},{\"type\":\"panel\",\"props\":{\"link_text\":\"Read more\",\"title_hover_style\":\"reset\",\"title_element\":\"h3\",\"title_align\":\"top\",\"title_grid_width\":\"1-2\",\"title_grid_breakpoint\":\"m\",\"meta_style\":\"meta\",\"meta_align\":\"below-title\",\"meta_element\":\"div\",\"content_column_breakpoint\":\"m\",\"icon_width\":80,\"image_align\":\"left\",\"image_grid_width\":\"small\",\"image_grid_breakpoint\":\"m\",\"image_svg_color\":\"emphasis\",\"link_style\":\"default\",\"margin\":\"default\",\"title\":\"HINWEISE\",\"content\":\"\n\n<p>Die Eintr\\u00e4ge im Waren- und Dienstleistungsverzeichnis sind ein wesentliches Kriterium bei der Entscheidung, ob Verwechslungsgefahr vorliegt.<br \\\/>\\u201eWer zuerst kommt mahlt zuerst\\u201c, gilt auch bei der Anmeldung einer Marke. Aber es bedarf auch eines rechtzeitigen Widerspruchs des Inhabers der \\u00e4lteren Marke. Das Markenamt wird bei der Verletzung relativer Schutzhindernisse NICHT von sich aus t\\u00e4tig!<\\\/p>\",\"icon\":\"info\",\"icon_color\":\"primary\"}}]}]}]},{\"type\":\"section\",\"props\":{\"style\":\"default\",\"width\":\"default\",\"vertical_align\":\"middle\",\"title_position\":\"top-left\",\"title_rotation\":\"left\",\"title_breakpoint\":\"xl\",\"image_position\":\"center-center\"},\"children\":[{\"type\":\"row\",\"children\":[{\"type\":\"column\",\"props\":{\"image_position\":\"center-center\",\"media_overlay_gradient\":\"\"},\"children\":[{\"type\":\"headline\",\"props\":{\"title_element\":\"h3\",\"content\":\"WAS MEINEN SIE?\",\"title_style\":\"h2\"}},{\"type\":\"headline\",\"props\":{\"title_element\":\"h5\",\"content\":\"Ist die Waren\\u00e4hnlichkeit gro\\u00df genug, dass Verwechslungsgefahr der beiden Marken besteht?<br \\\/><br \\\/>Wird Herrn H.s Marke trotz Widerspruch von Porsche eingetragen?\",\"title_decoration\":\"bullet\",\"class\":\"bluebullet\"}},{\"type\":\"button\",\"props\":{\"grid_column_gap\":\"small\",\"grid_row_gap\":\"small\",\"margin\":\"default\",\"class\":\"bluebutton\",\"text_align\":\"center\",\"button_size\":\"large\"},\"children\":[{\"type\":\"button_item\",\"props\":{\"button_style\":\"primary\",\"icon_align\":\"right\",\"content\":\"Aufl\\u00f6sung zeigen\",\"link\":\"dienstleistungen\\\/marken\\\/marken-rallye\\\/porsche-carrera-vs-carrera\\\/porsche-carrera-vs-carrera-aufloesung\",\"icon\":\"triangle-right\"}}]}]}]}]}],\"version\":\"2.4.14\"} --><\/p>\n","protected":false},"excerpt":{"rendered":"<p>Runde 3 Porsche Carrera vs. Carrera Herr H. beantragt eine Gemeinschaftsmarke (heute: Unionsmarke): Das gew\u00fcnschte Zeichen lautet \u201eCarrera\u201c f\u00fcr Waren aus dem Bereich Unterhaltungselektronik, die nicht zum Einbau in Kraftfahrzeugen bestimmt sind. Im Waren- und Dienstleistungsverzeichnis der von Herrn H. beantragten Marke sind auch Navigationsger\u00e4te aufgelistet. Es ist bekannt, dass Navigationsger\u00e4te vor allem in Kraftfahrzeugen [&hellip;]<\/p>\n","protected":false},"author":2,"featured_media":0,"parent":4599,"menu_order":3,"comment_status":"closed","ping_status":"closed","template":"","meta":{"footnotes":""},"class_list":["post-5917","page","type-page","status-publish","hentry"],"yoast_head":"<!-- This site is optimized with the Yoast SEO plugin v25.6 - https:\/\/yoast.com\/wordpress\/plugins\/seo\/ -->\n<title>Porsche Carrera vs. Carrera - Patentanwalt Dipl.-Ing. Peter Herre<\/title>\n<meta name=\"robots\" content=\"index, follow, max-snippet:-1, max-image-preview:large, max-video-preview:-1\" \/>\n<link rel=\"canonical\" href=\"https:\/\/www.dendorfer-herrmann.de\/herre\/dienstleistungen\/marken\/marken-rallye\/porsche-carrera-vs-carrera\/\" \/>\n<meta property=\"og:locale\" content=\"de_DE\" \/>\n<meta property=\"og:type\" content=\"article\" \/>\n<meta property=\"og:title\" content=\"Porsche Carrera vs. Carrera - Patentanwalt Dipl.-Ing. Peter Herre\" \/>\n<meta property=\"og:description\" content=\"Runde 3 Porsche Carrera vs. Carrera Herr H. beantragt eine Gemeinschaftsmarke (heute: Unionsmarke): Das gew\u00fcnschte Zeichen lautet \u201eCarrera\u201c f\u00fcr Waren aus dem Bereich Unterhaltungselektronik, die nicht zum Einbau in Kraftfahrzeugen bestimmt sind. Im Waren- und Dienstleistungsverzeichnis der von Herrn H. beantragten Marke sind auch Navigationsger\u00e4te aufgelistet. Es ist bekannt, dass Navigationsger\u00e4te vor allem in Kraftfahrzeugen [&hellip;]\" \/>\n<meta property=\"og:url\" content=\"https:\/\/www.dendorfer-herrmann.de\/herre\/dienstleistungen\/marken\/marken-rallye\/porsche-carrera-vs-carrera\" \/>\n<meta property=\"og:site_name\" content=\"Patentanwalt Dipl.-Ing. Peter Herre\" \/>\n<meta property=\"article:modified_time\" content=\"2021-05-21T09:17:28+00:00\" \/>\n<meta name=\"twitter:card\" content=\"summary_large_image\" \/>\n<meta name=\"twitter:label1\" content=\"Gesch\u00e4tzte Lesezeit\" \/>\n\t<meta name=\"twitter:data1\" content=\"2\u00a0Minuten\" \/>\n<script type=\"application\/ld+json\" class=\"yoast-schema-graph\">{\"@context\":\"https:\/\/schema.org\",\"@graph\":[{\"@type\":\"WebPage\",\"@id\":\"https:\/\/www.dendorfer-herrmann.de\/herre\/dienstleistungen\/marken\/marken-rallye\/porsche-carrera-vs-carrera\/\",\"url\":\"https:\/\/www.dendorfer-herrmann.de\/herre\/dienstleistungen\/marken\/marken-rallye\/porsche-carrera-vs-carrera\/\",\"name\":\"Porsche Carrera vs. Carrera - Patentanwalt Dipl.-Ing. Peter Herre\",\"isPartOf\":{\"@id\":\"https:\/\/www.dendorfer-herrmann.de\/herre\/#website\"},\"datePublished\":\"2020-09-04T04:14:26+00:00\",\"dateModified\":\"2021-05-21T09:17:28+00:00\",\"breadcrumb\":{\"@id\":\"https:\/\/www.dendorfer-herrmann.de\/herre\/dienstleistungen\/marken\/marken-rallye\/porsche-carrera-vs-carrera\/#breadcrumb\"},\"inLanguage\":\"de\",\"potentialAction\":[{\"@type\":\"ReadAction\",\"target\":[\"https:\/\/www.dendorfer-herrmann.de\/herre\/dienstleistungen\/marken\/marken-rallye\/porsche-carrera-vs-carrera\/\"]}]},{\"@type\":\"BreadcrumbList\",\"@id\":\"https:\/\/www.dendorfer-herrmann.de\/herre\/dienstleistungen\/marken\/marken-rallye\/porsche-carrera-vs-carrera\/#breadcrumb\",\"itemListElement\":[{\"@type\":\"ListItem\",\"position\":1,\"name\":\"Leistungen\",\"item\":\"https:\/\/www.dendorfer-herrmann.de\/herre\/dienstleistungen\/\"},{\"@type\":\"ListItem\",\"position\":2,\"name\":\"Leistungen\",\"item\":\"https:\/\/www.dendorfer-herrmann.de\/herre\/dienstleistungen\/\"},{\"@type\":\"ListItem\",\"position\":3,\"name\":\"Marken\",\"item\":\"https:\/\/www.dendorfer-herrmann.de\/herre\/dienstleistungen\/marken\/\"},{\"@type\":\"ListItem\",\"position\":4,\"name\":\"Marken-Rallye\",\"item\":\"https:\/\/www.dendorfer-herrmann.de\/herre\/dienstleistungen\/marken\/marken-rallye\/\"},{\"@type\":\"ListItem\",\"position\":5,\"name\":\"Porsche Carrera vs. Carrera\"}]},{\"@type\":\"WebSite\",\"@id\":\"https:\/\/www.dendorfer-herrmann.de\/herre\/#website\",\"url\":\"https:\/\/www.dendorfer-herrmann.de\/herre\/\",\"name\":\"Patentanwalt Dipl.-Ing. Peter Herre\",\"description\":\"Patentanwalt Dipl.-Ing. Peter Herre\",\"potentialAction\":[{\"@type\":\"SearchAction\",\"target\":{\"@type\":\"EntryPoint\",\"urlTemplate\":\"https:\/\/www.dendorfer-herrmann.de\/herre\/?s={search_term_string}\"},\"query-input\":{\"@type\":\"PropertyValueSpecification\",\"valueRequired\":true,\"valueName\":\"search_term_string\"}}],\"inLanguage\":\"de\"}]}<\/script>\n<!-- \/ Yoast SEO plugin. -->","yoast_head_json":{"title":"Porsche Carrera vs. Carrera - Patentanwalt Dipl.-Ing. Peter Herre","robots":{"index":"index","follow":"follow","max-snippet":"max-snippet:-1","max-image-preview":"max-image-preview:large","max-video-preview":"max-video-preview:-1"},"canonical":"https:\/\/www.dendorfer-herrmann.de\/herre\/dienstleistungen\/marken\/marken-rallye\/porsche-carrera-vs-carrera\/","og_locale":"de_DE","og_type":"article","og_title":"Porsche Carrera vs. Carrera - Patentanwalt Dipl.-Ing. Peter Herre","og_description":"Runde 3 Porsche Carrera vs. Carrera Herr H. beantragt eine Gemeinschaftsmarke (heute: Unionsmarke): Das gew\u00fcnschte Zeichen lautet \u201eCarrera\u201c f\u00fcr Waren aus dem Bereich Unterhaltungselektronik, die nicht zum Einbau in Kraftfahrzeugen bestimmt sind. Im Waren- und Dienstleistungsverzeichnis der von Herrn H. beantragten Marke sind auch Navigationsger\u00e4te aufgelistet. Es ist bekannt, dass Navigationsger\u00e4te vor allem in Kraftfahrzeugen [&hellip;]","og_url":"https:\/\/www.dendorfer-herrmann.de\/herre\/dienstleistungen\/marken\/marken-rallye\/porsche-carrera-vs-carrera","og_site_name":"Patentanwalt Dipl.-Ing. Peter Herre","article_modified_time":"2021-05-21T09:17:28+00:00","twitter_card":"summary_large_image","twitter_misc":{"Gesch\u00e4tzte Lesezeit":"2\u00a0Minuten"},"schema":{"@context":"https:\/\/schema.org","@graph":[{"@type":"WebPage","@id":"https:\/\/www.dendorfer-herrmann.de\/herre\/dienstleistungen\/marken\/marken-rallye\/porsche-carrera-vs-carrera\/","url":"https:\/\/www.dendorfer-herrmann.de\/herre\/dienstleistungen\/marken\/marken-rallye\/porsche-carrera-vs-carrera\/","name":"Porsche Carrera vs. Carrera - Patentanwalt Dipl.-Ing. Peter Herre","isPartOf":{"@id":"https:\/\/www.dendorfer-herrmann.de\/herre\/#website"},"datePublished":"2020-09-04T04:14:26+00:00","dateModified":"2021-05-21T09:17:28+00:00","breadcrumb":{"@id":"https:\/\/www.dendorfer-herrmann.de\/herre\/dienstleistungen\/marken\/marken-rallye\/porsche-carrera-vs-carrera\/#breadcrumb"},"inLanguage":"de","potentialAction":[{"@type":"ReadAction","target":["https:\/\/www.dendorfer-herrmann.de\/herre\/dienstleistungen\/marken\/marken-rallye\/porsche-carrera-vs-carrera\/"]}]},{"@type":"BreadcrumbList","@id":"https:\/\/www.dendorfer-herrmann.de\/herre\/dienstleistungen\/marken\/marken-rallye\/porsche-carrera-vs-carrera\/#breadcrumb","itemListElement":[{"@type":"ListItem","position":1,"name":"Leistungen","item":"https:\/\/www.dendorfer-herrmann.de\/herre\/dienstleistungen\/"},{"@type":"ListItem","position":2,"name":"Leistungen","item":"https:\/\/www.dendorfer-herrmann.de\/herre\/dienstleistungen\/"},{"@type":"ListItem","position":3,"name":"Marken","item":"https:\/\/www.dendorfer-herrmann.de\/herre\/dienstleistungen\/marken\/"},{"@type":"ListItem","position":4,"name":"Marken-Rallye","item":"https:\/\/www.dendorfer-herrmann.de\/herre\/dienstleistungen\/marken\/marken-rallye\/"},{"@type":"ListItem","position":5,"name":"Porsche Carrera vs. Carrera"}]},{"@type":"WebSite","@id":"https:\/\/www.dendorfer-herrmann.de\/herre\/#website","url":"https:\/\/www.dendorfer-herrmann.de\/herre\/","name":"Patentanwalt Dipl.-Ing. Peter Herre","description":"Patentanwalt Dipl.-Ing. Peter Herre","potentialAction":[{"@type":"SearchAction","target":{"@type":"EntryPoint","urlTemplate":"https:\/\/www.dendorfer-herrmann.de\/herre\/?s={search_term_string}"},"query-input":{"@type":"PropertyValueSpecification","valueRequired":true,"valueName":"search_term_string"}}],"inLanguage":"de"}]}},"_links":{"self":[{"href":"https:\/\/www.dendorfer-herrmann.de\/herre\/wp-json\/wp\/v2\/pages\/5917"}],"collection":[{"href":"https:\/\/www.dendorfer-herrmann.de\/herre\/wp-json\/wp\/v2\/pages"}],"about":[{"href":"https:\/\/www.dendorfer-herrmann.de\/herre\/wp-json\/wp\/v2\/types\/page"}],"author":[{"embeddable":true,"href":"https:\/\/www.dendorfer-herrmann.de\/herre\/wp-json\/wp\/v2\/users\/2"}],"replies":[{"embeddable":true,"href":"https:\/\/www.dendorfer-herrmann.de\/herre\/wp-json\/wp\/v2\/comments?post=5917"}],"version-history":[{"count":5,"href":"https:\/\/www.dendorfer-herrmann.de\/herre\/wp-json\/wp\/v2\/pages\/5917\/revisions"}],"predecessor-version":[{"id":27881,"href":"https:\/\/www.dendorfer-herrmann.de\/herre\/wp-json\/wp\/v2\/pages\/5917\/revisions\/27881"}],"up":[{"embeddable":true,"href":"https:\/\/www.dendorfer-herrmann.de\/herre\/wp-json\/wp\/v2\/pages\/4599"}],"wp:attachment":[{"href":"https:\/\/www.dendorfer-herrmann.de\/herre\/wp-json\/wp\/v2\/media?parent=5917"}],"curies":[{"name":"wp","href":"https:\/\/api.w.org\/{rel}","templated":true}]}}