{"id":5350,"date":"2020-09-01T19:26:52","date_gmt":"2020-09-01T18:26:52","guid":{"rendered":"https:\/\/www.dendorfer-herrmann.de\/?page_id=5350"},"modified":"2021-05-21T10:16:19","modified_gmt":"2021-05-21T09:16:19","slug":"aqua-rinse-aufloesung","status":"publish","type":"page","link":"https:\/\/www.dendorfer-herrmann.de\/herre\/dienstleistungen\/marken\/marken-rallye\/aqua-rinse\/aqua-rinse-aufloesung\/","title":{"rendered":"Aqua Rinse &#8211; Aufl\u00f6sung"},"content":{"rendered":"<h1>AQUA RINSE<\/h1>\n<h2>Aufl\u00f6sung zeigen<\/h2>\n<div>\n<p>Handelt es sich bei AQUA RINSE um einen glatt beschreibenden Begriff, dass das Produkt bei der Sp\u00fclung von Toiletten zu verwenden sei? Wurde die Marke in das deutsche Markenregister eingetragen?<\/p>\n<\/div>\n<div>\n<p>        <img decoding=\"async\" src=\"\/herre\/wp-content\/uploads\/sites\/8\/2020\/09\/checkered.png\" alt=\"\"><\/p>\n<h2>Ja, AQUA RINSE wurde eingetragen!<\/h2>\n<\/div>\n<div>\n<p><strong>Beschluss des Bundespatentgerichts 2013:<\/strong> Die Wortmarke AQUA RINSE ist f\u00fcr \u201echemische und biologische Zusatzstoffe f\u00fcr die Reinigung von Toiletten\u201c eintragungsf\u00e4hig.<\/p>\n<p><strong>Begr\u00fcndung:<\/strong> Es handelt sich um keine sprachlich korrekte, sinnvolle Wortverbindung.<br \/>Aqua stammt aus dem Lateinischen. Es wird im Englischen nur in Wortverbindungen gebraucht (z. B. \u201eAquafarm\u201c). Eine Toilettensp\u00fclung w\u00fcrde man eher mit \u201eflush\u201c statt \u201erinse\u201c bezeichnen.<\/p>\n<p><strong>Quelle:<\/strong> Bundespatentgericht Jahresbericht 2013, BPatG, Beschl. v. 7.3.2013 \u2013 30 W (pat) 506\/11<\/p>\n<\/div>\n<div>\n<h3>ACHTUNG SCHLAGLOCH!<\/h3>\n<div>\n<p>Beachten Sie, dass AQUA RINSE als deutsche Marke eingetragen wurde. M\u00f6chte die Firma auf Grund von Expansionspl\u00e4nen eine Unionsmarke anmelden, die f\u00fcr die gesamte EU gilt, werden die unter \u201eHinweise\u201c gegebenen Argumente auf alle Sprachen der EU erweitert. So kam es dann auch, dass die parallele Anmeldung des Zeichens als Gemeinschaftsmarke (heute: Unionsmarke) durch die Entscheidung der Vierten Beschwerdekammer des Harmonisierungsamtes f\u00fcr den Binnenmarkt (HABM, seit 2016 Amt der Europ\u00e4ischen Union f\u00fcr Geistiges Eigentum \u2013 EUIPO) vom 5. September 2008 (Az. R 225\/2008-4) zur\u00fcckgewiesen wurde.<\/p>\n<p>AQUA RINSE wurde nicht als Gemeinschaftsmarke (heute: Unionsmarke) eingetragen.<\/p>\n<\/div>\n<\/div>\n<p>\n    <a href=\"https:\/\/www.dendorfer-herrmann.de\/herre\/dienstleistungen\/marken\/marken-rallye\/palettenboerse-vs-domaingrabber\/\">Weiter zur Runde 2 <\/a>\n<\/p>\n<p><!--more--><br \/>\n<!-- {\"name\":\"rallye\",\"type\":\"layout\",\"children\":[{\"type\":\"section\",\"props\":{\"style\":\"default\",\"width\":\"default\",\"vertical_align\":\"middle\",\"title_position\":\"top-left\",\"title_rotation\":\"left\",\"title_breakpoint\":\"xl\",\"image_position\":\"center-center\",\"padding_remove_top\":false,\"padding_remove_bottom\":false,\"padding\":\"xsmall\"},\"children\":[{\"type\":\"row\",\"children\":[{\"type\":\"column\",\"props\":{\"image_position\":\"center-center\",\"media_overlay_gradient\":\"\"},\"children\":[{\"type\":\"breadcrumbs\",\"props\":{\"show_home\":true,\"show_current\":false,\"home_text\":\"Home\"}}]}]}],\"modified\":\"2021-05-21T08:55:35.040Z\",\"name\":\"Breadcrumb\"},{\"type\":\"section\",\"props\":{\"style\":\"primary\",\"width\":\"default\",\"vertical_align\":\"middle\",\"title_position\":\"top-left\",\"title_rotation\":\"left\",\"title_breakpoint\":\"xl\",\"image_position\":\"center-center\",\"image\":\"wp-content\\\/uploads\\\/sites\\\/8\\\/marken-img-02.jpg\",\"image_size\":\"cover\",\"media_background\":\"#1D1D1D\",\"media_overlay\":\"rgba(22, 22, 22, 0.27)\",\"css\":\".el-section * {text-shadow:2px 2px 2px rgba(0,0,0,0.5);}\"},\"children\":[{\"type\":\"row\",\"children\":[{\"type\":\"column\",\"props\":{\"image_position\":\"center-center\",\"media_overlay_gradient\":\"\"},\"children\":[{\"type\":\"headline\",\"props\":{\"title_element\":\"h1\",\"content\":\"AQUA RINSE\",\"title_style\":\"heading-medium\",\"margin_remove_bottom\":true,\"title_decoration\":\"line\"}},{\"type\":\"headline\",\"props\":{\"title_element\":\"h2\",\"content\":\"Aufl\\u00f6sung zeigen\",\"margin_remove_top\":true}}]}]}]},{\"type\":\"section\",\"props\":{\"style\":\"default\",\"width\":\"default\",\"vertical_align\":\"middle\",\"title_position\":\"top-left\",\"title_rotation\":\"left\",\"title_breakpoint\":\"xl\",\"image_position\":\"center-center\"},\"children\":[{\"type\":\"row\",\"children\":[{\"type\":\"column\",\"props\":{\"image_position\":\"center-center\",\"media_overlay_gradient\":\"\"},\"children\":[{\"type\":\"text\",\"props\":{\"margin\":\"default\",\"column_breakpoint\":\"m\",\"content\":\"\n\n<p>Handelt es sich bei AQUA RINSE um einen glatt beschreibenden Begriff, dass das Produkt bei der Sp\\u00fclung von Toiletten zu verwenden sei? Wurde die Marke in das deutsche Markenregister eingetragen?<\\\/p>\",\"text_size\":\"large\"}}]}]}]},{\"type\":\"section\",\"props\":{\"style\":\"default\",\"width\":\"default\",\"vertical_align\":\"middle\",\"title_position\":\"top-left\",\"title_rotation\":\"left\",\"title_breakpoint\":\"xl\",\"image_position\":\"center-center\",\"image\":\"\",\"media_background\":\"#4ED36A\",\"class\":\"green\"},\"children\":[{\"type\":\"row\",\"children\":[{\"type\":\"column\",\"props\":{\"image_position\":\"center-center\",\"media_overlay_gradient\":\"\",\"width_medium\":\"\"},\"children\":[{\"type\":\"panel\",\"props\":{\"link_text\":\"Read more\",\"title_hover_style\":\"reset\",\"title_element\":\"h2\",\"title_align\":\"top\",\"title_grid_width\":\"1-2\",\"title_grid_breakpoint\":\"m\",\"meta_style\":\"meta\",\"meta_align\":\"below-title\",\"meta_element\":\"div\",\"content_column_breakpoint\":\"m\",\"icon_width\":80,\"image_align\":\"left\",\"image_grid_width\":\"medium\",\"image_grid_breakpoint\":\"m\",\"image_svg_color\":\"emphasis\",\"link_style\":\"default\",\"margin\":\"default\",\"title\":\"Ja, AQUA RINSE wurde eingetragen!\",\"image\":\"wp-content\\\/uploads\\\/sites\\\/8\\\/2020\\\/09\\\/checkered.png\",\"title_style\":\"heading-small\",\"text_align\":\"center\"}}]}]}]},{\"type\":\"section\",\"props\":{\"style\":\"default\",\"width\":\"default\",\"vertical_align\":\"middle\",\"title_position\":\"top-left\",\"title_rotation\":\"left\",\"title_breakpoint\":\"xl\",\"image_position\":\"center-center\"},\"children\":[{\"type\":\"row\",\"children\":[{\"type\":\"column\",\"props\":{\"image_position\":\"center-center\",\"media_overlay_gradient\":\"\"},\"children\":[{\"type\":\"text\",\"props\":{\"margin\":\"default\",\"column_breakpoint\":\"m\",\"content\":\"\n\n<p><strong>Beschluss des Bundespatentgerichts 2013:<\\\/strong> Die Wortmarke AQUA RINSE ist f\\u00fcr \\u201echemische und biologische Zusatzstoffe f\\u00fcr die Reinigung von Toiletten\\u201c eintragungsf\\u00e4hig.<\\\/p>\\n\n\n<p><strong>Begr\\u00fcndung:<\\\/strong> Es handelt sich um keine sprachlich korrekte, sinnvolle Wortverbindung.<br \\\/>Aqua stammt aus dem Lateinischen. Es wird im Englischen nur in Wortverbindungen gebraucht (z. B. \\u201eAquafarm\\u201c). Eine Toilettensp\\u00fclung w\\u00fcrde man eher mit \\u201eflush\\u201c statt \\u201erinse\\u201c bezeichnen.<\\\/p>\\n\n\n<p><strong>Quelle:<\\\/strong> Bundespatentgericht Jahresbericht 2013, BPatG, Beschl. v. 7.3.2013 \\u2013 30 W (pat) 506\\\/11<\\\/p>\"}}]}]}]},{\"type\":\"section\",\"props\":{\"style\":\"secondary\",\"width\":\"default\",\"vertical_align\":\"middle\",\"title_position\":\"top-left\",\"title_rotation\":\"left\",\"title_breakpoint\":\"xl\",\"image_position\":\"center-center\"},\"children\":[{\"type\":\"row\",\"children\":[{\"type\":\"column\",\"props\":{\"image_position\":\"center-center\",\"media_overlay_gradient\":\"\"},\"children\":[{\"type\":\"panel\",\"props\":{\"link_text\":\"Read more\",\"title_hover_style\":\"reset\",\"title_element\":\"h3\",\"title_align\":\"top\",\"title_grid_width\":\"1-2\",\"title_grid_breakpoint\":\"m\",\"meta_style\":\"meta\",\"meta_align\":\"below-title\",\"meta_element\":\"div\",\"content_column_breakpoint\":\"m\",\"icon_width\":80,\"image_align\":\"left\",\"image_grid_width\":\"small\",\"image_grid_breakpoint\":\"m\",\"image_svg_color\":\"emphasis\",\"link_style\":\"default\",\"margin\":\"default\",\"content\":\"\n\n<p>Beachten Sie, dass AQUA RINSE als deutsche Marke eingetragen wurde. M\\u00f6chte die Firma auf Grund von Expansionspl\\u00e4nen eine Unionsmarke anmelden, die f\\u00fcr die gesamte EU gilt, werden die unter \\u201eHinweise\\u201c gegebenen Argumente auf alle Sprachen der EU erweitert. So kam es dann auch, dass die parallele Anmeldung des Zeichens als Gemeinschaftsmarke (heute: Unionsmarke) durch die Entscheidung der Vierten Beschwerdekammer des Harmonisierungsamtes f\\u00fcr den Binnenmarkt (HABM, seit 2016 Amt der Europ\\u00e4ischen Union f\\u00fcr Geistiges Eigentum \\u2013 EUIPO) vom 5. September 2008 (Az. R 225\\\/2008-4) zur\\u00fcckgewiesen wurde.<\\\/p>\\n\n\n<p>AQUA RINSE wurde nicht als Gemeinschaftsmarke (heute: Unionsmarke) eingetragen.<\\\/p>\",\"title\":\"ACHTUNG SCHLAGLOCH!\",\"icon\":\"warning\",\"icon_color\":\"danger\"}}]}]}]},{\"type\":\"section\",\"props\":{\"style\":\"default\",\"width\":\"default\",\"vertical_align\":\"middle\",\"title_position\":\"top-left\",\"title_rotation\":\"left\",\"title_breakpoint\":\"xl\",\"image_position\":\"center-center\",\"animation\":\"slide-bottom-medium\"},\"children\":[{\"type\":\"row\",\"children\":[{\"type\":\"column\",\"props\":{\"image_position\":\"center-center\",\"media_overlay_gradient\":\"\"},\"children\":[{\"type\":\"button\",\"props\":{\"grid_column_gap\":\"small\",\"grid_row_gap\":\"small\",\"margin\":\"default\",\"class\":\"bluebutton\",\"text_align\":\"center\",\"button_size\":\"large\"},\"children\":[{\"type\":\"button_item\",\"props\":{\"button_style\":\"primary\",\"icon_align\":\"right\",\"content\":\"Weiter zur Runde 2 \",\"icon\":\"triangle-right\",\"link\":\"dienstleistungen\\\/marken\\\/marken-rallye\\\/palettenboerse-vs-domaingrabber\"}}]}]}]}]}],\"version\":\"2.4.14\"} --><\/p>\n","protected":false},"excerpt":{"rendered":"<p>AQUA RINSE Aufl\u00f6sung zeigen Handelt es sich bei AQUA RINSE um einen glatt beschreibenden Begriff, dass das Produkt bei der Sp\u00fclung von Toiletten zu verwenden sei? Wurde die Marke in das deutsche Markenregister eingetragen? Ja, AQUA RINSE wurde eingetragen! Beschluss des Bundespatentgerichts 2013: Die Wortmarke AQUA RINSE ist f\u00fcr \u201echemische und biologische Zusatzstoffe f\u00fcr die [&hellip;]<\/p>\n","protected":false},"author":2,"featured_media":0,"parent":4766,"menu_order":0,"comment_status":"closed","ping_status":"closed","template":"","meta":{"footnotes":""},"class_list":["post-5350","page","type-page","status-publish","hentry"],"yoast_head":"<!-- This site is optimized with the Yoast SEO plugin v25.6 - https:\/\/yoast.com\/wordpress\/plugins\/seo\/ -->\n<title>Aqua Rinse - Aufl\u00f6sung - Patentanwalt Dipl.-Ing. Peter Herre<\/title>\n<meta name=\"robots\" content=\"index, follow, max-snippet:-1, max-image-preview:large, max-video-preview:-1\" \/>\n<link rel=\"canonical\" href=\"https:\/\/www.dendorfer-herrmann.de\/herre\/dienstleistungen\/marken\/marken-rallye\/aqua-rinse\/aqua-rinse-aufloesung\/\" \/>\n<meta property=\"og:locale\" content=\"de_DE\" \/>\n<meta property=\"og:type\" content=\"article\" \/>\n<meta property=\"og:title\" content=\"Aqua Rinse - Aufl\u00f6sung - Patentanwalt Dipl.-Ing. Peter Herre\" \/>\n<meta property=\"og:description\" content=\"AQUA RINSE Aufl\u00f6sung zeigen Handelt es sich bei AQUA RINSE um einen glatt beschreibenden Begriff, dass das Produkt bei der Sp\u00fclung von Toiletten zu verwenden sei? Wurde die Marke in das deutsche Markenregister eingetragen? Ja, AQUA RINSE wurde eingetragen! Beschluss des Bundespatentgerichts 2013: Die Wortmarke AQUA RINSE ist f\u00fcr \u201echemische und biologische Zusatzstoffe f\u00fcr die [&hellip;]\" \/>\n<meta property=\"og:url\" content=\"https:\/\/www.dendorfer-herrmann.de\/herre\/dienstleistungen\/marken\/marken-rallye\/aqua-rinse\/aqua-rinse-aufloesung\" \/>\n<meta property=\"og:site_name\" content=\"Patentanwalt Dipl.-Ing. Peter Herre\" \/>\n<meta property=\"article:modified_time\" content=\"2021-05-21T09:16:19+00:00\" \/>\n<meta name=\"twitter:card\" content=\"summary_large_image\" \/>\n<meta name=\"twitter:label1\" content=\"Gesch\u00e4tzte Lesezeit\" \/>\n\t<meta name=\"twitter:data1\" content=\"1\u00a0Minute\" \/>\n<script type=\"application\/ld+json\" class=\"yoast-schema-graph\">{\"@context\":\"https:\/\/schema.org\",\"@graph\":[{\"@type\":\"WebPage\",\"@id\":\"https:\/\/www.dendorfer-herrmann.de\/herre\/dienstleistungen\/marken\/marken-rallye\/aqua-rinse\/aqua-rinse-aufloesung\/\",\"url\":\"https:\/\/www.dendorfer-herrmann.de\/herre\/dienstleistungen\/marken\/marken-rallye\/aqua-rinse\/aqua-rinse-aufloesung\/\",\"name\":\"Aqua Rinse - Aufl\u00f6sung - Patentanwalt Dipl.-Ing. Peter Herre\",\"isPartOf\":{\"@id\":\"https:\/\/www.dendorfer-herrmann.de\/herre\/#website\"},\"datePublished\":\"2020-09-01T18:26:52+00:00\",\"dateModified\":\"2021-05-21T09:16:19+00:00\",\"breadcrumb\":{\"@id\":\"https:\/\/www.dendorfer-herrmann.de\/herre\/dienstleistungen\/marken\/marken-rallye\/aqua-rinse\/aqua-rinse-aufloesung\/#breadcrumb\"},\"inLanguage\":\"de\",\"potentialAction\":[{\"@type\":\"ReadAction\",\"target\":[\"https:\/\/www.dendorfer-herrmann.de\/herre\/dienstleistungen\/marken\/marken-rallye\/aqua-rinse\/aqua-rinse-aufloesung\/\"]}]},{\"@type\":\"BreadcrumbList\",\"@id\":\"https:\/\/www.dendorfer-herrmann.de\/herre\/dienstleistungen\/marken\/marken-rallye\/aqua-rinse\/aqua-rinse-aufloesung\/#breadcrumb\",\"itemListElement\":[{\"@type\":\"ListItem\",\"position\":1,\"name\":\"Leistungen\",\"item\":\"https:\/\/www.dendorfer-herrmann.de\/herre\/dienstleistungen\/\"},{\"@type\":\"ListItem\",\"position\":2,\"name\":\"Leistungen\",\"item\":\"https:\/\/www.dendorfer-herrmann.de\/herre\/dienstleistungen\/\"},{\"@type\":\"ListItem\",\"position\":3,\"name\":\"Marken\",\"item\":\"https:\/\/www.dendorfer-herrmann.de\/herre\/dienstleistungen\/marken\/\"},{\"@type\":\"ListItem\",\"position\":4,\"name\":\"Marken-Rallye\",\"item\":\"https:\/\/www.dendorfer-herrmann.de\/herre\/dienstleistungen\/marken\/marken-rallye\/\"},{\"@type\":\"ListItem\",\"position\":5,\"name\":\"Aqua Rinse\",\"item\":\"https:\/\/www.dendorfer-herrmann.de\/herre\/dienstleistungen\/marken\/marken-rallye\/aqua-rinse\/\"},{\"@type\":\"ListItem\",\"position\":6,\"name\":\"Aqua Rinse &#8211; Aufl\u00f6sung\"}]},{\"@type\":\"WebSite\",\"@id\":\"https:\/\/www.dendorfer-herrmann.de\/herre\/#website\",\"url\":\"https:\/\/www.dendorfer-herrmann.de\/herre\/\",\"name\":\"Patentanwalt Dipl.-Ing. Peter Herre\",\"description\":\"Patentanwalt Dipl.-Ing. Peter Herre\",\"potentialAction\":[{\"@type\":\"SearchAction\",\"target\":{\"@type\":\"EntryPoint\",\"urlTemplate\":\"https:\/\/www.dendorfer-herrmann.de\/herre\/?s={search_term_string}\"},\"query-input\":{\"@type\":\"PropertyValueSpecification\",\"valueRequired\":true,\"valueName\":\"search_term_string\"}}],\"inLanguage\":\"de\"}]}<\/script>\n<!-- \/ Yoast SEO plugin. -->","yoast_head_json":{"title":"Aqua Rinse - Aufl\u00f6sung - Patentanwalt Dipl.-Ing. Peter Herre","robots":{"index":"index","follow":"follow","max-snippet":"max-snippet:-1","max-image-preview":"max-image-preview:large","max-video-preview":"max-video-preview:-1"},"canonical":"https:\/\/www.dendorfer-herrmann.de\/herre\/dienstleistungen\/marken\/marken-rallye\/aqua-rinse\/aqua-rinse-aufloesung\/","og_locale":"de_DE","og_type":"article","og_title":"Aqua Rinse - Aufl\u00f6sung - Patentanwalt Dipl.-Ing. Peter Herre","og_description":"AQUA RINSE Aufl\u00f6sung zeigen Handelt es sich bei AQUA RINSE um einen glatt beschreibenden Begriff, dass das Produkt bei der Sp\u00fclung von Toiletten zu verwenden sei? Wurde die Marke in das deutsche Markenregister eingetragen? Ja, AQUA RINSE wurde eingetragen! Beschluss des Bundespatentgerichts 2013: Die Wortmarke AQUA RINSE ist f\u00fcr \u201echemische und biologische Zusatzstoffe f\u00fcr die [&hellip;]","og_url":"https:\/\/www.dendorfer-herrmann.de\/herre\/dienstleistungen\/marken\/marken-rallye\/aqua-rinse\/aqua-rinse-aufloesung","og_site_name":"Patentanwalt Dipl.-Ing. Peter Herre","article_modified_time":"2021-05-21T09:16:19+00:00","twitter_card":"summary_large_image","twitter_misc":{"Gesch\u00e4tzte Lesezeit":"1\u00a0Minute"},"schema":{"@context":"https:\/\/schema.org","@graph":[{"@type":"WebPage","@id":"https:\/\/www.dendorfer-herrmann.de\/herre\/dienstleistungen\/marken\/marken-rallye\/aqua-rinse\/aqua-rinse-aufloesung\/","url":"https:\/\/www.dendorfer-herrmann.de\/herre\/dienstleistungen\/marken\/marken-rallye\/aqua-rinse\/aqua-rinse-aufloesung\/","name":"Aqua Rinse - Aufl\u00f6sung - Patentanwalt Dipl.-Ing. Peter Herre","isPartOf":{"@id":"https:\/\/www.dendorfer-herrmann.de\/herre\/#website"},"datePublished":"2020-09-01T18:26:52+00:00","dateModified":"2021-05-21T09:16:19+00:00","breadcrumb":{"@id":"https:\/\/www.dendorfer-herrmann.de\/herre\/dienstleistungen\/marken\/marken-rallye\/aqua-rinse\/aqua-rinse-aufloesung\/#breadcrumb"},"inLanguage":"de","potentialAction":[{"@type":"ReadAction","target":["https:\/\/www.dendorfer-herrmann.de\/herre\/dienstleistungen\/marken\/marken-rallye\/aqua-rinse\/aqua-rinse-aufloesung\/"]}]},{"@type":"BreadcrumbList","@id":"https:\/\/www.dendorfer-herrmann.de\/herre\/dienstleistungen\/marken\/marken-rallye\/aqua-rinse\/aqua-rinse-aufloesung\/#breadcrumb","itemListElement":[{"@type":"ListItem","position":1,"name":"Leistungen","item":"https:\/\/www.dendorfer-herrmann.de\/herre\/dienstleistungen\/"},{"@type":"ListItem","position":2,"name":"Leistungen","item":"https:\/\/www.dendorfer-herrmann.de\/herre\/dienstleistungen\/"},{"@type":"ListItem","position":3,"name":"Marken","item":"https:\/\/www.dendorfer-herrmann.de\/herre\/dienstleistungen\/marken\/"},{"@type":"ListItem","position":4,"name":"Marken-Rallye","item":"https:\/\/www.dendorfer-herrmann.de\/herre\/dienstleistungen\/marken\/marken-rallye\/"},{"@type":"ListItem","position":5,"name":"Aqua Rinse","item":"https:\/\/www.dendorfer-herrmann.de\/herre\/dienstleistungen\/marken\/marken-rallye\/aqua-rinse\/"},{"@type":"ListItem","position":6,"name":"Aqua Rinse &#8211; Aufl\u00f6sung"}]},{"@type":"WebSite","@id":"https:\/\/www.dendorfer-herrmann.de\/herre\/#website","url":"https:\/\/www.dendorfer-herrmann.de\/herre\/","name":"Patentanwalt Dipl.-Ing. Peter Herre","description":"Patentanwalt Dipl.-Ing. Peter Herre","potentialAction":[{"@type":"SearchAction","target":{"@type":"EntryPoint","urlTemplate":"https:\/\/www.dendorfer-herrmann.de\/herre\/?s={search_term_string}"},"query-input":{"@type":"PropertyValueSpecification","valueRequired":true,"valueName":"search_term_string"}}],"inLanguage":"de"}]}},"_links":{"self":[{"href":"https:\/\/www.dendorfer-herrmann.de\/herre\/wp-json\/wp\/v2\/pages\/5350"}],"collection":[{"href":"https:\/\/www.dendorfer-herrmann.de\/herre\/wp-json\/wp\/v2\/pages"}],"about":[{"href":"https:\/\/www.dendorfer-herrmann.de\/herre\/wp-json\/wp\/v2\/types\/page"}],"author":[{"embeddable":true,"href":"https:\/\/www.dendorfer-herrmann.de\/herre\/wp-json\/wp\/v2\/users\/2"}],"replies":[{"embeddable":true,"href":"https:\/\/www.dendorfer-herrmann.de\/herre\/wp-json\/wp\/v2\/comments?post=5350"}],"version-history":[{"count":6,"href":"https:\/\/www.dendorfer-herrmann.de\/herre\/wp-json\/wp\/v2\/pages\/5350\/revisions"}],"predecessor-version":[{"id":27878,"href":"https:\/\/www.dendorfer-herrmann.de\/herre\/wp-json\/wp\/v2\/pages\/5350\/revisions\/27878"}],"up":[{"embeddable":true,"href":"https:\/\/www.dendorfer-herrmann.de\/herre\/wp-json\/wp\/v2\/pages\/4766"}],"wp:attachment":[{"href":"https:\/\/www.dendorfer-herrmann.de\/herre\/wp-json\/wp\/v2\/media?parent=5350"}],"curies":[{"name":"wp","href":"https:\/\/api.w.org\/{rel}","templated":true}]}}