{"id":30757,"date":"2022-03-26T17:43:51","date_gmt":"2022-03-26T16:43:51","guid":{"rendered":"\/herre\/impressum"},"modified":"2024-10-25T22:12:24","modified_gmt":"2024-10-25T20:12:24","slug":"impressum","status":"publish","type":"page","link":"https:\/\/www.dendorfer-herrmann.de\/herre\/impressum\/","title":{"rendered":"Impressum"},"content":{"rendered":"<p><b>Dendorfer &amp; Herrmann<br>Patentanw\u00e4lte Partnerschaft mbB<br>Nymphenburger Str. 20a<br>80335 M\u00fcnchen<br>Deutschland<\/b><\/p>\n<p>TEL: +49-89-30 90 40 8-0<br>EMAIL: <span id=\"cloak62be0a2ebf55cdb85cc21afe7ddde528\"><a href=\"mailto:peter.herre@dendorfer-herrmann.de\">peter.herre@dendorfer-herrmann.de<\/a><\/span><br>WEB: www.dendorfer-herrmann.de<\/p>\n<p>Gem\u00e4\u00df \u00a7 5 des Telemediengesetzes weisen wir darauf hin, dass wir als Patentanw\u00e4lte (Bundesrepublik Deutschland) und zugelassene Vertreter vor dem Europ\u00e4ischen Patentamt und dem Amt der Europ\u00e4ischen Union f\u00fcr geistiges Eigentum (EUIPO) der <a class=\"link_blue\" href=\"http:\/\/www.patentanwalt.de\/\" target=\"_blank\" rel=\"noopener\">Patentanwaltskammer<\/a> und dem <a class=\"link_blue\" href=\"http:\/\/www.patentepi.com\/\" target=\"_blank\" rel=\"noopener\">Institut der beim Europ\u00e4ischen Patentamt zugelassenen Vertreter (epi)<\/a> angeh\u00f6ren. Wir unterliegen den berufsrechtlichen Regelungen der <a class=\"link_blue\" href=\"http:\/\/bundesrecht.juris.de\/bundesrecht\/patanwo\/index.html\" target=\"_blank\" rel=\"noopener\">Patentanwaltsordnung<\/a> (BGBl. I 1966, S. 557, zuletzt ge\u00e4ndert durch Gesetz vom 7. August 2013, BGBl. I 2013, S. 2386), der <a class=\"link_blue\" href=\"http:\/\/www.patentanwalt.de\/downloads\/pa\/PAK_BO.pdf\" target=\"_blank\" rel=\"noopener\">Berufsordnung der Patentanw\u00e4lte<\/a> (Mitt. 1997, 243 ff.); den Standesregeln der <a class=\"link_blue\" href=\"http:\/\/www.ficpi.org\/\" target=\"_blank\" rel=\"noopener\">Internationalen F\u00f6deration von Patentanw\u00e4lten<\/a> und dem <a class=\"link_blue\" href=\"http:\/\/www.patentepi.com\/en\/the-institute\/rules-and-regulations\/conduct-and-discipline\/\" target=\"_blank\" rel=\"noopener\">Code of Professional Conduct<\/a> des <a class=\"link_blue\" href=\"http:\/\/www.patentepi.com\/\" target=\"_blank\" rel=\"noopener\">epi<\/a> (epi-Information 2\/2001, S. 75) sowie der <a class=\"link_blue\" href=\"http:\/\/www.epo.org\/\" target=\"_blank\" rel=\"noopener\">Europ\u00e4ischen Patentorganisation<\/a>.<br><br>Dendorfer &amp; Herrmann Patentanw\u00e4lte Partnerschaft mbB ist als Partnerschaft mit beschr\u00e4nkter Berufshaftung eingetragen im Partnerschaftsregister des Amtsgerichts M\u00fcnchen unter der Nummer PR 671. Die Partner der Partnerschaft sind Dr. Franz Herrmann und Peter Herre. Unsere Umsatzsteuer-Identifikationsnummer lautet DE251577875.<br><br>Unsere Berufshaftplichtversicherung in mindestens der in \u00a7 45a der Patentanwaltsordnung genannten H\u00f6he besteht bei der R+V Allgemeine Versicherung AG, Taunusstr. 1, 65193 Wiesbaden. Der Versicherungsschutz besteht weltweit.<br><br>Haftungshinweis: Trotz sorgf\u00e4ltiger inhaltlicher Pr\u00fcfung \u00fcbernehmen wir keine Haftung f\u00fcr die Inhalte externer Links. F\u00fcr die Inhalte verlinkter Seiten sind ausschlie\u00dflich deren Betreiber verantwortlich.<\/p><div class=\"woocommerce woocommerce-gzd woocommerce-gzd-complaints-shortcode\">\n\t\t\t<h3>Alternative Streitbeilegung gem\u00e4\u00df Art. 14 Abs. 1 ODR-VO und \u00a7 36 VSBG:<\/h3>\n\t\nZur Teilnahme an einem Streitbeilegungsverfahren vor einer Verbraucherschlichtungsstelle sind wir nicht verpflichtet und nicht bereit.<\/div>","protected":false},"excerpt":{"rendered":"<p>Dendorfer &amp; HerrmannPatentanw\u00e4lte Partnerschaft mbBNymphenburger Str. 20a80335 M\u00fcnchenDeutschland TEL: +49-89-30 90 40 8-0EMAIL: peter.herre@dendorfer-herrmann.deWEB: www.dendorfer-herrmann.de Gem\u00e4\u00df \u00a7 5 des Telemediengesetzes weisen wir darauf hin, dass wir als Patentanw\u00e4lte (Bundesrepublik Deutschland) und zugelassene Vertreter vor dem Europ\u00e4ischen Patentamt und dem Amt der Europ\u00e4ischen Union f\u00fcr geistiges Eigentum (EUIPO) der Patentanwaltskammer und dem Institut der beim Europ\u00e4ischen [&hellip;]<\/p>\n","protected":false},"author":2,"featured_media":0,"parent":0,"menu_order":0,"comment_status":"closed","ping_status":"closed","template":"","meta":{"footnotes":""},"class_list":["post-30757","page","type-page","status-publish","hentry"],"yoast_head":"<!-- This site is optimized with the Yoast SEO plugin v25.6 - https:\/\/yoast.com\/wordpress\/plugins\/seo\/ -->\n<title>Impressum - Patentanwalt Dipl.-Ing. Peter Herre<\/title>\n<meta name=\"robots\" content=\"index, follow, max-snippet:-1, max-image-preview:large, max-video-preview:-1\" \/>\n<link rel=\"canonical\" href=\"https:\/\/www.dendorfer-herrmann.de\/herre\/impressum\/\" \/>\n<meta property=\"og:locale\" content=\"de_DE\" \/>\n<meta property=\"og:type\" content=\"article\" \/>\n<meta property=\"og:title\" content=\"Impressum - Patentanwalt Dipl.-Ing. Peter Herre\" \/>\n<meta property=\"og:description\" content=\"Dendorfer &amp; HerrmannPatentanw\u00e4lte Partnerschaft mbBNymphenburger Str. 20a80335 M\u00fcnchenDeutschland TEL: +49-89-30 90 40 8-0EMAIL: peter.herre@dendorfer-herrmann.deWEB: www.dendorfer-herrmann.de Gem\u00e4\u00df \u00a7 5 des Telemediengesetzes weisen wir darauf hin, dass wir als Patentanw\u00e4lte (Bundesrepublik Deutschland) und zugelassene Vertreter vor dem Europ\u00e4ischen Patentamt und dem Amt der Europ\u00e4ischen Union f\u00fcr geistiges Eigentum (EUIPO) der Patentanwaltskammer und dem Institut der beim Europ\u00e4ischen [&hellip;]\" \/>\n<meta property=\"og:url\" content=\"https:\/\/www.dendorfer-herrmann.de\/herre\/impressum\" \/>\n<meta property=\"og:site_name\" content=\"Patentanwalt Dipl.-Ing. Peter Herre\" \/>\n<meta property=\"article:modified_time\" content=\"2024-10-25T20:12:24+00:00\" \/>\n<meta name=\"twitter:card\" content=\"summary_large_image\" \/>\n<meta name=\"twitter:label1\" content=\"Gesch\u00e4tzte Lesezeit\" \/>\n\t<meta name=\"twitter:data1\" content=\"2\u00a0Minuten\" \/>\n<script type=\"application\/ld+json\" class=\"yoast-schema-graph\">{\"@context\":\"https:\/\/schema.org\",\"@graph\":[{\"@type\":\"WebPage\",\"@id\":\"https:\/\/www.dendorfer-herrmann.de\/herre\/impressum\/\",\"url\":\"https:\/\/www.dendorfer-herrmann.de\/herre\/impressum\/\",\"name\":\"Impressum - Patentanwalt Dipl.-Ing. Peter Herre\",\"isPartOf\":{\"@id\":\"https:\/\/www.dendorfer-herrmann.de\/herre\/#website\"},\"datePublished\":\"2022-03-26T16:43:51+00:00\",\"dateModified\":\"2024-10-25T20:12:24+00:00\",\"breadcrumb\":{\"@id\":\"https:\/\/www.dendorfer-herrmann.de\/herre\/impressum\/#breadcrumb\"},\"inLanguage\":\"de\",\"potentialAction\":[{\"@type\":\"ReadAction\",\"target\":[\"https:\/\/www.dendorfer-herrmann.de\/herre\/impressum\/\"]}]},{\"@type\":\"BreadcrumbList\",\"@id\":\"https:\/\/www.dendorfer-herrmann.de\/herre\/impressum\/#breadcrumb\",\"itemListElement\":[{\"@type\":\"ListItem\",\"position\":1,\"name\":\"Impressum\",\"item\":\"https:\/\/www.dendorfer-herrmann.de\/herre\/impressum\/\"},{\"@type\":\"ListItem\",\"position\":2,\"name\":\"Impressum\"}]},{\"@type\":\"WebSite\",\"@id\":\"https:\/\/www.dendorfer-herrmann.de\/herre\/#website\",\"url\":\"https:\/\/www.dendorfer-herrmann.de\/herre\/\",\"name\":\"Patentanwalt Dipl.-Ing. Peter Herre\",\"description\":\"Patentanwalt Dipl.-Ing. Peter Herre\",\"potentialAction\":[{\"@type\":\"SearchAction\",\"target\":{\"@type\":\"EntryPoint\",\"urlTemplate\":\"https:\/\/www.dendorfer-herrmann.de\/herre\/?s={search_term_string}\"},\"query-input\":{\"@type\":\"PropertyValueSpecification\",\"valueRequired\":true,\"valueName\":\"search_term_string\"}}],\"inLanguage\":\"de\"}]}<\/script>\n<!-- \/ Yoast SEO plugin. -->","yoast_head_json":{"title":"Impressum - Patentanwalt Dipl.-Ing. Peter Herre","robots":{"index":"index","follow":"follow","max-snippet":"max-snippet:-1","max-image-preview":"max-image-preview:large","max-video-preview":"max-video-preview:-1"},"canonical":"https:\/\/www.dendorfer-herrmann.de\/herre\/impressum\/","og_locale":"de_DE","og_type":"article","og_title":"Impressum - Patentanwalt Dipl.-Ing. Peter Herre","og_description":"Dendorfer &amp; HerrmannPatentanw\u00e4lte Partnerschaft mbBNymphenburger Str. 20a80335 M\u00fcnchenDeutschland TEL: +49-89-30 90 40 8-0EMAIL: peter.herre@dendorfer-herrmann.deWEB: www.dendorfer-herrmann.de Gem\u00e4\u00df \u00a7 5 des Telemediengesetzes weisen wir darauf hin, dass wir als Patentanw\u00e4lte (Bundesrepublik Deutschland) und zugelassene Vertreter vor dem Europ\u00e4ischen Patentamt und dem Amt der Europ\u00e4ischen Union f\u00fcr geistiges Eigentum (EUIPO) der Patentanwaltskammer und dem Institut der beim Europ\u00e4ischen [&hellip;]","og_url":"https:\/\/www.dendorfer-herrmann.de\/herre\/impressum","og_site_name":"Patentanwalt Dipl.-Ing. Peter Herre","article_modified_time":"2024-10-25T20:12:24+00:00","twitter_card":"summary_large_image","twitter_misc":{"Gesch\u00e4tzte Lesezeit":"2\u00a0Minuten"},"schema":{"@context":"https:\/\/schema.org","@graph":[{"@type":"WebPage","@id":"https:\/\/www.dendorfer-herrmann.de\/herre\/impressum\/","url":"https:\/\/www.dendorfer-herrmann.de\/herre\/impressum\/","name":"Impressum - Patentanwalt Dipl.-Ing. Peter Herre","isPartOf":{"@id":"https:\/\/www.dendorfer-herrmann.de\/herre\/#website"},"datePublished":"2022-03-26T16:43:51+00:00","dateModified":"2024-10-25T20:12:24+00:00","breadcrumb":{"@id":"https:\/\/www.dendorfer-herrmann.de\/herre\/impressum\/#breadcrumb"},"inLanguage":"de","potentialAction":[{"@type":"ReadAction","target":["https:\/\/www.dendorfer-herrmann.de\/herre\/impressum\/"]}]},{"@type":"BreadcrumbList","@id":"https:\/\/www.dendorfer-herrmann.de\/herre\/impressum\/#breadcrumb","itemListElement":[{"@type":"ListItem","position":1,"name":"Impressum","item":"https:\/\/www.dendorfer-herrmann.de\/herre\/impressum\/"},{"@type":"ListItem","position":2,"name":"Impressum"}]},{"@type":"WebSite","@id":"https:\/\/www.dendorfer-herrmann.de\/herre\/#website","url":"https:\/\/www.dendorfer-herrmann.de\/herre\/","name":"Patentanwalt Dipl.-Ing. Peter Herre","description":"Patentanwalt Dipl.-Ing. Peter Herre","potentialAction":[{"@type":"SearchAction","target":{"@type":"EntryPoint","urlTemplate":"https:\/\/www.dendorfer-herrmann.de\/herre\/?s={search_term_string}"},"query-input":{"@type":"PropertyValueSpecification","valueRequired":true,"valueName":"search_term_string"}}],"inLanguage":"de"}]}},"_links":{"self":[{"href":"https:\/\/www.dendorfer-herrmann.de\/herre\/wp-json\/wp\/v2\/pages\/30757"}],"collection":[{"href":"https:\/\/www.dendorfer-herrmann.de\/herre\/wp-json\/wp\/v2\/pages"}],"about":[{"href":"https:\/\/www.dendorfer-herrmann.de\/herre\/wp-json\/wp\/v2\/types\/page"}],"author":[{"embeddable":true,"href":"https:\/\/www.dendorfer-herrmann.de\/herre\/wp-json\/wp\/v2\/users\/2"}],"replies":[{"embeddable":true,"href":"https:\/\/www.dendorfer-herrmann.de\/herre\/wp-json\/wp\/v2\/comments?post=30757"}],"version-history":[{"count":4,"href":"https:\/\/www.dendorfer-herrmann.de\/herre\/wp-json\/wp\/v2\/pages\/30757\/revisions"}],"predecessor-version":[{"id":38325,"href":"https:\/\/www.dendorfer-herrmann.de\/herre\/wp-json\/wp\/v2\/pages\/30757\/revisions\/38325"}],"wp:attachment":[{"href":"https:\/\/www.dendorfer-herrmann.de\/herre\/wp-json\/wp\/v2\/media?parent=30757"}],"curies":[{"name":"wp","href":"https:\/\/api.w.org\/{rel}","templated":true}]}}