{"id":1168,"date":"2020-08-12T17:40:30","date_gmt":"2020-08-12T16:40:30","guid":{"rendered":"https:\/\/www.dendorfer-herrmann.de\/?page_id=1168"},"modified":"2021-05-02T11:54:15","modified_gmt":"2021-05-02T10:54:15","slug":"stellenangebote","status":"publish","type":"page","link":"https:\/\/www.dendorfer-herrmann.de\/herre\/stellenangebote\/","title":{"rendered":"Stellenangebote"},"content":{"rendered":"<h2>Stellenangebote<\/h2>\n<div>\n<p>Unsere Kanzlei w\u00e4chst. Wir m\u00f6chten daher<\/p>\n<p style=\"text-align: center;\">eine Universit\u00e4tsabsolventin \/ einen Universit\u00e4tsabsolventen der Fachrichtung <strong>Informatik, Elektrotechnik oder Physik<\/strong><\/p>\n<p>zur Patentanw\u00e4ltin \/ zum Patentanwalt ausbilden. Voraussetzungen sind breit angelegtes technisches Interesse, Freude an exakter Arbeit, sprachliche Gewandtheit und ausgezeichnete Englischkenntnisse.<\/p>\n<p>Wir bieten eine vielseitige und intensive Ausbildung in direktem Kontakt mit den Partnern. Unsere Mandanten sind bekannte und anspruchsvolle Unternehmen, die den Vergleich mit den Mandanten anderer \u2014 auch deutlich gr\u00f6\u00dferer \u2014 Kanzleien nicht zu scheuen brauchen.<\/p>\n<p>Das erkl\u00e4rte Ziel der Ausbildung ist die Partnerschaft in unserer Kanzlei, sobald Sie die deutsche und europ\u00e4ische Patentanwaltszulassung erhalten haben. Eine solche rasche Entwicklungsm\u00f6glichkeit werden Sie in einer Gro\u00dfkanzlei nicht finden.<\/p>\n<\/div>\n<p><!-- {\"type\":\"layout\",\"children\":[{\"type\":\"section\",\"props\":{\"style\":\"default\",\"width\":\"default\",\"vertical_align\":\"middle\",\"title_position\":\"top-left\",\"title_rotation\":\"left\",\"title_breakpoint\":\"xl\",\"image_position\":\"center-center\"},\"children\":[{\"type\":\"row\",\"children\":[{\"type\":\"column\",\"props\":{\"image_position\":\"center-center\",\"media_overlay_gradient\":\"\"},\"children\":[{\"type\":\"headline\",\"props\":{\"title_element\":\"h2\",\"content\":\"Stellenangebote\"}},{\"type\":\"text\",\"props\":{\"margin\":\"default\",\"column_breakpoint\":\"m\",\"content\":\"\n\n<p>Unsere Kanzlei w\\u00e4chst. Wir m\\u00f6chten daher<\\\/p>\\n\n\n<p style=\\\"text-align: center;\\\">eine Universit\\u00e4tsabsolventin \\\/ einen Universit\\u00e4tsabsolventen der Fachrichtung <strong>Informatik, Elektrotechnik oder Physik<\\\/strong><\\\/p>\\n\n\n<p>zur Patentanw\\u00e4ltin \\\/ zum Patentanwalt ausbilden. Voraussetzungen sind breit angelegtes technisches Interesse, Freude an exakter Arbeit, sprachliche Gewandtheit und ausgezeichnete Englischkenntnisse.<\\\/p>\\n\n\n<p>Wir bieten eine vielseitige und intensive Ausbildung in direktem Kontakt mit den Partnern. Unsere Mandanten sind bekannte und anspruchsvolle Unternehmen, die den Vergleich mit den Mandanten anderer \\u2014 auch deutlich gr\\u00f6\\u00dferer \\u2014 Kanzleien nicht zu scheuen brauchen.<\\\/p>\\n\n\n<p>Das erkl\\u00e4rte Ziel der Ausbildung ist die Partnerschaft in unserer Kanzlei, sobald Sie die deutsche und europ\\u00e4ische Patentanwaltszulassung erhalten haben. Eine solche rasche Entwicklungsm\\u00f6glichkeit werden Sie in einer Gro\\u00dfkanzlei nicht finden.<\\\/p>\"}}]}]}]}],\"version\":\"2.2.2\"} --><\/p>\n","protected":false},"excerpt":{"rendered":"<p>Stellenangebote Unsere Kanzlei w\u00e4chst. Wir m\u00f6chten daher eine Universit\u00e4tsabsolventin \/ einen Universit\u00e4tsabsolventen der Fachrichtung Informatik, Elektrotechnik oder Physik zur Patentanw\u00e4ltin \/ zum Patentanwalt ausbilden. Voraussetzungen sind breit angelegtes technisches Interesse, Freude an exakter Arbeit, sprachliche Gewandtheit und ausgezeichnete Englischkenntnisse. Wir bieten eine vielseitige und intensive Ausbildung in direktem Kontakt mit den Partnern. Unsere Mandanten sind [&hellip;]<\/p>\n","protected":false},"author":2,"featured_media":0,"parent":0,"menu_order":0,"comment_status":"closed","ping_status":"closed","template":"","meta":{"footnotes":""},"class_list":["post-1168","page","type-page","status-publish","hentry"],"yoast_head":"<!-- This site is optimized with the Yoast SEO plugin v25.6 - https:\/\/yoast.com\/wordpress\/plugins\/seo\/ -->\n<title>Stellenangebote - Patentanwalt Dipl.-Ing. Peter Herre<\/title>\n<meta name=\"robots\" content=\"index, follow, max-snippet:-1, max-image-preview:large, max-video-preview:-1\" \/>\n<link rel=\"canonical\" href=\"https:\/\/www.dendorfer-herrmann.de\/herre\/stellenangebote\/\" \/>\n<meta property=\"og:locale\" content=\"de_DE\" \/>\n<meta property=\"og:type\" content=\"article\" \/>\n<meta property=\"og:title\" content=\"Stellenangebote - Patentanwalt Dipl.-Ing. Peter Herre\" \/>\n<meta property=\"og:description\" content=\"Stellenangebote Unsere Kanzlei w\u00e4chst. Wir m\u00f6chten daher eine Universit\u00e4tsabsolventin \/ einen Universit\u00e4tsabsolventen der Fachrichtung Informatik, Elektrotechnik oder Physik zur Patentanw\u00e4ltin \/ zum Patentanwalt ausbilden. Voraussetzungen sind breit angelegtes technisches Interesse, Freude an exakter Arbeit, sprachliche Gewandtheit und ausgezeichnete Englischkenntnisse. Wir bieten eine vielseitige und intensive Ausbildung in direktem Kontakt mit den Partnern. Unsere Mandanten sind [&hellip;]\" \/>\n<meta property=\"og:url\" content=\"https:\/\/www.dendorfer-herrmann.de\/herre\/stellenangebote\" \/>\n<meta property=\"og:site_name\" content=\"Patentanwalt Dipl.-Ing. Peter Herre\" \/>\n<meta property=\"article:modified_time\" content=\"2021-05-02T10:54:15+00:00\" \/>\n<meta name=\"twitter:card\" content=\"summary_large_image\" \/>\n<meta name=\"twitter:label1\" content=\"Gesch\u00e4tzte Lesezeit\" \/>\n\t<meta name=\"twitter:data1\" content=\"1\u00a0Minute\" \/>\n<script type=\"application\/ld+json\" class=\"yoast-schema-graph\">{\"@context\":\"https:\/\/schema.org\",\"@graph\":[{\"@type\":\"WebPage\",\"@id\":\"https:\/\/www.dendorfer-herrmann.de\/herre\/stellenangebote\/\",\"url\":\"https:\/\/www.dendorfer-herrmann.de\/herre\/stellenangebote\/\",\"name\":\"Stellenangebote - Patentanwalt Dipl.-Ing. Peter Herre\",\"isPartOf\":{\"@id\":\"https:\/\/www.dendorfer-herrmann.de\/herre\/#website\"},\"datePublished\":\"2020-08-12T16:40:30+00:00\",\"dateModified\":\"2021-05-02T10:54:15+00:00\",\"breadcrumb\":{\"@id\":\"https:\/\/www.dendorfer-herrmann.de\/herre\/stellenangebote\/#breadcrumb\"},\"inLanguage\":\"de\",\"potentialAction\":[{\"@type\":\"ReadAction\",\"target\":[\"https:\/\/www.dendorfer-herrmann.de\/herre\/stellenangebote\/\"]}]},{\"@type\":\"BreadcrumbList\",\"@id\":\"https:\/\/www.dendorfer-herrmann.de\/herre\/stellenangebote\/#breadcrumb\",\"itemListElement\":[{\"@type\":\"ListItem\",\"position\":1,\"name\":\"Stellenangebote\",\"item\":\"https:\/\/www.dendorfer-herrmann.de\/herre\/stellenangebote\/\"},{\"@type\":\"ListItem\",\"position\":2,\"name\":\"Stellenangebote\"}]},{\"@type\":\"WebSite\",\"@id\":\"https:\/\/www.dendorfer-herrmann.de\/herre\/#website\",\"url\":\"https:\/\/www.dendorfer-herrmann.de\/herre\/\",\"name\":\"Patentanwalt Dipl.-Ing. Peter Herre\",\"description\":\"Patentanwalt Dipl.-Ing. Peter Herre\",\"potentialAction\":[{\"@type\":\"SearchAction\",\"target\":{\"@type\":\"EntryPoint\",\"urlTemplate\":\"https:\/\/www.dendorfer-herrmann.de\/herre\/?s={search_term_string}\"},\"query-input\":{\"@type\":\"PropertyValueSpecification\",\"valueRequired\":true,\"valueName\":\"search_term_string\"}}],\"inLanguage\":\"de\"}]}<\/script>\n<!-- \/ Yoast SEO plugin. -->","yoast_head_json":{"title":"Stellenangebote - Patentanwalt Dipl.-Ing. Peter Herre","robots":{"index":"index","follow":"follow","max-snippet":"max-snippet:-1","max-image-preview":"max-image-preview:large","max-video-preview":"max-video-preview:-1"},"canonical":"https:\/\/www.dendorfer-herrmann.de\/herre\/stellenangebote\/","og_locale":"de_DE","og_type":"article","og_title":"Stellenangebote - Patentanwalt Dipl.-Ing. Peter Herre","og_description":"Stellenangebote Unsere Kanzlei w\u00e4chst. Wir m\u00f6chten daher eine Universit\u00e4tsabsolventin \/ einen Universit\u00e4tsabsolventen der Fachrichtung Informatik, Elektrotechnik oder Physik zur Patentanw\u00e4ltin \/ zum Patentanwalt ausbilden. Voraussetzungen sind breit angelegtes technisches Interesse, Freude an exakter Arbeit, sprachliche Gewandtheit und ausgezeichnete Englischkenntnisse. Wir bieten eine vielseitige und intensive Ausbildung in direktem Kontakt mit den Partnern. Unsere Mandanten sind [&hellip;]","og_url":"https:\/\/www.dendorfer-herrmann.de\/herre\/stellenangebote","og_site_name":"Patentanwalt Dipl.-Ing. Peter Herre","article_modified_time":"2021-05-02T10:54:15+00:00","twitter_card":"summary_large_image","twitter_misc":{"Gesch\u00e4tzte Lesezeit":"1\u00a0Minute"},"schema":{"@context":"https:\/\/schema.org","@graph":[{"@type":"WebPage","@id":"https:\/\/www.dendorfer-herrmann.de\/herre\/stellenangebote\/","url":"https:\/\/www.dendorfer-herrmann.de\/herre\/stellenangebote\/","name":"Stellenangebote - Patentanwalt Dipl.-Ing. Peter Herre","isPartOf":{"@id":"https:\/\/www.dendorfer-herrmann.de\/herre\/#website"},"datePublished":"2020-08-12T16:40:30+00:00","dateModified":"2021-05-02T10:54:15+00:00","breadcrumb":{"@id":"https:\/\/www.dendorfer-herrmann.de\/herre\/stellenangebote\/#breadcrumb"},"inLanguage":"de","potentialAction":[{"@type":"ReadAction","target":["https:\/\/www.dendorfer-herrmann.de\/herre\/stellenangebote\/"]}]},{"@type":"BreadcrumbList","@id":"https:\/\/www.dendorfer-herrmann.de\/herre\/stellenangebote\/#breadcrumb","itemListElement":[{"@type":"ListItem","position":1,"name":"Stellenangebote","item":"https:\/\/www.dendorfer-herrmann.de\/herre\/stellenangebote\/"},{"@type":"ListItem","position":2,"name":"Stellenangebote"}]},{"@type":"WebSite","@id":"https:\/\/www.dendorfer-herrmann.de\/herre\/#website","url":"https:\/\/www.dendorfer-herrmann.de\/herre\/","name":"Patentanwalt Dipl.-Ing. Peter Herre","description":"Patentanwalt Dipl.-Ing. Peter Herre","potentialAction":[{"@type":"SearchAction","target":{"@type":"EntryPoint","urlTemplate":"https:\/\/www.dendorfer-herrmann.de\/herre\/?s={search_term_string}"},"query-input":{"@type":"PropertyValueSpecification","valueRequired":true,"valueName":"search_term_string"}}],"inLanguage":"de"}]}},"_links":{"self":[{"href":"https:\/\/www.dendorfer-herrmann.de\/herre\/wp-json\/wp\/v2\/pages\/1168"}],"collection":[{"href":"https:\/\/www.dendorfer-herrmann.de\/herre\/wp-json\/wp\/v2\/pages"}],"about":[{"href":"https:\/\/www.dendorfer-herrmann.de\/herre\/wp-json\/wp\/v2\/types\/page"}],"author":[{"embeddable":true,"href":"https:\/\/www.dendorfer-herrmann.de\/herre\/wp-json\/wp\/v2\/users\/2"}],"replies":[{"embeddable":true,"href":"https:\/\/www.dendorfer-herrmann.de\/herre\/wp-json\/wp\/v2\/comments?post=1168"}],"version-history":[{"count":1,"href":"https:\/\/www.dendorfer-herrmann.de\/herre\/wp-json\/wp\/v2\/pages\/1168\/revisions"}],"predecessor-version":[{"id":27323,"href":"https:\/\/www.dendorfer-herrmann.de\/herre\/wp-json\/wp\/v2\/pages\/1168\/revisions\/27323"}],"wp:attachment":[{"href":"https:\/\/www.dendorfer-herrmann.de\/herre\/wp-json\/wp\/v2\/media?parent=1168"}],"curies":[{"name":"wp","href":"https:\/\/api.w.org\/{rel}","templated":true}]}}