{"id":5896,"date":"2020-09-04T04:29:40","date_gmt":"2020-09-04T03:29:40","guid":{"rendered":"https:\/\/www.dendorfer-herrmann.de\/?page_id=5896"},"modified":"2021-05-21T10:17:04","modified_gmt":"2021-05-21T09:17:04","slug":"palettenboerse-vs-domaingrabber-aufloesung","status":"publish","type":"page","link":"https:\/\/www.dendorfer-herrmann.de\/herre\/dienstleistungen\/marken\/marken-rallye\/palettenboerse-vs-domaingrabber\/palettenboerse-vs-domaingrabber-aufloesung","title":{"rendered":"Palettenb\u00f6rse vs. Domaingrabber &#8211; Aufl\u00f6sung"},"content":{"rendered":"<h1>Palettenb\u00f6rse vs. Domaingrabber<\/h1>\n<h2>Aufl\u00f6sung zeigen<\/h2>\n<h4>In welchem Land ist die Klage des \u00f6sterreichischen Unternehmens gegen Herrn K. auf Domain Grabbing zul\u00e4ssig?<\/h4>\n<div>\n<p>        <img decoding=\"async\" src=\"\/herre\/wp-content\/uploads\/sites\/8\/2020\/08\/cars.png\" alt=\"\"><\/p>\n<h3>Die Klage des \u00f6sterreichischen Unternehmens ist vor einem \u00f6sterreichischen Gericht zul\u00e4ssig.<\/h3>\n<\/div>\n<div>\n<p><strong>Beschluss des Obersten Gerichtshofs<\/strong> 17 Ob 2\/07d (\u00d6sterreich):<\/p>\n<p>Das Verfahren kann in \u00d6sterreich durchgef\u00fchrt werden.<\/p>\n<p>Bei Verletzungen durch Verwendung einer Marke auf einer Webseite trete der Schaden \u00fcberall dort ein, wo die Webseite aufgerufen werden k\u00f6nne. Der Schaden ist in \u00d6sterreich eingetreten, deshalb sind \u00f6sterreichische Gerichte auch f\u00fcr den Fall verantwortlich.<\/p>\n<p><strong>Begr\u00fcndung:<\/strong> Kann die Kl\u00e4gerin (die Firma) ihr Zeichen nicht registrieren lassen, weil der Beklagte eine entsprechende Registrierung erwirkt hat und nur gegen Zahlung eines Abl\u00f6sebetrags zur \u00dcbertragung der Domain bereit ist, so wird die Kl\u00e4gerin in ihrem Wettbewerb behindert. Diese Behinderung und damit der durch die unlautere Handlung des Beklagten drohende Schaden tritt am Sitz der Kl\u00e4gerin ein.<\/p>\n<p>Quelle: OGH, Beschluss vom 05.04.2005, 4 Ob 13\/05y (\u00d6sterreich ) und OGH, Beschluss vom 20.3.2007, 17 Ob 2\/07d (\u00d6sterreich)<\/p>\n<\/div>\n<div>\n<h3>NEBENBEI BEMERKT<\/h3>\n<div>\n<p>Eine Abfrage des \u00d6sterreichischen Markenregisters ergibt, dass die Anmeldung zur Wortmarke \u201ePalettenb\u00f6rse\u201c letztendlich nicht erfolgreich war (Anmeldenummer 2234\/2003).<\/p>\n<p>Warum wohl?<\/p>\n<p>\u201ePalettenb\u00f6rse\u201c ist ein glatt beschreibender Begriff f\u00fcr ein Unternehmen, das mit Paletten handelt.<br \/>Trotzdem zeigt die Domain palettenb\u00f6rse.com auf die Firmenwebseite palettenboerse.com. Hier ist also die Entscheidung nicht auf Grund des Markenrechts, sondern des Wettbewerbsrechts gefallen.<\/p>\n<\/div>\n<\/div>\n<p>\n    <a href=\"https:\/\/www.dendorfer-herrmann.de\/herre\/dienstleistungen\/marken\/marken-rallye\/porsche-carrera-vs-carrera\">Weiter zur Runde 3<\/a>\n<\/p>\n<p><!--more--><br \/>\n<!-- {\"name\":\"rallye\",\"type\":\"layout\",\"children\":[{\"type\":\"section\",\"props\":{\"style\":\"default\",\"width\":\"default\",\"vertical_align\":\"middle\",\"title_position\":\"top-left\",\"title_rotation\":\"left\",\"title_breakpoint\":\"xl\",\"image_position\":\"center-center\",\"padding_remove_top\":false,\"padding_remove_bottom\":false,\"padding\":\"xsmall\"},\"children\":[{\"type\":\"row\",\"children\":[{\"type\":\"column\",\"props\":{\"image_position\":\"center-center\",\"media_overlay_gradient\":\"\"},\"children\":[{\"type\":\"breadcrumbs\",\"props\":{\"show_home\":true,\"show_current\":false,\"home_text\":\"Home\"}}]}]}],\"modified\":\"2021-05-21T08:55:35.040Z\",\"name\":\"Breadcrumb\"},{\"type\":\"section\",\"props\":{\"style\":\"primary\",\"width\":\"default\",\"vertical_align\":\"middle\",\"title_position\":\"top-left\",\"title_rotation\":\"left\",\"title_breakpoint\":\"xl\",\"image_position\":\"center-center\",\"image\":\"wp-content\\\/uploads\\\/sites\\\/8\\\/2020\\\/08\\\/markenrallye-scaled.jpg\",\"image_size\":\"cover\",\"media_background\":\"#1D1D1D\",\"media_overlay\":\"rgba(22, 22, 22, 0.27)\",\"css\":\".el-section * {text-shadow:2px 2px 2px rgba(0,0,0,0.5);}\"},\"children\":[{\"type\":\"row\",\"children\":[{\"type\":\"column\",\"props\":{\"image_position\":\"center-center\",\"media_overlay_gradient\":\"\"},\"children\":[{\"type\":\"headline\",\"props\":{\"title_element\":\"h1\",\"content\":\"Palettenb\\u00f6rse vs. Domaingrabber\",\"title_style\":\"heading-medium\",\"margin_remove_bottom\":true,\"title_decoration\":\"line\"}},{\"type\":\"headline\",\"props\":{\"title_element\":\"h2\",\"content\":\"Aufl\\u00f6sung zeigen\",\"margin_remove_top\":true}}]}]}]},{\"type\":\"section\",\"props\":{\"style\":\"default\",\"width\":\"default\",\"vertical_align\":\"middle\",\"title_position\":\"top-left\",\"title_rotation\":\"left\",\"title_breakpoint\":\"xl\",\"image_position\":\"center-center\"},\"children\":[{\"type\":\"row\",\"children\":[{\"type\":\"column\",\"props\":{\"image_position\":\"center-center\",\"media_overlay_gradient\":\"\"},\"children\":[{\"type\":\"headline\",\"props\":{\"title_element\":\"h4\",\"content\":\"In welchem Land ist die Klage des \\u00f6sterreichischen Unternehmens gegen Herrn K. auf Domain Grabbing zul\\u00e4ssig?\",\"title_decoration\":\"bullet\",\"class\":\"bluebullet\"}}]}]}]},{\"type\":\"section\",\"props\":{\"style\":\"default\",\"width\":\"default\",\"vertical_align\":\"middle\",\"title_position\":\"top-left\",\"title_rotation\":\"left\",\"title_breakpoint\":\"xl\",\"image_position\":\"center-center\",\"class\":\"green\"},\"children\":[{\"type\":\"row\",\"children\":[{\"type\":\"column\",\"props\":{\"image_position\":\"center-center\",\"media_overlay_gradient\":\"\",\"width_medium\":\"\",\"vertical_align\":\"middle\"},\"children\":[{\"type\":\"panel\",\"props\":{\"link_text\":\"Read more\",\"title_hover_style\":\"reset\",\"title_element\":\"h3\",\"title_align\":\"top\",\"title_grid_width\":\"1-2\",\"title_grid_breakpoint\":\"m\",\"meta_style\":\"meta\",\"meta_align\":\"below-title\",\"meta_element\":\"div\",\"content_column_breakpoint\":\"m\",\"icon_width\":80,\"image_align\":\"left\",\"image_grid_width\":\"medium\",\"image_grid_breakpoint\":\"m\",\"image_svg_color\":\"emphasis\",\"link_style\":\"default\",\"margin\":\"default\",\"title\":\"Die Klage des \\u00f6sterreichischen Unternehmens ist vor einem \\u00f6sterreichischen Gericht zul\\u00e4ssig.\",\"image\":\"wp-content\\\/uploads\\\/sites\\\/8\\\/2020\\\/08\\\/cars.png\",\"title_style\":\"heading-small\"}}]}]}]},{\"type\":\"section\",\"props\":{\"style\":\"default\",\"width\":\"default\",\"vertical_align\":\"middle\",\"title_position\":\"top-left\",\"title_rotation\":\"left\",\"title_breakpoint\":\"xl\",\"image_position\":\"center-center\"},\"children\":[{\"type\":\"row\",\"children\":[{\"type\":\"column\",\"props\":{\"image_position\":\"center-center\",\"media_overlay_gradient\":\"\"},\"children\":[{\"type\":\"text\",\"props\":{\"margin\":\"default\",\"column_breakpoint\":\"m\",\"content\":\"\n\n<p><strong>Beschluss des Obersten Gerichtshofs<\\\/strong> 17 Ob 2\\\/07d (\\u00d6sterreich):<\\\/p>\\n\n\n<p>Das Verfahren kann in \\u00d6sterreich durchgef\\u00fchrt werden.<\\\/p>\\n\n\n<p>Bei Verletzungen durch Verwendung einer Marke auf einer Webseite trete der Schaden \\u00fcberall dort ein, wo die Webseite aufgerufen werden k\\u00f6nne. Der Schaden ist in \\u00d6sterreich eingetreten, deshalb sind \\u00f6sterreichische Gerichte auch f\\u00fcr den Fall verantwortlich.<\\\/p>\\n\n\n<p><strong>Begr\\u00fcndung:<\\\/strong> Kann die Kl\\u00e4gerin (die Firma) ihr Zeichen nicht registrieren lassen, weil der Beklagte eine entsprechende Registrierung erwirkt hat und nur gegen Zahlung eines Abl\\u00f6sebetrags zur \\u00dcbertragung der Domain bereit ist, so wird die Kl\\u00e4gerin in ihrem Wettbewerb behindert. Diese Behinderung und damit der durch die unlautere Handlung des Beklagten drohende Schaden tritt am Sitz der Kl\\u00e4gerin ein.<\\\/p>\\n\n\n<p>Quelle: OGH, Beschluss vom 05.04.2005, 4 Ob 13\\\/05y (\\u00d6sterreich ) und OGH, Beschluss vom 20.3.2007, 17 Ob 2\\\/07d (\\u00d6sterreich)<\\\/p>\"}}]}]}]},{\"type\":\"section\",\"props\":{\"style\":\"secondary\",\"width\":\"default\",\"vertical_align\":\"middle\",\"title_position\":\"top-left\",\"title_rotation\":\"left\",\"title_breakpoint\":\"xl\",\"image_position\":\"center-center\"},\"children\":[{\"type\":\"row\",\"children\":[{\"type\":\"column\",\"props\":{\"image_position\":\"center-center\",\"media_overlay_gradient\":\"\"},\"children\":[{\"type\":\"panel\",\"props\":{\"link_text\":\"Read more\",\"title_hover_style\":\"reset\",\"title_element\":\"h3\",\"title_align\":\"top\",\"title_grid_width\":\"1-2\",\"title_grid_breakpoint\":\"m\",\"meta_style\":\"meta\",\"meta_align\":\"below-title\",\"meta_element\":\"div\",\"content_column_breakpoint\":\"m\",\"icon_width\":80,\"image_align\":\"left\",\"image_grid_width\":\"small\",\"image_grid_breakpoint\":\"m\",\"image_svg_color\":\"emphasis\",\"link_style\":\"default\",\"margin\":\"default\",\"title\":\"NEBENBEI BEMERKT\",\"content\":\"\n\n<p>Eine Abfrage des \\u00d6sterreichischen Markenregisters ergibt, dass die Anmeldung zur Wortmarke \\u201ePalettenb\\u00f6rse\\u201c letztendlich nicht erfolgreich war (Anmeldenummer 2234\\\/2003).<\\\/p>\\n\n\n<p>Warum wohl?<\\\/p>\\n\n\n<p>\\u201ePalettenb\\u00f6rse\\u201c ist ein glatt beschreibender Begriff f\\u00fcr ein Unternehmen, das mit Paletten handelt.<br \\\/>Trotzdem zeigt die Domain palettenb\\u00f6rse.com auf die Firmenwebseite palettenboerse.com. Hier ist also die Entscheidung nicht auf Grund des Markenrechts, sondern des Wettbewerbsrechts gefallen.<\\\/p>\",\"icon\":\"warning\",\"icon_color\":\"danger\"}}]}]}]},{\"type\":\"section\",\"props\":{\"style\":\"default\",\"width\":\"default\",\"vertical_align\":\"middle\",\"title_position\":\"top-left\",\"title_rotation\":\"left\",\"title_breakpoint\":\"xl\",\"image_position\":\"center-center\"},\"children\":[{\"type\":\"row\",\"children\":[{\"type\":\"column\",\"props\":{\"image_position\":\"center-center\",\"media_overlay_gradient\":\"\"},\"children\":[{\"type\":\"button\",\"props\":{\"grid_column_gap\":\"small\",\"grid_row_gap\":\"small\",\"margin\":\"default\",\"class\":\"bluebutton\",\"button_size\":\"large\",\"text_align\":\"center\"},\"children\":[{\"type\":\"button_item\",\"props\":{\"button_style\":\"primary\",\"icon_align\":\"right\",\"content\":\"Weiter zur Runde 3\",\"icon\":\"triangle-right\",\"link\":\"dienstleistungen\\\/marken\\\/marken-rallye\\\/porsche-carrera-vs-carrera\"}}]}]}]}]}],\"version\":\"2.4.14\"} --><\/p>\n","protected":false},"excerpt":{"rendered":"<p>Palettenb\u00f6rse vs. Domaingrabber Aufl\u00f6sung zeigen In welchem Land ist die Klage des \u00f6sterreichischen Unternehmens gegen Herrn K. auf Domain Grabbing zul\u00e4ssig? Die Klage des \u00f6sterreichischen Unternehmens ist vor einem \u00f6sterreichischen Gericht zul\u00e4ssig. Beschluss des Obersten Gerichtshofs 17 Ob 2\/07d (\u00d6sterreich): Das Verfahren kann in \u00d6sterreich durchgef\u00fchrt werden. Bei Verletzungen durch Verwendung einer Marke auf einer [&hellip;]<\/p>\n","protected":false},"author":2,"featured_media":0,"parent":5577,"menu_order":0,"comment_status":"closed","ping_status":"closed","template":"","meta":{"footnotes":""},"class_list":["post-5896","page","type-page","status-publish","hentry"],"yoast_head":"<!-- This site is optimized with the Yoast SEO plugin v25.6 - https:\/\/yoast.com\/wordpress\/plugins\/seo\/ -->\n<title>Palettenb\u00f6rse vs. Domaingrabber - Aufl\u00f6sung - Patentanwalt Dipl.-Ing. Peter Herre<\/title>\n<meta name=\"robots\" content=\"index, follow, max-snippet:-1, max-image-preview:large, max-video-preview:-1\" \/>\n<link rel=\"canonical\" href=\"https:\/\/www.dendorfer-herrmann.de\/herre\/en\/dienstleistungen\/marken\/marken-rallye\/palettenboerse-vs-domaingrabber\/palettenboerse-vs-domaingrabber-aufloesung\/\" \/>\n<meta property=\"og:locale\" content=\"en_US\" \/>\n<meta property=\"og:type\" content=\"article\" \/>\n<meta property=\"og:title\" content=\"Palettenb\u00f6rse vs. Domaingrabber - Aufl\u00f6sung - Patentanwalt Dipl.-Ing. Peter Herre\" \/>\n<meta property=\"og:description\" content=\"Palettenb\u00f6rse vs. Domaingrabber Aufl\u00f6sung zeigen In welchem Land ist die Klage des \u00f6sterreichischen Unternehmens gegen Herrn K. auf Domain Grabbing zul\u00e4ssig? Die Klage des \u00f6sterreichischen Unternehmens ist vor einem \u00f6sterreichischen Gericht zul\u00e4ssig. Beschluss des Obersten Gerichtshofs 17 Ob 2\/07d (\u00d6sterreich): Das Verfahren kann in \u00d6sterreich durchgef\u00fchrt werden. Bei Verletzungen durch Verwendung einer Marke auf einer [&hellip;]\" \/>\n<meta property=\"og:url\" content=\"https:\/\/www.dendorfer-herrmann.de\/herre\/dienstleistungen\/marken\/marken-rallye\/palettenboerse-vs-domaingrabber\/palettenboerse-vs-domaingrabber-aufloesung\" \/>\n<meta property=\"og:site_name\" content=\"Patentanwalt Dipl.-Ing. Peter Herre\" \/>\n<meta property=\"article:modified_time\" content=\"2021-05-21T09:17:04+00:00\" \/>\n<meta name=\"twitter:card\" content=\"summary_large_image\" \/>\n<meta name=\"twitter:label1\" content=\"Est. reading time\" \/>\n\t<meta name=\"twitter:data1\" content=\"1 minute\" \/>\n<script type=\"application\/ld+json\" class=\"yoast-schema-graph\">{\"@context\":\"https:\/\/schema.org\",\"@graph\":[{\"@type\":\"WebPage\",\"@id\":\"https:\/\/www.dendorfer-herrmann.de\/herre\/dienstleistungen\/marken\/marken-rallye\/palettenboerse-vs-domaingrabber\/palettenboerse-vs-domaingrabber-aufloesung\",\"url\":\"https:\/\/www.dendorfer-herrmann.de\/herre\/dienstleistungen\/marken\/marken-rallye\/palettenboerse-vs-domaingrabber\/palettenboerse-vs-domaingrabber-aufloesung\",\"name\":\"Palettenb\u00f6rse vs. Domaingrabber - Aufl\u00f6sung - Patentanwalt Dipl.-Ing. Peter Herre\",\"isPartOf\":{\"@id\":\"https:\/\/www.dendorfer-herrmann.de\/herre\/en\/#website\"},\"datePublished\":\"2020-09-04T03:29:40+00:00\",\"dateModified\":\"2021-05-21T09:17:04+00:00\",\"breadcrumb\":{\"@id\":\"https:\/\/www.dendorfer-herrmann.de\/herre\/dienstleistungen\/marken\/marken-rallye\/palettenboerse-vs-domaingrabber\/palettenboerse-vs-domaingrabber-aufloesung#breadcrumb\"},\"inLanguage\":\"en-US\",\"potentialAction\":[{\"@type\":\"ReadAction\",\"target\":[\"https:\/\/www.dendorfer-herrmann.de\/herre\/dienstleistungen\/marken\/marken-rallye\/palettenboerse-vs-domaingrabber\/palettenboerse-vs-domaingrabber-aufloesung\"]}]},{\"@type\":\"BreadcrumbList\",\"@id\":\"https:\/\/www.dendorfer-herrmann.de\/herre\/dienstleistungen\/marken\/marken-rallye\/palettenboerse-vs-domaingrabber\/palettenboerse-vs-domaingrabber-aufloesung#breadcrumb\",\"itemListElement\":[{\"@type\":\"ListItem\",\"position\":1,\"name\":\"Leistungen\",\"item\":\"https:\/\/www.dendorfer-herrmann.de\/herre\/en\/dienstleistungen\/\"},{\"@type\":\"ListItem\",\"position\":2,\"name\":\"Services\",\"item\":\"https:\/\/www.dendorfer-herrmann.de\/herre\/en\/services\/\"},{\"@type\":\"ListItem\",\"position\":3,\"name\":\"Marken\",\"item\":\"https:\/\/www.dendorfer-herrmann.de\/herre\/dienstleistungen\/marken\"},{\"@type\":\"ListItem\",\"position\":4,\"name\":\"Marken-Rallye\",\"item\":\"https:\/\/www.dendorfer-herrmann.de\/herre\/dienstleistungen\/marken\/marken-rallye\"},{\"@type\":\"ListItem\",\"position\":5,\"name\":\"Palettenb\u00f6rse vs. Domaingrabber?\",\"item\":\"https:\/\/www.dendorfer-herrmann.de\/herre\/dienstleistungen\/marken\/marken-rallye\/palettenboerse-vs-domaingrabber\"},{\"@type\":\"ListItem\",\"position\":6,\"name\":\"Palettenb\u00f6rse vs. Domaingrabber &#8211; Aufl\u00f6sung\"}]},{\"@type\":\"WebSite\",\"@id\":\"https:\/\/www.dendorfer-herrmann.de\/herre\/en\/#website\",\"url\":\"https:\/\/www.dendorfer-herrmann.de\/herre\/en\/\",\"name\":\"Patentanwalt Dipl.-Ing. Peter Herre\",\"description\":\"Patentanwalt Dipl.-Ing. Peter Herre\",\"potentialAction\":[{\"@type\":\"SearchAction\",\"target\":{\"@type\":\"EntryPoint\",\"urlTemplate\":\"https:\/\/www.dendorfer-herrmann.de\/herre\/en\/?s={search_term_string}\"},\"query-input\":{\"@type\":\"PropertyValueSpecification\",\"valueRequired\":true,\"valueName\":\"search_term_string\"}}],\"inLanguage\":\"en-US\"}]}<\/script>\n<!-- \/ Yoast SEO plugin. -->","yoast_head_json":{"title":"Palettenb\u00f6rse vs. Domaingrabber - Aufl\u00f6sung - Patentanwalt Dipl.-Ing. Peter Herre","robots":{"index":"index","follow":"follow","max-snippet":"max-snippet:-1","max-image-preview":"max-image-preview:large","max-video-preview":"max-video-preview:-1"},"canonical":"https:\/\/www.dendorfer-herrmann.de\/herre\/en\/dienstleistungen\/marken\/marken-rallye\/palettenboerse-vs-domaingrabber\/palettenboerse-vs-domaingrabber-aufloesung\/","og_locale":"en_US","og_type":"article","og_title":"Palettenb\u00f6rse vs. Domaingrabber - Aufl\u00f6sung - Patentanwalt Dipl.-Ing. Peter Herre","og_description":"Palettenb\u00f6rse vs. Domaingrabber Aufl\u00f6sung zeigen In welchem Land ist die Klage des \u00f6sterreichischen Unternehmens gegen Herrn K. auf Domain Grabbing zul\u00e4ssig? Die Klage des \u00f6sterreichischen Unternehmens ist vor einem \u00f6sterreichischen Gericht zul\u00e4ssig. Beschluss des Obersten Gerichtshofs 17 Ob 2\/07d (\u00d6sterreich): Das Verfahren kann in \u00d6sterreich durchgef\u00fchrt werden. Bei Verletzungen durch Verwendung einer Marke auf einer [&hellip;]","og_url":"https:\/\/www.dendorfer-herrmann.de\/herre\/dienstleistungen\/marken\/marken-rallye\/palettenboerse-vs-domaingrabber\/palettenboerse-vs-domaingrabber-aufloesung","og_site_name":"Patentanwalt Dipl.-Ing. Peter Herre","article_modified_time":"2021-05-21T09:17:04+00:00","twitter_card":"summary_large_image","twitter_misc":{"Est. reading time":"1 minute"},"schema":{"@context":"https:\/\/schema.org","@graph":[{"@type":"WebPage","@id":"https:\/\/www.dendorfer-herrmann.de\/herre\/dienstleistungen\/marken\/marken-rallye\/palettenboerse-vs-domaingrabber\/palettenboerse-vs-domaingrabber-aufloesung","url":"https:\/\/www.dendorfer-herrmann.de\/herre\/dienstleistungen\/marken\/marken-rallye\/palettenboerse-vs-domaingrabber\/palettenboerse-vs-domaingrabber-aufloesung","name":"Palettenb\u00f6rse vs. Domaingrabber - Aufl\u00f6sung - Patentanwalt Dipl.-Ing. Peter Herre","isPartOf":{"@id":"https:\/\/www.dendorfer-herrmann.de\/herre\/en\/#website"},"datePublished":"2020-09-04T03:29:40+00:00","dateModified":"2021-05-21T09:17:04+00:00","breadcrumb":{"@id":"https:\/\/www.dendorfer-herrmann.de\/herre\/dienstleistungen\/marken\/marken-rallye\/palettenboerse-vs-domaingrabber\/palettenboerse-vs-domaingrabber-aufloesung#breadcrumb"},"inLanguage":"en-US","potentialAction":[{"@type":"ReadAction","target":["https:\/\/www.dendorfer-herrmann.de\/herre\/dienstleistungen\/marken\/marken-rallye\/palettenboerse-vs-domaingrabber\/palettenboerse-vs-domaingrabber-aufloesung"]}]},{"@type":"BreadcrumbList","@id":"https:\/\/www.dendorfer-herrmann.de\/herre\/dienstleistungen\/marken\/marken-rallye\/palettenboerse-vs-domaingrabber\/palettenboerse-vs-domaingrabber-aufloesung#breadcrumb","itemListElement":[{"@type":"ListItem","position":1,"name":"Leistungen","item":"https:\/\/www.dendorfer-herrmann.de\/herre\/en\/dienstleistungen\/"},{"@type":"ListItem","position":2,"name":"Services","item":"https:\/\/www.dendorfer-herrmann.de\/herre\/en\/services\/"},{"@type":"ListItem","position":3,"name":"Marken","item":"https:\/\/www.dendorfer-herrmann.de\/herre\/dienstleistungen\/marken"},{"@type":"ListItem","position":4,"name":"Marken-Rallye","item":"https:\/\/www.dendorfer-herrmann.de\/herre\/dienstleistungen\/marken\/marken-rallye"},{"@type":"ListItem","position":5,"name":"Palettenb\u00f6rse vs. Domaingrabber?","item":"https:\/\/www.dendorfer-herrmann.de\/herre\/dienstleistungen\/marken\/marken-rallye\/palettenboerse-vs-domaingrabber"},{"@type":"ListItem","position":6,"name":"Palettenb\u00f6rse vs. Domaingrabber &#8211; Aufl\u00f6sung"}]},{"@type":"WebSite","@id":"https:\/\/www.dendorfer-herrmann.de\/herre\/en\/#website","url":"https:\/\/www.dendorfer-herrmann.de\/herre\/en\/","name":"Patentanwalt Dipl.-Ing. Peter Herre","description":"Patentanwalt Dipl.-Ing. Peter Herre","potentialAction":[{"@type":"SearchAction","target":{"@type":"EntryPoint","urlTemplate":"https:\/\/www.dendorfer-herrmann.de\/herre\/en\/?s={search_term_string}"},"query-input":{"@type":"PropertyValueSpecification","valueRequired":true,"valueName":"search_term_string"}}],"inLanguage":"en-US"}]}},"_links":{"self":[{"href":"https:\/\/www.dendorfer-herrmann.de\/herre\/en\/wp-json\/wp\/v2\/pages\/5896"}],"collection":[{"href":"https:\/\/www.dendorfer-herrmann.de\/herre\/en\/wp-json\/wp\/v2\/pages"}],"about":[{"href":"https:\/\/www.dendorfer-herrmann.de\/herre\/en\/wp-json\/wp\/v2\/types\/page"}],"author":[{"embeddable":true,"href":"https:\/\/www.dendorfer-herrmann.de\/herre\/en\/wp-json\/wp\/v2\/users\/2"}],"replies":[{"embeddable":true,"href":"https:\/\/www.dendorfer-herrmann.de\/herre\/en\/wp-json\/wp\/v2\/comments?post=5896"}],"version-history":[{"count":4,"href":"https:\/\/www.dendorfer-herrmann.de\/herre\/en\/wp-json\/wp\/v2\/pages\/5896\/revisions"}],"predecessor-version":[{"id":27880,"href":"https:\/\/www.dendorfer-herrmann.de\/herre\/en\/wp-json\/wp\/v2\/pages\/5896\/revisions\/27880"}],"up":[{"embeddable":true,"href":"https:\/\/www.dendorfer-herrmann.de\/herre\/en\/wp-json\/wp\/v2\/pages\/5577"}],"wp:attachment":[{"href":"https:\/\/www.dendorfer-herrmann.de\/herre\/en\/wp-json\/wp\/v2\/media?parent=5896"}],"curies":[{"name":"wp","href":"https:\/\/api.w.org\/{rel}","templated":true}]}}